{"id":9774,"date":"2021-12-19T16:58:27","date_gmt":"2021-12-19T16:58:27","guid":{"rendered":"https:\/\/vistulahospitality.edu.pl\/nauka-i-badania\/inicjatywy-otwartej-nauki\/"},"modified":"2022-08-02T00:08:19","modified_gmt":"2022-08-02T00:08:19","slug":"reliability-of-scientific-research","status":"publish","type":"page","link":"https:\/\/vistulahospitality.edu.pl\/en\/science-and-research\/reliability-of-scientific-research","title":{"rendered":"Reliability of scientific research"},"content":{"rendered":"\n\n<section class=\" o-section c-candidate-inf\" id=\"\">\n  <div class=\"o-wrapper c-candidate-inf__container\">\n        <div class=\"c-candidate-inf__blocks-wrapper  c-candidate-inf__blocks-wrapper--paddin-none\">\n                <div\n        class=\"c-candidate-inf__inner-block o-flex c-candidate-inf__inner-block--flex \">\n\n        <div\n          class=\"c-candidate-inf__inner-items u-flex-9\/12@medium u-flex-12\/12 \">\n                    <div class=\"c-candidate-inf__header c-candidate-inf__header--inner\">\n                        <h2 class=\"c-heading c-heading--h2 c-candidate-inf__title \">Reliability of scientific research<\/h2>                                              <\/div>\n                              \n<section\n  class=\"o-section c-basic-section    c-basic-section--disable-padding-top-btm \"\n  id=\"\">\n  <div class=\"o-wrapper c-basic-section__container\">\n    \n    <div class=\"c-basic-section__content\">\n                                                  <\/div>\n\n    <div\n      class=\"c-basic-section__content-inner-block  \">\n\n            \n          <\/div>\n  <\/div>\n<\/section>\n\n\n<section\n  class=\"o-section c-basic-section    \"\n  id=\"\">\n  <div class=\"o-wrapper c-basic-section__container\">\n    \n    <div class=\"c-basic-section__content\">\n                                                  <\/div>\n\n    <div\n      class=\"c-basic-section__content-inner-block  \">\n\n            \n\n<p>The integrity and ethics of scientific research in the Vistula School of Hospitality (formerly the Warsaw School of Tourism and Recreation) serves to improve both the quality of education and the level of scientific research, as well as the implementation of ethical, organisational, and legal recommendations contained in the documents of the European Union, as well as models developed in the leading European academic centres. These indications include principles and requirements for scientists, such as:<\/p>\n\n\n\n<ul class=\"wp-block-list\"><li>freedom of scientific research;<\/li><li>ethical patterns specific to individual disciplines, as well as institutional, national, etc.;<\/li><li>professional responsibility, professional approach, knowledge of contractual obligations or regulations;<\/li><li>responsibility \u2013 including financial;<\/li><li>principles of good practice in scientific research \u2013 related to safe methods of performing work, compliance with data protection and confidentiality requirements, and ensuring that research results are disseminated and used;<\/li><li>social involvement;<\/li><li>concern for the tutors about their charges;<\/li><li>the highest standards in the field of supervision and management responsibilities, which should be fulfilled &#8220;in accordance with the highest professional standards&#8221;;<\/li><li>continuing professional development by updating and broadening the scope of skills and qualifications.<\/li><\/ul>\n\n\n\n<p>The following documents form the basis for all staff and authorities, establish principles of responsible behaviour in the work environment, and encourage the perception of each other as professionals. These documents also define numerous rules and requirements for labour and research funding organisations, such as:<\/p>\n\n\n\n<ul class=\"wp-block-list\"><li>the broadly understood principle of non-discrimination;<\/li><li>stimulating research and providing conditions for them;<\/li><li>stabilisation and permanent employment;<\/li><li>fair and attractive remuneration;<\/li><li>creating a strategy conducive to the career development of employees;<\/li><li>recognition of the value of mobility;<\/li><li>providing access to training, the protection of intellectual property rights, scientific supervision over younger scientists, comprehensive employee evaluation system;<\/li><li>definition of appropriate complaint and appeal procedures, and impact on decision-making bodies;<\/li><li>clear definition of standards for the admission of researchers to work.<\/li><\/ul>\n\n\n\n<p>Guided by the accepted rules, the staff of the Vistula School of Hospitality take care of the good image of the School, and try to implement its mission. They show loyalty to the School, adhering to the discipline of employees, helping democratically selected authorities, and helping to build the prestige of the Institution.<\/p>\n\n\n          <\/div>\n  <\/div>\n<\/section>\n\n\n                  <\/div>\n \n                <div class=\"c-candidate-inf__menu u-flex-3\/12@medium u-flex-12\/12 js-candidate-inf-menu\">\n                              <div class=\"c-children-menu c-children-menu--desktop\" style=\"max-height: calc(100vh - 112px); margin-bottom:112px; overflow-y: auto;\">\n  <p class=\"c-children-menu__title u-text--strong u-text--smaller u-font-color--2\">Science and research<\/p>\n\n  \n                            <ul class=\"o-list-bare c-children-menu__list\">\n            <li class=\"c-children-menu__item\" style=\"order: 1;\">\n      <a class=\"c-children-menu__link \"\n        href=\"https:\/\/vistulahospitality.edu.pl\/en\/science-and-research\/conferences\">Conferences<\/a>\n    <\/li>\n        <li class=\"c-children-menu__item\" style=\"order: 2;\">\n      <a class=\"c-children-menu__link  is-active\"\n        href=\"https:\/\/vistulahospitality.edu.pl\/en\/science-and-research\/reliability-of-scientific-research\">Reliability of scientific research<\/a>\n    <\/li>\n        <li class=\"c-children-menu__item\" style=\"order: 3;\">\n      <a class=\"c-children-menu__link \"\n        href=\"https:\/\/vistulahospitality.edu.pl\/en\/science-and-research\/institute-of-tourism\">Institute of Tourism<\/a>\n    <\/li>\n      <\/ul>\n  \n  <\/div>\n  <div class=\"c-button c-button--primary c-button--fixed-pos c-button--with-icon js-prev-section\" style=\"\n    padding-left: 5px; \n    position: sticky;\n    top: calc(100vh - 82px);\n    margin:0 15px 30px;\n    display:none;\n    width:calc(100% - 30px)\">\n    <span class=\"c-icon c-icon--rotate-180\">  \n        <svg width=\"8\" height=\"8\" viewBox=\"0 0 8 8\" fill=\"none\" xmlns=\"http:\/\/www.w3.org\/2000\/svg\">\n<path fill-rule=\"evenodd\" clip-rule=\"evenodd\" d=\"M4 8L0 0L8 0L4 8Z\" fill=\"#ffffff\"\/>\n<\/svg>\n\n    <\/span>Previous section\n  <\/div>\n \n\n<div class=\"c-children-menu c-children-menu--mobile js-select-links\" style=\"align-items:center; justify-content:space-between;\">\n\n  <div class=\"c-button c-button--primary c-button--fixed-pos c-button--with-icon js-prev-section\" style=\"\n    display:none;\n    flex: 0 0 35%; \n    margin: 0!important;\n    margin-top: -8px!important;\">\n    <span class=\"c-icon c-icon--rotate-180\">  \n        <svg width=\"8\" height=\"8\" viewBox=\"0 0 8 8\" fill=\"none\" xmlns=\"http:\/\/www.w3.org\/2000\/svg\">\n<path fill-rule=\"evenodd\" clip-rule=\"evenodd\" d=\"M4 8L0 0L8 0L4 8Z\" fill=\"#ffffff\"\/>\n<\/svg>\n\n    <\/span>Back\n  <\/div>\n                    <div style=\"flex-grow: 1;flex-basis:65%; margin-left:10px \">\n\n    <label class=\"c-label c-label--select\">\n    <span class=\"c-label__title\" id=\"form-input-label--868886\"><\/span>\n        <div class=\"c-select__container\">\n        <select id=\"form-input--868886\" name=\"menu-children\" class=\"c-select js-select\" aria-labelledby=\"form-input-label--868886\">\n                                        <option value=\"\" selected >Science and research<\/option>\n                                                             \n               \n                        \n                                       \n                <option class=\"\" value=\"https:\/\/vistulahospitality.edu.pl\/en\/science-and-research\/conferences\">Conferences<\/option>\n                                                                                     \n            \n                <option class=\"active\" value=\"https:\/\/vistulahospitality.edu.pl\/en\/science-and-research\/reliability-of-scientific-research\">Reliability of scientific research<\/option>\n                                                 \n               \n                        \n                                       \n                <option class=\"\" value=\"https:\/\/vistulahospitality.edu.pl\/en\/science-and-research\/institute-of-tourism\">Institute of Tourism<\/option>\n                    <\/select>\n                    <\/div>\n    <\/label>\n<\/div>\n<\/div>\n\n        <\/div>\n              <\/div>\n      \n    <\/div>\n  <\/div>\n  <\/section>\n\n\n<section\n  class=\"o-section c-basic-section    \"\n  id=\"\">\n  <div class=\"o-wrapper c-basic-section__container\">\n    \n    <div class=\"c-basic-section__content\">\n                                                  <\/div>\n\n    <div\n      class=\"c-basic-section__content-inner-block  \">\n\n            \n          <\/div>\n  <\/div>\n<\/section>\n\n\n<section\n  class=\"o-section c-basic-section    \"\n  id=\"\">\n  <div class=\"o-wrapper c-basic-section__container\">\n    \n    <div class=\"c-basic-section__content\">\n                                                  <\/div>\n\n    <div\n      class=\"c-basic-section__content-inner-block  \">\n\n            \n          <\/div>\n  <\/div>\n<\/section>\n","protected":false},"excerpt":{"rendered":"","protected":false},"author":1,"featured_media":1000006296,"parent":9730,"menu_order":106,"comment_status":"closed","ping_status":"closed","template":"","meta":{"_acf_changed":false,"inline_featured_image":false,"footnotes":""},"class_list":["post-9774","page","type-page","status-publish","has-post-thumbnail","hentry"],"acf":[],"yoast_head":"<!-- This site is optimized with the Yoast SEO plugin v26.7 - https:\/\/yoast.com\/wordpress\/plugins\/seo\/ -->\n<title>Reliability of scientific research - Vistula School of Hospitality<\/title>\n<meta name=\"robots\" content=\"index, follow, max-snippet:-1, max-image-preview:large, max-video-preview:-1\" \/>\n<link rel=\"canonical\" href=\"https:\/\/vistulahospitality.edu.pl\/en\/science-and-research\/reliability-of-scientific-research\" \/>\n<meta property=\"og:locale\" content=\"en_US\" \/>\n<meta property=\"og:type\" content=\"article\" \/>\n<meta property=\"og:title\" content=\"Reliability of scientific research - Vistula School of Hospitality\" \/>\n<meta property=\"og:url\" content=\"https:\/\/vistulahospitality.edu.pl\/en\/science-and-research\/reliability-of-scientific-research\" \/>\n<meta property=\"og:site_name\" content=\"Vistula School of Hospitality\" \/>\n<meta property=\"article:modified_time\" content=\"2022-08-02T00:08:19+00:00\" \/>\n<meta name=\"twitter:card\" content=\"summary_large_image\" \/>\n<meta name=\"twitter:label1\" content=\"Est. reading time\" \/>\n\t<meta name=\"twitter:data1\" content=\"3 minutes\" \/>\n<script type=\"application\/ld+json\" class=\"yoast-schema-graph\">{\"@context\":\"https:\/\/schema.org\",\"@graph\":[{\"@type\":\"WebPage\",\"@id\":\"https:\/\/vistulahospitality.edu.pl\/en\/science-and-research\/reliability-of-scientific-research\",\"url\":\"https:\/\/vistulahospitality.edu.pl\/en\/science-and-research\/reliability-of-scientific-research\",\"name\":\"Reliability of scientific research - Vistula School of Hospitality\",\"isPartOf\":{\"@id\":\"https:\/\/vistulahospitality.edu.pl\/en#website\"},\"primaryImageOfPage\":{\"@id\":\"https:\/\/vistulahospitality.edu.pl\/en\/science-and-research\/reliability-of-scientific-research#primaryimage\"},\"image\":{\"@id\":\"https:\/\/vistulahospitality.edu.pl\/en\/science-and-research\/reliability-of-scientific-research#primaryimage\"},\"thumbnailUrl\":\"https:\/\/vistulahospitality.edu.pl\/wp-content\/uploads\/2022\/01\/biuro-karier-565x278-1.jpeg\",\"datePublished\":\"2021-12-19T16:58:27+00:00\",\"dateModified\":\"2022-08-02T00:08:19+00:00\",\"breadcrumb\":{\"@id\":\"https:\/\/vistulahospitality.edu.pl\/en\/science-and-research\/reliability-of-scientific-research#breadcrumb\"},\"inLanguage\":\"en-US\",\"potentialAction\":[{\"@type\":\"ReadAction\",\"target\":[\"https:\/\/vistulahospitality.edu.pl\/en\/science-and-research\/reliability-of-scientific-research\"]}]},{\"@type\":\"ImageObject\",\"inLanguage\":\"en-US\",\"@id\":\"https:\/\/vistulahospitality.edu.pl\/en\/science-and-research\/reliability-of-scientific-research#primaryimage\",\"url\":\"https:\/\/vistulahospitality.edu.pl\/wp-content\/uploads\/2022\/01\/biuro-karier-565x278-1.jpeg\",\"contentUrl\":\"https:\/\/vistulahospitality.edu.pl\/wp-content\/uploads\/2022\/01\/biuro-karier-565x278-1.jpeg\"},{\"@type\":\"BreadcrumbList\",\"@id\":\"https:\/\/vistulahospitality.edu.pl\/en\/science-and-research\/reliability-of-scientific-research#breadcrumb\",\"itemListElement\":[{\"@type\":\"ListItem\",\"position\":1,\"name\":\"Home\",\"item\":\"https:\/\/vistulahospitality.edu.pl\/en\"},{\"@type\":\"ListItem\",\"position\":2,\"name\":\"Science and Research\",\"item\":\"https:\/\/vistulahospitality.edu.pl\/en\/science-and-research\"},{\"@type\":\"ListItem\",\"position\":3,\"name\":\"Reliability of scientific research\"}]},{\"@type\":\"WebSite\",\"@id\":\"https:\/\/vistulahospitality.edu.pl\/en#website\",\"url\":\"https:\/\/vistulahospitality.edu.pl\/en\",\"name\":\"Vistula School of Hospitality\",\"description\":\"Szko\u0142a G\u0142\u00f3wna Turystyki i Hotelarstwa Vistula\",\"publisher\":{\"@id\":\"https:\/\/vistulahospitality.edu.pl\/en#organization\"},\"potentialAction\":[{\"@type\":\"SearchAction\",\"target\":{\"@type\":\"EntryPoint\",\"urlTemplate\":\"https:\/\/vistulahospitality.edu.pl\/en?s={search_term_string}\"},\"query-input\":{\"@type\":\"PropertyValueSpecification\",\"valueRequired\":true,\"valueName\":\"search_term_string\"}}],\"inLanguage\":\"en-US\"},{\"@type\":\"Organization\",\"@id\":\"https:\/\/vistulahospitality.edu.pl\/en#organization\",\"name\":\"Vistula School of Hospitality\",\"url\":\"https:\/\/vistulahospitality.edu.pl\/en\",\"logo\":{\"@type\":\"ImageObject\",\"inLanguage\":\"en-US\",\"@id\":\"https:\/\/vistulahospitality.edu.pl\/en#\/schema\/logo\/image\/\",\"url\":\"https:\/\/vistulahospitality.edu.pl\/wp-content\/uploads\/sites\/3\/2022\/02\/logo_sgtih_en.svg\",\"contentUrl\":\"https:\/\/vistulahospitality.edu.pl\/wp-content\/uploads\/sites\/3\/2022\/02\/logo_sgtih_en.svg\",\"width\":53,\"height\":60,\"caption\":\"Vistula School of Hospitality\"},\"image\":{\"@id\":\"https:\/\/vistulahospitality.edu.pl\/en#\/schema\/logo\/image\/\"}}]}<\/script>\n<!-- \/ Yoast SEO plugin. -->","yoast_head_json":{"title":"Reliability of scientific research - Vistula School of Hospitality","robots":{"index":"index","follow":"follow","max-snippet":"max-snippet:-1","max-image-preview":"max-image-preview:large","max-video-preview":"max-video-preview:-1"},"canonical":"https:\/\/vistulahospitality.edu.pl\/en\/science-and-research\/reliability-of-scientific-research","og_locale":"en_US","og_type":"article","og_title":"Reliability of scientific research - Vistula School of Hospitality","og_url":"https:\/\/vistulahospitality.edu.pl\/en\/science-and-research\/reliability-of-scientific-research","og_site_name":"Vistula School of Hospitality","article_modified_time":"2022-08-02T00:08:19+00:00","twitter_card":"summary_large_image","twitter_misc":{"Est. reading time":"3 minutes"},"schema":{"@context":"https:\/\/schema.org","@graph":[{"@type":"WebPage","@id":"https:\/\/vistulahospitality.edu.pl\/en\/science-and-research\/reliability-of-scientific-research","url":"https:\/\/vistulahospitality.edu.pl\/en\/science-and-research\/reliability-of-scientific-research","name":"Reliability of scientific research - Vistula School of Hospitality","isPartOf":{"@id":"https:\/\/vistulahospitality.edu.pl\/en#website"},"primaryImageOfPage":{"@id":"https:\/\/vistulahospitality.edu.pl\/en\/science-and-research\/reliability-of-scientific-research#primaryimage"},"image":{"@id":"https:\/\/vistulahospitality.edu.pl\/en\/science-and-research\/reliability-of-scientific-research#primaryimage"},"thumbnailUrl":"https:\/\/vistulahospitality.edu.pl\/wp-content\/uploads\/2022\/01\/biuro-karier-565x278-1.jpeg","datePublished":"2021-12-19T16:58:27+00:00","dateModified":"2022-08-02T00:08:19+00:00","breadcrumb":{"@id":"https:\/\/vistulahospitality.edu.pl\/en\/science-and-research\/reliability-of-scientific-research#breadcrumb"},"inLanguage":"en-US","potentialAction":[{"@type":"ReadAction","target":["https:\/\/vistulahospitality.edu.pl\/en\/science-and-research\/reliability-of-scientific-research"]}]},{"@type":"ImageObject","inLanguage":"en-US","@id":"https:\/\/vistulahospitality.edu.pl\/en\/science-and-research\/reliability-of-scientific-research#primaryimage","url":"https:\/\/vistulahospitality.edu.pl\/wp-content\/uploads\/2022\/01\/biuro-karier-565x278-1.jpeg","contentUrl":"https:\/\/vistulahospitality.edu.pl\/wp-content\/uploads\/2022\/01\/biuro-karier-565x278-1.jpeg"},{"@type":"BreadcrumbList","@id":"https:\/\/vistulahospitality.edu.pl\/en\/science-and-research\/reliability-of-scientific-research#breadcrumb","itemListElement":[{"@type":"ListItem","position":1,"name":"Home","item":"https:\/\/vistulahospitality.edu.pl\/en"},{"@type":"ListItem","position":2,"name":"Science and Research","item":"https:\/\/vistulahospitality.edu.pl\/en\/science-and-research"},{"@type":"ListItem","position":3,"name":"Reliability of scientific research"}]},{"@type":"WebSite","@id":"https:\/\/vistulahospitality.edu.pl\/en#website","url":"https:\/\/vistulahospitality.edu.pl\/en","name":"Vistula School of Hospitality","description":"Szko\u0142a G\u0142\u00f3wna Turystyki i Hotelarstwa Vistula","publisher":{"@id":"https:\/\/vistulahospitality.edu.pl\/en#organization"},"potentialAction":[{"@type":"SearchAction","target":{"@type":"EntryPoint","urlTemplate":"https:\/\/vistulahospitality.edu.pl\/en?s={search_term_string}"},"query-input":{"@type":"PropertyValueSpecification","valueRequired":true,"valueName":"search_term_string"}}],"inLanguage":"en-US"},{"@type":"Organization","@id":"https:\/\/vistulahospitality.edu.pl\/en#organization","name":"Vistula School of Hospitality","url":"https:\/\/vistulahospitality.edu.pl\/en","logo":{"@type":"ImageObject","inLanguage":"en-US","@id":"https:\/\/vistulahospitality.edu.pl\/en#\/schema\/logo\/image\/","url":"https:\/\/vistulahospitality.edu.pl\/wp-content\/uploads\/sites\/3\/2022\/02\/logo_sgtih_en.svg","contentUrl":"https:\/\/vistulahospitality.edu.pl\/wp-content\/uploads\/sites\/3\/2022\/02\/logo_sgtih_en.svg","width":53,"height":60,"caption":"Vistula School of Hospitality"},"image":{"@id":"https:\/\/vistulahospitality.edu.pl\/en#\/schema\/logo\/image\/"}}]}},"_links":{"self":[{"href":"https:\/\/vistulahospitality.edu.pl\/en\/wp-json\/wp\/v2\/pages\/9774","targetHints":{"allow":["GET"]}}],"collection":[{"href":"https:\/\/vistulahospitality.edu.pl\/en\/wp-json\/wp\/v2\/pages"}],"about":[{"href":"https:\/\/vistulahospitality.edu.pl\/en\/wp-json\/wp\/v2\/types\/page"}],"author":[{"embeddable":true,"href":"https:\/\/vistulahospitality.edu.pl\/en\/wp-json\/wp\/v2\/users\/1"}],"replies":[{"embeddable":true,"href":"https:\/\/vistulahospitality.edu.pl\/en\/wp-json\/wp\/v2\/comments?post=9774"}],"version-history":[{"count":0,"href":"https:\/\/vistulahospitality.edu.pl\/en\/wp-json\/wp\/v2\/pages\/9774\/revisions"}],"up":[{"embeddable":true,"href":"https:\/\/vistulahospitality.edu.pl\/en\/wp-json\/wp\/v2\/pages\/9730"}],"wp:featuredmedia":[{"embeddable":true,"href":"https:\/\/vistulahospitality.edu.pl\/en\/wp-json\/"}],"wp:attachment":[{"href":"https:\/\/vistulahospitality.edu.pl\/en\/wp-json\/wp\/v2\/media?parent=9774"}],"curies":[{"name":"wp","href":"https:\/\/api.w.org\/{rel}","templated":true}]}}