{"id":9735,"date":"2022-02-21T13:21:38","date_gmt":"2022-02-21T13:21:38","guid":{"rendered":"https:\/\/vistulahospitality.edu.pl\/nauka-i-badania\/konferencje\/"},"modified":"2022-04-15T09:30:44","modified_gmt":"2022-04-15T09:30:44","slug":"conferences","status":"publish","type":"page","link":"https:\/\/vistulahospitality.edu.pl\/en\/science-and-research\/conferences","title":{"rendered":"Conferences"},"content":{"rendered":"\n\n<section class=\" o-section c-candidate-inf\" id=\"\">\n  <div class=\"o-wrapper c-candidate-inf__container\">\n        <div class=\"c-candidate-inf__blocks-wrapper  c-candidate-inf__blocks-wrapper--paddin-none\">\n                <div\n        class=\"c-candidate-inf__inner-block o-flex c-candidate-inf__inner-block--flex \">\n\n        <div\n          class=\"c-candidate-inf__inner-items u-flex-9\/12@medium u-flex-12\/12 \">\n                    <div class=\"c-candidate-inf__header c-candidate-inf__header--inner\">\n                        <h2 class=\"c-heading c-heading--h2 c-candidate-inf__title \">Conferences<\/h2>                                              <\/div>\n                              \n\n\n\n<section class=\" o-section c-post-filter c-post-filter--conference \">\n  <div class=\"o-wrapper c-post-filter__container o-flex o-flex--wrap\">\n    <div class=\"c-post-filter__nav o-flex__item u-flex-12\/12 \" id=\"content\">\n\n      \n                    <div class=\"o-flex__item u-flex-12\/12@less-then-medium  c-post-filter__center-category  c-post-filter__center-category-mobile\">\n\n        \n                          \n          \n          \n                     \n          \n           \n                  <\/div>\n        <div class=\"o-flex__item u-flex-12\/12@less-then-medium o-flex o-flex--space-between \">\n                              \n                    \n                            <\/div>\n          <\/div>\n    \n    \n                        \n        \n        \n\n    \n            <div class=\"o-flex__item u-flex-12\/12 js-paginated-content\"\n      data-type=\"conference\"\n      data-taxonomy=\"\"\n      data-category=\"\"\n      data-pages=\"1\"\n      data-order=\"desc\"\n      data-column=\"2\"\n      data-perpage=\"6\"\n      data-date=\"\"\n      data-eventdate=\"\"\n      data-url=\"vistulahospitality.edu.pl\"\n      data-site=\"3\"\n    >\n      <div class=\"c-post-filter__content o-flex__item u-flex-12\/12\">\n        <div class=\"o-flex o-flex--grids o-flex--grids-stretched\">\n\n                              <div class=\"c-post-filter__item o-flex__item u-flex-12\/12@less-then-large u-flex-1\/2\">\n                        <a href=\"https:\/\/vistulahospitality.edu.pl\/en\/conference\/intercultural-culinary-tourism-of-generations\" class=\"o-link c-tease c-tease--conference\">\n      <div class=\"c-tease__image\" style=\"background-image: url(https:\/\/b2929804.smushcdn.com\/2929804\/wp-content\/uploads\/sites\/3\/2022\/03\/shutterstock-260270363-565x278-1.jpg?lossy=1&strip=1&webp=1)\">\n        <img decoding=\"async\" class=\"c-tease__image-elem\" src=\"https:\/\/b2929804.smushcdn.com\/2929804\/wp-content\/uploads\/sites\/3\/2022\/03\/shutterstock-260270363-565x278-1.jpg?lossy=1&strip=1&webp=1\" alt=\"Intercultural culinary tourism of generations\" loading=\"lazy\" \/>\n    <\/div>\n    <div class=\"c-tease__desc\">\n        <div class=\"c-tease__content\">\n            <p class=\"c-heading c-heading--h3 c-tease__title\">Intercultural culinary tourism of generations<\/p>\n            <p class=\"c-article__excerpt\">A nationwide scientific conference at the Vistula School of Hospitality.<\/p>        <\/div>\n    <\/div>\n  <\/a>            <\/div>\n                      <div class=\"c-post-filter__item o-flex__item u-flex-12\/12@less-then-large u-flex-1\/2\">\n                        <a href=\"https:\/\/vistulahospitality.edu.pl\/en\/conference\/tourism-in-the-sustainable-development-of-metropolitan-cities\" class=\"o-link c-tease c-tease--conference\">\n      <div class=\"c-tease__image\" style=\"background-image: url(https:\/\/b2929804.smushcdn.com\/2929804\/wp-content\/uploads\/sites\/3\/2022\/03\/konferencja-warszawa-565x278-1.jpg?lossy=1&strip=1&webp=1)\">\n        <img decoding=\"async\" class=\"c-tease__image-elem\" src=\"https:\/\/b2929804.smushcdn.com\/2929804\/wp-content\/uploads\/sites\/3\/2022\/03\/konferencja-warszawa-565x278-1.jpg?lossy=1&strip=1&webp=1\" alt=\"Tourism in the sustainable development of Metropolitan cities\" loading=\"lazy\" \/>\n    <\/div>\n    <div class=\"c-tease__desc\">\n        <div class=\"c-tease__content\">\n            <p class=\"c-heading c-heading--h3 c-tease__title\">Tourism in the sustainable development of Metropolitan cities<\/p>\n            <p class=\"c-article__excerpt\">About tourism versus global trends and Sustainable Development Goals (SDG)&hellip;<\/p>        <\/div>\n    <\/div>\n  <\/a>            <\/div>\n                    \n        <\/div>\n      <\/div>\n\n      \n      <div class=\"o-flex__item u-flex-12\/12\"> \n        <div class=\"c-pagination js-pagination\">\n  <div class=\"c-pagination__content o-flex o-flex--space-between\">\n    <div class=\"o-flex__item u-flex-6\/12 u-flex-3\/12@medium c-pagination__prev\">\n          <\/div>\n    <div class=\"o-flex__item u-flex-12\/12 u-flex-6\/12@medium o-flex o-flex--centered c-pagination__buttons\">\n                        <a href=\"https:\/\/vistulahospitality.edu.pl\/en\/conferencepage\/1\" data-link=\"1\" data-mode=\"i\"\n            class=\"c-button c-button--square c-button--primary js-pagination-link\">\n            1\n          <\/a>\n                  <\/div>\n    <div class=\"o-flex__item u-flex-6\/12 u-flex-3\/12@medium u-text--right c-pagination__next\">\n          <\/div>\n  <\/div>\n<\/div>      <\/div>\n\n        \n\n    <\/div>\n  <\/div>\n<\/section>\n\n\n\n\n                  <\/div>\n \n                <div class=\"c-candidate-inf__menu u-flex-3\/12@medium u-flex-12\/12 js-candidate-inf-menu\">\n                              <div class=\"c-children-menu c-children-menu--desktop\" style=\"max-height: calc(100vh - 112px); margin-bottom:112px; overflow-y: auto;\">\n  <p class=\"c-children-menu__title u-text--strong u-text--smaller u-font-color--2\">Science and research<\/p>\n\n  \n                            <ul class=\"o-list-bare c-children-menu__list\">\n            <li class=\"c-children-menu__item\" style=\"order: 1;\">\n      <a class=\"c-children-menu__link  is-active\"\n        href=\"https:\/\/vistulahospitality.edu.pl\/en\/science-and-research\/conferences\">Conferences<\/a>\n    <\/li>\n        <li class=\"c-children-menu__item\" style=\"order: 2;\">\n      <a class=\"c-children-menu__link \"\n        href=\"https:\/\/vistulahospitality.edu.pl\/en\/science-and-research\/reliability-of-scientific-research\">Reliability of scientific research<\/a>\n    <\/li>\n        <li class=\"c-children-menu__item\" style=\"order: 3;\">\n      <a class=\"c-children-menu__link \"\n        href=\"https:\/\/vistulahospitality.edu.pl\/en\/science-and-research\/institute-of-tourism\">Institute of Tourism<\/a>\n    <\/li>\n      <\/ul>\n  \n  <\/div>\n  <div class=\"c-button c-button--primary c-button--fixed-pos c-button--with-icon js-prev-section\" style=\"\n    padding-left: 5px; \n    position: sticky;\n    top: calc(100vh - 82px);\n    margin:0 15px 30px;\n    display:none;\n    width:calc(100% - 30px)\">\n    <span class=\"c-icon c-icon--rotate-180\">  \n        <svg width=\"8\" height=\"8\" viewBox=\"0 0 8 8\" fill=\"none\" xmlns=\"http:\/\/www.w3.org\/2000\/svg\">\n<path fill-rule=\"evenodd\" clip-rule=\"evenodd\" d=\"M4 8L0 0L8 0L4 8Z\" fill=\"#ffffff\"\/>\n<\/svg>\n\n    <\/span>Previous section\n  <\/div>\n \n\n<div class=\"c-children-menu c-children-menu--mobile js-select-links\" style=\"align-items:center; justify-content:space-between;\">\n\n  <div class=\"c-button c-button--primary c-button--fixed-pos c-button--with-icon js-prev-section\" style=\"\n    display:none;\n    flex: 0 0 35%; \n    margin: 0!important;\n    margin-top: -8px!important;\">\n    <span class=\"c-icon c-icon--rotate-180\">  \n        <svg width=\"8\" height=\"8\" viewBox=\"0 0 8 8\" fill=\"none\" xmlns=\"http:\/\/www.w3.org\/2000\/svg\">\n<path fill-rule=\"evenodd\" clip-rule=\"evenodd\" d=\"M4 8L0 0L8 0L4 8Z\" fill=\"#ffffff\"\/>\n<\/svg>\n\n    <\/span>Back\n  <\/div>\n                    <div style=\"flex-grow: 1;flex-basis:65%; margin-left:10px \">\n\n    <label class=\"c-label c-label--select\">\n    <span class=\"c-label__title\" id=\"form-input-label--892480\"><\/span>\n        <div class=\"c-select__container\">\n        <select id=\"form-input--892480\" name=\"menu-children\" class=\"c-select js-select\" aria-labelledby=\"form-input-label--892480\">\n                                        <option value=\"\" selected >Science and research<\/option>\n                                                                                                 \n            \n                <option class=\"active\" value=\"https:\/\/vistulahospitality.edu.pl\/en\/science-and-research\/conferences\">Conferences<\/option>\n                                                 \n               \n                        \n                                       \n                <option class=\"\" value=\"https:\/\/vistulahospitality.edu.pl\/en\/science-and-research\/reliability-of-scientific-research\">Reliability of scientific research<\/option>\n                                                 \n               \n                        \n                                       \n                <option class=\"\" value=\"https:\/\/vistulahospitality.edu.pl\/en\/science-and-research\/institute-of-tourism\">Institute of Tourism<\/option>\n                    <\/select>\n                    <\/div>\n    <\/label>\n<\/div>\n<\/div>\n\n        <\/div>\n              <\/div>\n      \n    <\/div>\n  <\/div>\n  <\/section>\n","protected":false},"excerpt":{"rendered":"","protected":false},"author":1,"featured_media":1000002512,"parent":9730,"menu_order":97,"comment_status":"closed","ping_status":"closed","template":"","meta":{"_acf_changed":false,"inline_featured_image":false,"footnotes":""},"class_list":["post-9735","page","type-page","status-publish","has-post-thumbnail","hentry"],"acf":[],"yoast_head":"<!-- This site is optimized with the Yoast SEO plugin v26.7 - https:\/\/yoast.com\/wordpress\/plugins\/seo\/ -->\n<title>Conferences - Vistula School of Hospitality<\/title>\n<meta name=\"robots\" content=\"index, follow, max-snippet:-1, max-image-preview:large, max-video-preview:-1\" \/>\n<link rel=\"canonical\" href=\"https:\/\/vistulahospitality.edu.pl\/en\/science-and-research\/conferences\" \/>\n<meta property=\"og:locale\" content=\"en_US\" \/>\n<meta property=\"og:type\" content=\"article\" \/>\n<meta property=\"og:title\" content=\"Conferences - Vistula School of Hospitality\" \/>\n<meta property=\"og:url\" content=\"https:\/\/vistulahospitality.edu.pl\/en\/science-and-research\/conferences\" \/>\n<meta property=\"og:site_name\" content=\"Vistula School of Hospitality\" \/>\n<meta property=\"article:modified_time\" content=\"2022-04-15T09:30:44+00:00\" \/>\n<meta name=\"twitter:card\" content=\"summary_large_image\" \/>\n<script type=\"application\/ld+json\" class=\"yoast-schema-graph\">{\"@context\":\"https:\/\/schema.org\",\"@graph\":[{\"@type\":\"WebPage\",\"@id\":\"https:\/\/vistulahospitality.edu.pl\/en\/science-and-research\/conferences\",\"url\":\"https:\/\/vistulahospitality.edu.pl\/en\/science-and-research\/conferences\",\"name\":\"Conferences - Vistula School of Hospitality\",\"isPartOf\":{\"@id\":\"https:\/\/vistulahospitality.edu.pl\/en#website\"},\"primaryImageOfPage\":{\"@id\":\"https:\/\/vistulahospitality.edu.pl\/en\/science-and-research\/conferences#primaryimage\"},\"image\":{\"@id\":\"https:\/\/vistulahospitality.edu.pl\/en\/science-and-research\/conferences#primaryimage\"},\"thumbnailUrl\":\"https:\/\/vistulahospitality.edu.pl\/wp-content\/uploads\/2021\/12\/unsplash_xG8IQMqMITM.jpg\",\"datePublished\":\"2022-02-21T13:21:38+00:00\",\"dateModified\":\"2022-04-15T09:30:44+00:00\",\"breadcrumb\":{\"@id\":\"https:\/\/vistulahospitality.edu.pl\/en\/science-and-research\/conferences#breadcrumb\"},\"inLanguage\":\"en-US\",\"potentialAction\":[{\"@type\":\"ReadAction\",\"target\":[\"https:\/\/vistulahospitality.edu.pl\/en\/science-and-research\/conferences\"]}]},{\"@type\":\"ImageObject\",\"inLanguage\":\"en-US\",\"@id\":\"https:\/\/vistulahospitality.edu.pl\/en\/science-and-research\/conferences#primaryimage\",\"url\":\"https:\/\/vistulahospitality.edu.pl\/wp-content\/uploads\/2021\/12\/unsplash_xG8IQMqMITM.jpg\",\"contentUrl\":\"https:\/\/vistulahospitality.edu.pl\/wp-content\/uploads\/2021\/12\/unsplash_xG8IQMqMITM.jpg\"},{\"@type\":\"BreadcrumbList\",\"@id\":\"https:\/\/vistulahospitality.edu.pl\/en\/science-and-research\/conferences#breadcrumb\",\"itemListElement\":[{\"@type\":\"ListItem\",\"position\":1,\"name\":\"Home\",\"item\":\"https:\/\/vistulahospitality.edu.pl\/en\"},{\"@type\":\"ListItem\",\"position\":2,\"name\":\"Science and Research\",\"item\":\"https:\/\/vistulahospitality.edu.pl\/en\/science-and-research\"},{\"@type\":\"ListItem\",\"position\":3,\"name\":\"Conferences\"}]},{\"@type\":\"WebSite\",\"@id\":\"https:\/\/vistulahospitality.edu.pl\/en#website\",\"url\":\"https:\/\/vistulahospitality.edu.pl\/en\",\"name\":\"Vistula School of Hospitality\",\"description\":\"Szko\u0142a G\u0142\u00f3wna Turystyki i Hotelarstwa Vistula\",\"publisher\":{\"@id\":\"https:\/\/vistulahospitality.edu.pl\/en#organization\"},\"potentialAction\":[{\"@type\":\"SearchAction\",\"target\":{\"@type\":\"EntryPoint\",\"urlTemplate\":\"https:\/\/vistulahospitality.edu.pl\/en?s={search_term_string}\"},\"query-input\":{\"@type\":\"PropertyValueSpecification\",\"valueRequired\":true,\"valueName\":\"search_term_string\"}}],\"inLanguage\":\"en-US\"},{\"@type\":\"Organization\",\"@id\":\"https:\/\/vistulahospitality.edu.pl\/en#organization\",\"name\":\"Vistula School of Hospitality\",\"url\":\"https:\/\/vistulahospitality.edu.pl\/en\",\"logo\":{\"@type\":\"ImageObject\",\"inLanguage\":\"en-US\",\"@id\":\"https:\/\/vistulahospitality.edu.pl\/en#\/schema\/logo\/image\/\",\"url\":\"https:\/\/vistulahospitality.edu.pl\/wp-content\/uploads\/sites\/3\/2022\/02\/logo_sgtih_en.svg\",\"contentUrl\":\"https:\/\/vistulahospitality.edu.pl\/wp-content\/uploads\/sites\/3\/2022\/02\/logo_sgtih_en.svg\",\"width\":53,\"height\":60,\"caption\":\"Vistula School of Hospitality\"},\"image\":{\"@id\":\"https:\/\/vistulahospitality.edu.pl\/en#\/schema\/logo\/image\/\"}}]}<\/script>\n<!-- \/ Yoast SEO plugin. -->","yoast_head_json":{"title":"Conferences - Vistula School of Hospitality","robots":{"index":"index","follow":"follow","max-snippet":"max-snippet:-1","max-image-preview":"max-image-preview:large","max-video-preview":"max-video-preview:-1"},"canonical":"https:\/\/vistulahospitality.edu.pl\/en\/science-and-research\/conferences","og_locale":"en_US","og_type":"article","og_title":"Conferences - Vistula School of Hospitality","og_url":"https:\/\/vistulahospitality.edu.pl\/en\/science-and-research\/conferences","og_site_name":"Vistula School of Hospitality","article_modified_time":"2022-04-15T09:30:44+00:00","twitter_card":"summary_large_image","schema":{"@context":"https:\/\/schema.org","@graph":[{"@type":"WebPage","@id":"https:\/\/vistulahospitality.edu.pl\/en\/science-and-research\/conferences","url":"https:\/\/vistulahospitality.edu.pl\/en\/science-and-research\/conferences","name":"Conferences - Vistula School of Hospitality","isPartOf":{"@id":"https:\/\/vistulahospitality.edu.pl\/en#website"},"primaryImageOfPage":{"@id":"https:\/\/vistulahospitality.edu.pl\/en\/science-and-research\/conferences#primaryimage"},"image":{"@id":"https:\/\/vistulahospitality.edu.pl\/en\/science-and-research\/conferences#primaryimage"},"thumbnailUrl":"https:\/\/vistulahospitality.edu.pl\/wp-content\/uploads\/2021\/12\/unsplash_xG8IQMqMITM.jpg","datePublished":"2022-02-21T13:21:38+00:00","dateModified":"2022-04-15T09:30:44+00:00","breadcrumb":{"@id":"https:\/\/vistulahospitality.edu.pl\/en\/science-and-research\/conferences#breadcrumb"},"inLanguage":"en-US","potentialAction":[{"@type":"ReadAction","target":["https:\/\/vistulahospitality.edu.pl\/en\/science-and-research\/conferences"]}]},{"@type":"ImageObject","inLanguage":"en-US","@id":"https:\/\/vistulahospitality.edu.pl\/en\/science-and-research\/conferences#primaryimage","url":"https:\/\/vistulahospitality.edu.pl\/wp-content\/uploads\/2021\/12\/unsplash_xG8IQMqMITM.jpg","contentUrl":"https:\/\/vistulahospitality.edu.pl\/wp-content\/uploads\/2021\/12\/unsplash_xG8IQMqMITM.jpg"},{"@type":"BreadcrumbList","@id":"https:\/\/vistulahospitality.edu.pl\/en\/science-and-research\/conferences#breadcrumb","itemListElement":[{"@type":"ListItem","position":1,"name":"Home","item":"https:\/\/vistulahospitality.edu.pl\/en"},{"@type":"ListItem","position":2,"name":"Science and Research","item":"https:\/\/vistulahospitality.edu.pl\/en\/science-and-research"},{"@type":"ListItem","position":3,"name":"Conferences"}]},{"@type":"WebSite","@id":"https:\/\/vistulahospitality.edu.pl\/en#website","url":"https:\/\/vistulahospitality.edu.pl\/en","name":"Vistula School of Hospitality","description":"Szko\u0142a G\u0142\u00f3wna Turystyki i Hotelarstwa Vistula","publisher":{"@id":"https:\/\/vistulahospitality.edu.pl\/en#organization"},"potentialAction":[{"@type":"SearchAction","target":{"@type":"EntryPoint","urlTemplate":"https:\/\/vistulahospitality.edu.pl\/en?s={search_term_string}"},"query-input":{"@type":"PropertyValueSpecification","valueRequired":true,"valueName":"search_term_string"}}],"inLanguage":"en-US"},{"@type":"Organization","@id":"https:\/\/vistulahospitality.edu.pl\/en#organization","name":"Vistula School of Hospitality","url":"https:\/\/vistulahospitality.edu.pl\/en","logo":{"@type":"ImageObject","inLanguage":"en-US","@id":"https:\/\/vistulahospitality.edu.pl\/en#\/schema\/logo\/image\/","url":"https:\/\/vistulahospitality.edu.pl\/wp-content\/uploads\/sites\/3\/2022\/02\/logo_sgtih_en.svg","contentUrl":"https:\/\/vistulahospitality.edu.pl\/wp-content\/uploads\/sites\/3\/2022\/02\/logo_sgtih_en.svg","width":53,"height":60,"caption":"Vistula School of Hospitality"},"image":{"@id":"https:\/\/vistulahospitality.edu.pl\/en#\/schema\/logo\/image\/"}}]}},"_links":{"self":[{"href":"https:\/\/vistulahospitality.edu.pl\/en\/wp-json\/wp\/v2\/pages\/9735","targetHints":{"allow":["GET"]}}],"collection":[{"href":"https:\/\/vistulahospitality.edu.pl\/en\/wp-json\/wp\/v2\/pages"}],"about":[{"href":"https:\/\/vistulahospitality.edu.pl\/en\/wp-json\/wp\/v2\/types\/page"}],"author":[{"embeddable":true,"href":"https:\/\/vistulahospitality.edu.pl\/en\/wp-json\/wp\/v2\/users\/1"}],"replies":[{"embeddable":true,"href":"https:\/\/vistulahospitality.edu.pl\/en\/wp-json\/wp\/v2\/comments?post=9735"}],"version-history":[{"count":0,"href":"https:\/\/vistulahospitality.edu.pl\/en\/wp-json\/wp\/v2\/pages\/9735\/revisions"}],"up":[{"embeddable":true,"href":"https:\/\/vistulahospitality.edu.pl\/en\/wp-json\/wp\/v2\/pages\/9730"}],"wp:featuredmedia":[{"embeddable":true,"href":"https:\/\/vistulahospitality.edu.pl\/en\/wp-json\/"}],"wp:attachment":[{"href":"https:\/\/vistulahospitality.edu.pl\/en\/wp-json\/wp\/v2\/media?parent=9735"}],"curies":[{"name":"wp","href":"https:\/\/api.w.org\/{rel}","templated":true}]}}