{"id":9730,"date":"2021-12-19T16:50:15","date_gmt":"2021-12-19T16:50:15","guid":{"rendered":"https:\/\/vistulahospitality.edu.pl\/nauka-i-badania\/"},"modified":"2022-02-26T15:41:18","modified_gmt":"2022-02-26T15:41:18","slug":"science-and-research","status":"publish","type":"page","link":"https:\/\/vistulahospitality.edu.pl\/en\/science-and-research","title":{"rendered":"Science and Research"},"content":{"rendered":"\n\n<section class=\" o-section c-candidate-inf\" id=\"\">\n  <div class=\"o-wrapper c-candidate-inf__container\">\n        <div class=\"c-candidate-inf__header\">\n            <h2 class=\"c-heading c-heading--h1 c-candidate-inf__title \">Science and research<\/h2>                      <\/div>\n        <div class=\"c-candidate-inf__blocks-wrapper  c-candidate-inf__blocks-wrapper--paddin-none\">\n                <div\n        class=\"c-candidate-inf__inner-block \">\n\n        <div\n          class=\"c-candidate-inf__inner-items  \">\n                              \n                  <\/div>\n \n              <\/div>\n      \n            <div class=\"c-candidate-inf__children-wrapper\">\n        \n        <div class=\"c-candidate-inf__children-lists  c-candidate-inf__children-lists--margin-none\">\n          \n           \n          <div class=\"u-flex-4\/12@medium u-flex-6\/12@small c-candidate-inf__children-lists-item\" style=\"order: 1\">\n            <a href=\"https:\/\/vistulahospitality.edu.pl\/en\/science-and-research\/conferences\" class=\"o-link c-article c-article--blur-icon js-to-hover \">\n            <div class=\"c-article__img-icon-wrap\">\n                    \n    \n    <div class=\"c-article__image\" style=\"background-image: url(https:\/\/b2929804.smushcdn.com\/2929804\/wp-content\/uploads\/2021\/12\/unsplash_xG8IQMqMITM.jpg?lossy=1&strip=1&webp=1)\">\n                <img decoding=\"async\" class=\"c-article__image-elem\" src=\"https:\/\/b2929804.smushcdn.com\/2929804\/wp-content\/uploads\/2021\/12\/unsplash_xG8IQMqMITM.jpg?lossy=1&strip=1&webp=1\" alt=\"Conferences\" loading=\"lazy\" \/> \n    <\/div>\n            <img decoding=\"async\" class=\"c-article__icon-page\" src=\"https:\/\/vistulahospitality.edu.pl\/wp-content\/uploads\/2021\/12\/collections_bookmark.svg\" alt=\"\">\n    <\/div>\n        <div class=\"c-article__desc\">\n        <div class=\"c-article__content \">\n            <p class=\"c-heading  c-heading--h3 c-article__title  c-article__title--fixed-height \">Conferences<\/p>\n                                                                         \n            <div class=\"c-article__indicator c-article__indicator--arrow-left\"> <span class=\"c-article__arrow\"><svg width=\"12\" height=\"6\" viewBox=\"0 0 12 6\" fill=\"none\" xmlns=\"http:\/\/www.w3.org\/2000\/svg\">\n<path d=\"M8.67268 2.33337H0.666016V3.66671H8.67268V5.66671L11.3327 3.00004L8.67268 0.333374V2.33337Z\" fill=\"#01819B\"\/>\n<\/svg>\n<\/span><\/div>                     <\/div>\n    <\/div>\n       \n<\/a>\n          <\/div>\n           \n          <div class=\"u-flex-4\/12@medium u-flex-6\/12@small c-candidate-inf__children-lists-item\" style=\"order: 2\">\n            <a href=\"https:\/\/vistulahospitality.edu.pl\/en\/science-and-research\/reliability-of-scientific-research\" class=\"o-link c-article c-article--blur-icon js-to-hover \">\n            <div class=\"c-article__img-icon-wrap\">\n                    \n    \n    <div class=\"c-article__image\" style=\"background-image: url(https:\/\/b2929804.smushcdn.com\/2929804\/wp-content\/uploads\/2022\/01\/biuro-karier-565x278-1-370x270.jpeg?lossy=1&strip=1&webp=1)\">\n                <img decoding=\"async\" class=\"c-article__image-elem\" src=\"https:\/\/b2929804.smushcdn.com\/2929804\/wp-content\/uploads\/2022\/01\/biuro-karier-565x278-1-370x270.jpeg?lossy=1&strip=1&webp=1\" alt=\"Reliability of scientific research\" loading=\"lazy\" \/> \n    <\/div>\n            <img decoding=\"async\" class=\"c-article__icon-page\" src=\"https:\/\/vistulahospitality.edu.pl\/wp-content\/uploads\/2021\/12\/school_black_24dp-2.svg\" alt=\"\">\n    <\/div>\n        <div class=\"c-article__desc\">\n        <div class=\"c-article__content \">\n            <p class=\"c-heading  c-heading--h3 c-article__title  c-article__title--fixed-height \">Reliability of scientific research<\/p>\n                                                                         \n            <div class=\"c-article__indicator c-article__indicator--arrow-left\"> <span class=\"c-article__arrow\"><svg width=\"12\" height=\"6\" viewBox=\"0 0 12 6\" fill=\"none\" xmlns=\"http:\/\/www.w3.org\/2000\/svg\">\n<path d=\"M8.67268 2.33337H0.666016V3.66671H8.67268V5.66671L11.3327 3.00004L8.67268 0.333374V2.33337Z\" fill=\"#01819B\"\/>\n<\/svg>\n<\/span><\/div>                     <\/div>\n    <\/div>\n       \n<\/a>\n          <\/div>\n           \n          <div class=\"u-flex-4\/12@medium u-flex-6\/12@small c-candidate-inf__children-lists-item\" style=\"order: 3\">\n            <a href=\"https:\/\/vistulahospitality.edu.pl\/en\/science-and-research\/institute-of-tourism\" class=\"o-link c-article c-article--blur-icon js-to-hover \">\n            <div class=\"c-article__img-icon-wrap\">\n                    \n    \n    <div class=\"c-article__image\" style=\"background-image: url(https:\/\/b2929804.smushcdn.com\/2929804\/wp-content\/uploads\/2022\/02\/AdobeStock_222657599-scaled-1-370x270.jpeg?lossy=1&strip=1&webp=1)\">\n                <img decoding=\"async\" class=\"c-article__image-elem\" src=\"https:\/\/b2929804.smushcdn.com\/2929804\/wp-content\/uploads\/2022\/02\/AdobeStock_222657599-scaled-1-370x270.jpeg?lossy=1&strip=1&webp=1\" alt=\"Institute of Tourism\" loading=\"lazy\" \/> \n    <\/div>\n            <img decoding=\"async\" class=\"c-article__icon-page\" src=\"https:\/\/vistulahospitality.edu.pl\/wp-content\/uploads\/2021\/11\/school_black_24dp-1.svg\" alt=\"\">\n    <\/div>\n        <div class=\"c-article__desc\">\n        <div class=\"c-article__content \">\n            <p class=\"c-heading  c-heading--h3 c-article__title  c-article__title--fixed-height \">Institute of Tourism<\/p>\n                                                                         \n            <div class=\"c-article__indicator c-article__indicator--arrow-left\"> <span class=\"c-article__arrow\"><svg width=\"12\" height=\"6\" viewBox=\"0 0 12 6\" fill=\"none\" xmlns=\"http:\/\/www.w3.org\/2000\/svg\">\n<path d=\"M8.67268 2.33337H0.666016V3.66671H8.67268V5.66671L11.3327 3.00004L8.67268 0.333374V2.33337Z\" fill=\"#01819B\"\/>\n<\/svg>\n<\/span><\/div>                     <\/div>\n    <\/div>\n       \n<\/a>\n          <\/div>\n                  <\/div>\n      <\/div>\n\n      \n    <\/div>\n  <\/div>\n  <\/section>\n","protected":false},"excerpt":{"rendered":"","protected":false},"author":1,"featured_media":0,"parent":0,"menu_order":95,"comment_status":"closed","ping_status":"closed","template":"","meta":{"_acf_changed":false,"inline_featured_image":false,"footnotes":""},"class_list":["post-9730","page","type-page","status-publish","hentry"],"acf":[],"yoast_head":"<!-- This site is optimized with the Yoast SEO plugin v26.7 - https:\/\/yoast.com\/wordpress\/plugins\/seo\/ -->\n<title>Science and Research - Vistula School of Hospitality<\/title>\n<meta name=\"robots\" content=\"index, follow, max-snippet:-1, max-image-preview:large, max-video-preview:-1\" \/>\n<link rel=\"canonical\" href=\"https:\/\/vistulahospitality.edu.pl\/en\/science-and-research\" \/>\n<meta property=\"og:locale\" content=\"en_US\" \/>\n<meta property=\"og:type\" content=\"article\" \/>\n<meta property=\"og:title\" content=\"Science and Research - Vistula School of Hospitality\" \/>\n<meta property=\"og:url\" content=\"https:\/\/vistulahospitality.edu.pl\/en\/science-and-research\" \/>\n<meta property=\"og:site_name\" content=\"Vistula School of Hospitality\" \/>\n<meta property=\"article:modified_time\" content=\"2022-02-26T15:41:18+00:00\" \/>\n<meta name=\"twitter:card\" content=\"summary_large_image\" \/>\n<script type=\"application\/ld+json\" class=\"yoast-schema-graph\">{\"@context\":\"https:\/\/schema.org\",\"@graph\":[{\"@type\":\"WebPage\",\"@id\":\"https:\/\/vistulahospitality.edu.pl\/en\/science-and-research\",\"url\":\"https:\/\/vistulahospitality.edu.pl\/en\/science-and-research\",\"name\":\"Science and Research - Vistula School of Hospitality\",\"isPartOf\":{\"@id\":\"https:\/\/vistulahospitality.edu.pl\/en#website\"},\"datePublished\":\"2021-12-19T16:50:15+00:00\",\"dateModified\":\"2022-02-26T15:41:18+00:00\",\"breadcrumb\":{\"@id\":\"https:\/\/vistulahospitality.edu.pl\/en\/science-and-research#breadcrumb\"},\"inLanguage\":\"en-US\",\"potentialAction\":[{\"@type\":\"ReadAction\",\"target\":[\"https:\/\/vistulahospitality.edu.pl\/en\/science-and-research\"]}]},{\"@type\":\"BreadcrumbList\",\"@id\":\"https:\/\/vistulahospitality.edu.pl\/en\/science-and-research#breadcrumb\",\"itemListElement\":[{\"@type\":\"ListItem\",\"position\":1,\"name\":\"Home\",\"item\":\"https:\/\/vistulahospitality.edu.pl\/en\"},{\"@type\":\"ListItem\",\"position\":2,\"name\":\"Science and Research\"}]},{\"@type\":\"WebSite\",\"@id\":\"https:\/\/vistulahospitality.edu.pl\/en#website\",\"url\":\"https:\/\/vistulahospitality.edu.pl\/en\",\"name\":\"Vistula School of Hospitality\",\"description\":\"Szko\u0142a G\u0142\u00f3wna Turystyki i Hotelarstwa Vistula\",\"publisher\":{\"@id\":\"https:\/\/vistulahospitality.edu.pl\/en#organization\"},\"potentialAction\":[{\"@type\":\"SearchAction\",\"target\":{\"@type\":\"EntryPoint\",\"urlTemplate\":\"https:\/\/vistulahospitality.edu.pl\/en?s={search_term_string}\"},\"query-input\":{\"@type\":\"PropertyValueSpecification\",\"valueRequired\":true,\"valueName\":\"search_term_string\"}}],\"inLanguage\":\"en-US\"},{\"@type\":\"Organization\",\"@id\":\"https:\/\/vistulahospitality.edu.pl\/en#organization\",\"name\":\"Vistula School of Hospitality\",\"url\":\"https:\/\/vistulahospitality.edu.pl\/en\",\"logo\":{\"@type\":\"ImageObject\",\"inLanguage\":\"en-US\",\"@id\":\"https:\/\/vistulahospitality.edu.pl\/en#\/schema\/logo\/image\/\",\"url\":\"https:\/\/vistulahospitality.edu.pl\/wp-content\/uploads\/sites\/3\/2022\/02\/logo_sgtih_en.svg\",\"contentUrl\":\"https:\/\/vistulahospitality.edu.pl\/wp-content\/uploads\/sites\/3\/2022\/02\/logo_sgtih_en.svg\",\"width\":53,\"height\":60,\"caption\":\"Vistula School of Hospitality\"},\"image\":{\"@id\":\"https:\/\/vistulahospitality.edu.pl\/en#\/schema\/logo\/image\/\"}}]}<\/script>\n<!-- \/ Yoast SEO plugin. -->","yoast_head_json":{"title":"Science and Research - Vistula School of Hospitality","robots":{"index":"index","follow":"follow","max-snippet":"max-snippet:-1","max-image-preview":"max-image-preview:large","max-video-preview":"max-video-preview:-1"},"canonical":"https:\/\/vistulahospitality.edu.pl\/en\/science-and-research","og_locale":"en_US","og_type":"article","og_title":"Science and Research - Vistula School of Hospitality","og_url":"https:\/\/vistulahospitality.edu.pl\/en\/science-and-research","og_site_name":"Vistula School of Hospitality","article_modified_time":"2022-02-26T15:41:18+00:00","twitter_card":"summary_large_image","schema":{"@context":"https:\/\/schema.org","@graph":[{"@type":"WebPage","@id":"https:\/\/vistulahospitality.edu.pl\/en\/science-and-research","url":"https:\/\/vistulahospitality.edu.pl\/en\/science-and-research","name":"Science and Research - Vistula School of Hospitality","isPartOf":{"@id":"https:\/\/vistulahospitality.edu.pl\/en#website"},"datePublished":"2021-12-19T16:50:15+00:00","dateModified":"2022-02-26T15:41:18+00:00","breadcrumb":{"@id":"https:\/\/vistulahospitality.edu.pl\/en\/science-and-research#breadcrumb"},"inLanguage":"en-US","potentialAction":[{"@type":"ReadAction","target":["https:\/\/vistulahospitality.edu.pl\/en\/science-and-research"]}]},{"@type":"BreadcrumbList","@id":"https:\/\/vistulahospitality.edu.pl\/en\/science-and-research#breadcrumb","itemListElement":[{"@type":"ListItem","position":1,"name":"Home","item":"https:\/\/vistulahospitality.edu.pl\/en"},{"@type":"ListItem","position":2,"name":"Science and Research"}]},{"@type":"WebSite","@id":"https:\/\/vistulahospitality.edu.pl\/en#website","url":"https:\/\/vistulahospitality.edu.pl\/en","name":"Vistula School of Hospitality","description":"Szko\u0142a G\u0142\u00f3wna Turystyki i Hotelarstwa Vistula","publisher":{"@id":"https:\/\/vistulahospitality.edu.pl\/en#organization"},"potentialAction":[{"@type":"SearchAction","target":{"@type":"EntryPoint","urlTemplate":"https:\/\/vistulahospitality.edu.pl\/en?s={search_term_string}"},"query-input":{"@type":"PropertyValueSpecification","valueRequired":true,"valueName":"search_term_string"}}],"inLanguage":"en-US"},{"@type":"Organization","@id":"https:\/\/vistulahospitality.edu.pl\/en#organization","name":"Vistula School of Hospitality","url":"https:\/\/vistulahospitality.edu.pl\/en","logo":{"@type":"ImageObject","inLanguage":"en-US","@id":"https:\/\/vistulahospitality.edu.pl\/en#\/schema\/logo\/image\/","url":"https:\/\/vistulahospitality.edu.pl\/wp-content\/uploads\/sites\/3\/2022\/02\/logo_sgtih_en.svg","contentUrl":"https:\/\/vistulahospitality.edu.pl\/wp-content\/uploads\/sites\/3\/2022\/02\/logo_sgtih_en.svg","width":53,"height":60,"caption":"Vistula School of Hospitality"},"image":{"@id":"https:\/\/vistulahospitality.edu.pl\/en#\/schema\/logo\/image\/"}}]}},"_links":{"self":[{"href":"https:\/\/vistulahospitality.edu.pl\/en\/wp-json\/wp\/v2\/pages\/9730","targetHints":{"allow":["GET"]}}],"collection":[{"href":"https:\/\/vistulahospitality.edu.pl\/en\/wp-json\/wp\/v2\/pages"}],"about":[{"href":"https:\/\/vistulahospitality.edu.pl\/en\/wp-json\/wp\/v2\/types\/page"}],"author":[{"embeddable":true,"href":"https:\/\/vistulahospitality.edu.pl\/en\/wp-json\/wp\/v2\/users\/1"}],"replies":[{"embeddable":true,"href":"https:\/\/vistulahospitality.edu.pl\/en\/wp-json\/wp\/v2\/comments?post=9730"}],"version-history":[{"count":0,"href":"https:\/\/vistulahospitality.edu.pl\/en\/wp-json\/wp\/v2\/pages\/9730\/revisions"}],"wp:attachment":[{"href":"https:\/\/vistulahospitality.edu.pl\/en\/wp-json\/wp\/v2\/media?parent=9730"}],"curies":[{"name":"wp","href":"https:\/\/api.w.org\/{rel}","templated":true}]}}