{"id":9322,"date":"2022-02-03T14:02:31","date_gmt":"2022-02-03T14:02:31","guid":{"rendered":"https:\/\/vistulahospitality.edu.pl\/pytania-i-odpowiedzi\/"},"modified":"2022-02-20T17:26:06","modified_gmt":"2022-02-20T17:26:06","slug":"faq","status":"publish","type":"page","link":"https:\/\/vistulahospitality.edu.pl\/en\/faq","title":{"rendered":"Frequently Asked Questions"},"content":{"rendered":"\n\n<section class=\" o-section c-candidate-inf\" id=\"\">\n  <div class=\"o-wrapper c-candidate-inf__container\">\n        <div class=\"c-candidate-inf__header\">\n            <h2 class=\"c-heading c-heading--h1 c-candidate-inf__title \">Frequently Asked Questions<\/h2>                        <p class=\"c-candidate-inf__description\">\n    You need help? We answer the most frequently asked questions \n<\/p>          <\/div>\n        <div class=\"c-candidate-inf__blocks-wrapper  c-candidate-inf__blocks-wrapper--paddin-none\">\n                <div\n        class=\"c-candidate-inf__inner-block o-flex c-candidate-inf__inner-block--flex \">\n\n        <div\n          class=\"c-candidate-inf__inner-items u-flex-9\/12@medium u-flex-12\/12 \">\n                              \n\n<section class=\" o-section c-faq-lists\" id=\"\" data-marker=\"block_61fbe06c3c0ab\">\n  <div class=\"o-wrapper c-faq-lists__container \">\n            \n            \n                           \n                    <h2 class=\"c-heading c-heading--h2 c-faq-lists__title u-text-center u-margin-bottom-great \">Recruitment process<\/h2>\n        \n    <div class=\"c-faq-lists__faq-wrapper\">\n\n          <div class=\"accordion-js taxonomy-content-js\" id=\"recruitment-process\">\n              <div class=\"c-faq__item\">\n  <p class=\"c-faq__title\">How to apply online?<\/p>\n  <div class=\"c-faq__description recruitment-process-6383\">\n    <p><span style=\"font-weight: 400;\">In order to submit an online application, click on the APPLY ONLINE button, which is visible on our website.<\/span>\r\n\r\n<span style=\"font-weight: 400;\">We also invite you to read the <\/span><a href=\"https:\/\/www.vistula.edu.pl\/en\/new-students\/how-to-apply-2\"><span style=\"font-weight: 400;\">RECRUITMENT<\/span><\/a><span style=\"font-weight: 400;\"> information, where the following steps of recruitment are explained in details.<\/span><\/p>\n  <\/div>\n<\/div>\n              <div class=\"c-faq__item\">\n  <p class=\"c-faq__title\">Where can I find the price list for studies?<\/p>\n  <div class=\"c-faq__description recruitment-process-6381\">\n    <p><span style=\"font-weight: 400;\">The price list of studies is available on the website related to individual fields of study:<\/span>\r\n\r\n<a href=\"https:\/\/www.vistula.edu.pl\/en\/programmes\"><b>https:\/\/www.vistula.edu.pl\/en\/programmes<\/b><\/a><\/p>\n  <\/div>\n<\/div>\n              <div class=\"c-faq__item\">\n  <p class=\"c-faq__title\">Are there any promotions for new candidates from Poland?<\/p>\n  <div class=\"c-faq__description recruitment-process-6378\">\n    <p><span style=\"font-weight: 400;\">Yes, please visit the <\/span><a href=\"https:\/\/www.vistula.edu.pl\/en\/programmes\/promotion\"><span style=\"font-weight: 400;\">CANDIDATE &#8211; SPECIAL OFFERS<\/span><\/a><span style=\"font-weight: 400;\"> website, where you can find details about current promotions for new candidates.<\/span><\/p>\n  <\/div>\n<\/div>\n              <div class=\"c-faq__item\">\n  <p class=\"c-faq__title\">How to use online classes?<\/p>\n  <div class=\"c-faq__description recruitment-process-6057\">\n    <p><span style=\"font-weight: 400;\">Through the Platon platform, on which there are relevant instructions.<\/span><\/p>\n  <\/div>\n<\/div>\n              <div class=\"c-faq__item\">\n  <p class=\"c-faq__title\">What are Online Studies?<\/p>\n  <div class=\"c-faq__description recruitment-process-6055\">\n    <p><span style=\"font-weight: 400;\">Online Studies at Vistula University are a modern form of studies carried out with the use of the latest information and communication technology. Each course of Online Studies comprises:<\/span>\r\n<ul>\r\n \t<li style=\"font-weight: 400;\" aria-level=\"1\"><span style=\"font-weight: 400;\">self-study sessions based on materials prepared by the E-learning Department on the basis of materials provided by lecturers;<\/span><\/li>\r\n \t<li style=\"font-weight: 400;\" aria-level=\"1\"><span style=\"font-weight: 400;\">seminars in the form of online sessions, i.e. \u201clive\u201d meetings with the lecturer in a virtual classroom (Monday to Thursday from 6:00 pm to 7:30 pm or 7:45 pm &#8211; 9:15 pm);<\/span><\/li>\r\n \t<li style=\"font-weight: 400;\" aria-level=\"1\"><span style=\"font-weight: 400;\">classes at the University, taking place at the beginning and at the end of the semester during weekend meetings.<\/span><\/li>\r\n<\/ul><\/p>\n  <\/div>\n<\/div>\n              <div class=\"c-faq__item\">\n  <p class=\"c-faq__title\">How to sign an online contract in the recruitment system?<\/p>\n  <div class=\"c-faq__description recruitment-process-6053\">\n    <p><span style=\"font-weight: 400;\">In order to sign a study contract in the online enrollment system, you must first read its content, and then CONFIRM the acceptance of the terms of the contract in the TASKS in the online application.<\/span><\/p>\n  <\/div>\n<\/div>\n              <div class=\"c-faq__item\">\n  <p class=\"c-faq__title\">I need support in completing my application for studies, where can I find it?<\/p>\n  <div class=\"c-faq__description recruitment-process-6051\">\n    <p><span style=\"font-weight: 400;\">Please contact the Recruitment Department, whose employees will be happy to help you fill out the application and answer any questions regarding the recruitment process.<\/span><\/p>\n  <\/div>\n<\/div>\n              <div class=\"c-faq__item\">\n  <p class=\"c-faq__title\">How to apply online?<\/p>\n  <div class=\"c-faq__description recruitment-process-6049\">\n    <p><span style=\"font-weight: 400;\">In order to submit an online application, click on the APPLY ONLINE button, which is visible on our website.<\/span>\r\n\r\n<span style=\"font-weight: 400;\">We also invite you to read the <\/span><a href=\"https:\/\/www.vistula.edu.pl\/en\/new-students\/how-to-apply-2\"><span style=\"font-weight: 400;\">RECRUITMENT<\/span><\/a><span style=\"font-weight: 400;\"> information, where the following steps of recruitment are explained in details.<\/span><\/p>\n  <\/div>\n<\/div>\n              <div class=\"c-faq__item\">\n  <p class=\"c-faq__title\">Where can I find information about transferring from another university?<\/p>\n  <div class=\"c-faq__description recruitment-process-6046\">\n    <p>Transfer procedure takes place through an on-line admissions system: \u00a0 \u2018dream apply \u2013 Apply online\u2019. You should indicate which year and semester of studies relates to what you wish\u00a0 to be admitted for.<\/p>\n  <\/div>\n<\/div>\n              <div class=\"c-faq__item\">\n  <p class=\"c-faq__title\">Where can I find the price list for studies?<\/p>\n  <div class=\"c-faq__description recruitment-process-6044\">\n    <p><span style=\"font-weight: 400;\">The price list of studies is available on the website related to individual fields of study, as well as in the <\/span><a href=\"https:\/\/www.vistula.edu.pl\/en\/about\/important-documents\"><span style=\"font-weight: 400;\">IMPORTANT DOCUMENTS &#8211; STUDY FEES<\/span><\/a><span style=\"font-weight: 400;\">.<\/span><\/p>\n  <\/div>\n<\/div>\n              <div class=\"c-faq__item\">\n  <p class=\"c-faq__title\">I have finished secondary school and college. Can I apply?<\/p>\n  <div class=\"c-faq__description recruitment-process-6042\">\n    <p><span style=\"font-weight: 400;\">Yes, you need to provide both a secondary school certificate and a college diploma.<\/span><\/p>\n  <\/div>\n<\/div>\n              <div class=\"c-faq__item\">\n  <p class=\"c-faq__title\">Can I apply for a Bachelor\u2019s Degree studies without a High School Diploma?<\/p>\n  <div class=\"c-faq__description recruitment-process-6040\">\n    <p><span style=\"font-weight: 400;\">No, you need to have your diploma.<\/span><\/p>\n  <\/div>\n<\/div>\n              <div class=\"c-faq__item\">\n  <p class=\"c-faq__title\">How to take advantage of the promotion?<\/p>\n  <div class=\"c-faq__description recruitment-process-6038\">\n    <p><span style=\"font-weight: 400;\">All details about individual promotions and their regulations can be found on our website:<\/span>\r\n\r\n<a href=\"https:\/\/www.vistula.edu.pl\/kandydat\/promocje\"><span style=\"font-weight: 400;\">CANDIDATE &#8211; SPECIAL OFFERS<\/span><\/a><span style=\"font-weight: 400;\">.<\/span>\r\n\r\n<span style=\"font-weight: 400;\">In case of questions or doubts, you can always contact the Recruitment Department, which will be happy to answer all your questions: rekrutacja@vistula.edu.pl.<\/span><\/p>\n  <\/div>\n<\/div>\n              <div class=\"c-faq__item\">\n  <p class=\"c-faq__title\">Are there any promotions for new candidates from Poland?<\/p>\n  <div class=\"c-faq__description recruitment-process-6036\">\n    <p><span style=\"font-weight: 400;\">Yes, please visit the <\/span><a href=\"https:\/\/www.vistula.edu.pl\/kandydat\/promocje\"><span style=\"font-weight: 400;\">CANDIDATE &#8211; SPECIAL OFFERS<\/span><\/a><span style=\"font-weight: 400;\"> website, where you can find details about current promotions for new candidates.<\/span><\/p>\n  <\/div>\n<\/div>\n            <\/div>\n    \n    <\/div>\n\n      <\/div>\n<\/section>\n\n                  <\/div>\n \n                <div class=\"c-candidate-inf__menu u-flex-3\/12@medium u-flex-12\/12 js-candidate-inf-menu\">\n                              <div class=\"c-children-menu c-children-menu--desktop\" style=\"max-height: calc(100vh - 112px); margin-bottom:112px; overflow-y: auto;\">\n  <p class=\"c-children-menu__title u-text--strong u-text--smaller u-font-color--2\">Questions category<\/p>\n\n      \n    <ul class=\"o-list-bare c-children-menu__list\">\n        \n                          <li class=\"c-children-menu__item\"><a class=\"c-children-menu__link is-active\"\n        href=\"https:\/\/vistulahospitality.edu.pl\/en\/faq\/recruitment-process\">Recruitment process<\/a><\/li>\n        \n                <li class=\"c-children-menu__item\"><a class=\"c-children-menu__link \"\n        href=\"https:\/\/vistulahospitality.edu.pl\/en\/faq\/recruitment-process-foreign-student\">Recruitment process, foreign student<\/a><\/li>\n        \n                <li class=\"c-children-menu__item\"><a class=\"c-children-menu__link \"\n        href=\"https:\/\/vistulahospitality.edu.pl\/en\/faq\/how-to-reduce-tuition-fees\">How to reduce tuition fees?<\/a><\/li>\n        \n                <li class=\"c-children-menu__item\"><a class=\"c-children-menu__link \"\n        href=\"https:\/\/vistulahospitality.edu.pl\/en\/faq\/payments-for-studies\">Finance, payments for studies<\/a><\/li>\n        \n                <li class=\"c-children-menu__item\"><a class=\"c-children-menu__link \"\n        href=\"https:\/\/vistulahospitality.edu.pl\/en\/faq\/organisation-of-the-academic-year\">Organisation of the academic year<\/a><\/li>\n        \n                <li class=\"c-children-menu__item\"><a class=\"c-children-menu__link \"\n        href=\"https:\/\/vistulahospitality.edu.pl\/en\/faq\/student-affairs\">Student affairs<\/a><\/li>\n        \n                <li class=\"c-children-menu__item\"><a class=\"c-children-menu__link \"\n        href=\"https:\/\/vistulahospitality.edu.pl\/en\/faq\/foreign-student-affairs\">Foreign student affairs<\/a><\/li>\n        \n                <li class=\"c-children-menu__item\"><a class=\"c-children-menu__link \"\n        href=\"https:\/\/vistulahospitality.edu.pl\/en\/faq\/technical-support\">Technical support<\/a><\/li>\n        \n                <li class=\"c-children-menu__item\"><a class=\"c-children-menu__link \"\n        href=\"https:\/\/vistulahospitality.edu.pl\/en\/faq\/offers-of-practices-and-internships\">Offers of practices and internships<\/a><\/li>\n        \n                <li class=\"c-children-menu__item\"><a class=\"c-children-menu__link \"\n        href=\"https:\/\/vistulahospitality.edu.pl\/en\/faq\/erasmus-2\">Erasmus+<\/a><\/li>\n        \n                <li class=\"c-children-menu__item\"><a class=\"c-children-menu__link \"\n        href=\"https:\/\/vistulahospitality.edu.pl\/en\/faq\/library\">Library<\/a><\/li>\n      <\/ul>\n  \n  <\/div>\n  <div class=\"c-button c-button--primary c-button--fixed-pos c-button--with-icon js-prev-section\" style=\"\n    padding-left: 5px; \n    position: sticky;\n    top: calc(100vh - 82px);\n    margin:0 15px 30px;\n    display:none;\n    width:calc(100% - 30px)\">\n    <span class=\"c-icon c-icon--rotate-180\">  \n        <svg width=\"8\" height=\"8\" viewBox=\"0 0 8 8\" fill=\"none\" xmlns=\"http:\/\/www.w3.org\/2000\/svg\">\n<path fill-rule=\"evenodd\" clip-rule=\"evenodd\" d=\"M4 8L0 0L8 0L4 8Z\" fill=\"#ffffff\"\/>\n<\/svg>\n\n    <\/span>Previous section\n  <\/div>\n \n\n<div class=\"c-children-menu c-children-menu--mobile js-select-links\">\n\n    \n  \n                  \n    \n        \n    \n        \n    \n        \n    \n        \n    \n        \n    \n        \n    \n        \n    \n        \n    \n        \n    \n        \n    \n\n\n    <label class=\"c-label c-label--select\">\n    <span class=\"c-label__title\" id=\"form-input-label--506011\"><\/span>\n        <div class=\"c-select__container\">\n        <select id=\"form-input--506011\" name=\"menu-children\" class=\"c-select js-select\" aria-labelledby=\"form-input-label--506011\">\n                                        <option value=\"\" selected >Questions category<\/option>\n                                                             \n               \n                        \n                                                                       \n                <option class=\"active\" value=\"https:\/\/vistulahospitality.edu.pl\/en\/faqrecruitment-process\">Recruitment process<\/option>\n                                                 \n               \n                        \n                                       \n                <option class=\"\" value=\"https:\/\/vistulahospitality.edu.pl\/en\/faqrecruitment-process-foreign-student\">Recruitment process, foreign student<\/option>\n                                                 \n               \n                        \n                                       \n                <option class=\"\" value=\"https:\/\/vistulahospitality.edu.pl\/en\/faqhow-to-reduce-tuition-fees\">How to reduce tuition fees?<\/option>\n                                                 \n               \n                        \n                                       \n                <option class=\"\" value=\"https:\/\/vistulahospitality.edu.pl\/en\/faqpayments-for-studies\">Finance, payments for studies<\/option>\n                                                 \n               \n                        \n                                       \n                <option class=\"\" value=\"https:\/\/vistulahospitality.edu.pl\/en\/faqorganisation-of-the-academic-year\">Organisation of the academic year<\/option>\n                                                 \n               \n                        \n                                       \n                <option class=\"\" value=\"https:\/\/vistulahospitality.edu.pl\/en\/faqstudent-affairs\">Student affairs<\/option>\n                                                 \n               \n                        \n                                       \n                <option class=\"\" value=\"https:\/\/vistulahospitality.edu.pl\/en\/faqforeign-student-affairs\">Foreign student affairs<\/option>\n                                                 \n               \n                        \n                                       \n                <option class=\"\" value=\"https:\/\/vistulahospitality.edu.pl\/en\/faqtechnical-support\">Technical support<\/option>\n                                                 \n               \n                        \n                                       \n                <option class=\"\" value=\"https:\/\/vistulahospitality.edu.pl\/en\/faqoffers-of-practices-and-internships\">Offers of practices and internships<\/option>\n                                                 \n               \n                        \n                                       \n                <option class=\"\" value=\"https:\/\/vistulahospitality.edu.pl\/en\/faqerasmus-2\">Erasmus+<\/option>\n                                                 \n               \n                        \n                                       \n                <option class=\"\" value=\"https:\/\/vistulahospitality.edu.pl\/en\/faqlibrary\">Library<\/option>\n                    <\/select>\n                    <\/div>\n    <\/label>\n\n<\/div>\n\n        <\/div>\n              <\/div>\n      \n    <\/div>\n  <\/div>\n  <\/section>\n","protected":false},"excerpt":{"rendered":"","protected":false},"author":1,"featured_media":0,"parent":0,"menu_order":94,"comment_status":"closed","ping_status":"closed","template":"","meta":{"_acf_changed":false,"inline_featured_image":false,"footnotes":""},"class_list":["post-9322","page","type-page","status-publish","hentry"],"acf":[],"yoast_head":"<!-- This site is optimized with the Yoast SEO plugin v26.7 - https:\/\/yoast.com\/wordpress\/plugins\/seo\/ -->\n<title>Frequently Asked Questions - Vistula School of Hospitality<\/title>\n<meta name=\"robots\" content=\"index, follow, max-snippet:-1, max-image-preview:large, max-video-preview:-1\" \/>\n<link rel=\"canonical\" href=\"https:\/\/vistulahospitality.edu.pl\/en\/faq\" \/>\n<meta property=\"og:locale\" content=\"en_US\" \/>\n<meta property=\"og:type\" content=\"article\" \/>\n<meta property=\"og:title\" content=\"Frequently Asked Questions - Vistula School of Hospitality\" \/>\n<meta property=\"og:url\" content=\"https:\/\/vistulahospitality.edu.pl\/en\/faq\" \/>\n<meta property=\"og:site_name\" content=\"Vistula School of Hospitality\" \/>\n<meta property=\"article:modified_time\" content=\"2022-02-20T17:26:06+00:00\" \/>\n<meta name=\"twitter:card\" content=\"summary_large_image\" \/>\n<script type=\"application\/ld+json\" class=\"yoast-schema-graph\">{\"@context\":\"https:\/\/schema.org\",\"@graph\":[{\"@type\":\"WebPage\",\"@id\":\"https:\/\/vistulahospitality.edu.pl\/en\/faq\",\"url\":\"https:\/\/vistulahospitality.edu.pl\/en\/faq\",\"name\":\"Frequently Asked Questions - Vistula School of Hospitality\",\"isPartOf\":{\"@id\":\"https:\/\/vistulahospitality.edu.pl\/en#website\"},\"datePublished\":\"2022-02-03T14:02:31+00:00\",\"dateModified\":\"2022-02-20T17:26:06+00:00\",\"breadcrumb\":{\"@id\":\"https:\/\/vistulahospitality.edu.pl\/en\/faq#breadcrumb\"},\"inLanguage\":\"en-US\",\"potentialAction\":[{\"@type\":\"ReadAction\",\"target\":[\"https:\/\/vistulahospitality.edu.pl\/en\/faq\"]}]},{\"@type\":\"BreadcrumbList\",\"@id\":\"https:\/\/vistulahospitality.edu.pl\/en\/faq#breadcrumb\",\"itemListElement\":[{\"@type\":\"ListItem\",\"position\":1,\"name\":\"Home\",\"item\":\"https:\/\/vistulahospitality.edu.pl\/en\"},{\"@type\":\"ListItem\",\"position\":2,\"name\":\"Frequently Asked Questions\"}]},{\"@type\":\"WebSite\",\"@id\":\"https:\/\/vistulahospitality.edu.pl\/en#website\",\"url\":\"https:\/\/vistulahospitality.edu.pl\/en\",\"name\":\"Vistula School of Hospitality\",\"description\":\"Szko\u0142a G\u0142\u00f3wna Turystyki i Hotelarstwa Vistula\",\"publisher\":{\"@id\":\"https:\/\/vistulahospitality.edu.pl\/en#organization\"},\"potentialAction\":[{\"@type\":\"SearchAction\",\"target\":{\"@type\":\"EntryPoint\",\"urlTemplate\":\"https:\/\/vistulahospitality.edu.pl\/en?s={search_term_string}\"},\"query-input\":{\"@type\":\"PropertyValueSpecification\",\"valueRequired\":true,\"valueName\":\"search_term_string\"}}],\"inLanguage\":\"en-US\"},{\"@type\":\"Organization\",\"@id\":\"https:\/\/vistulahospitality.edu.pl\/en#organization\",\"name\":\"Vistula School of Hospitality\",\"url\":\"https:\/\/vistulahospitality.edu.pl\/en\",\"logo\":{\"@type\":\"ImageObject\",\"inLanguage\":\"en-US\",\"@id\":\"https:\/\/vistulahospitality.edu.pl\/en#\/schema\/logo\/image\/\",\"url\":\"https:\/\/vistulahospitality.edu.pl\/wp-content\/uploads\/sites\/3\/2022\/02\/logo_sgtih_en.svg\",\"contentUrl\":\"https:\/\/vistulahospitality.edu.pl\/wp-content\/uploads\/sites\/3\/2022\/02\/logo_sgtih_en.svg\",\"width\":53,\"height\":60,\"caption\":\"Vistula School of Hospitality\"},\"image\":{\"@id\":\"https:\/\/vistulahospitality.edu.pl\/en#\/schema\/logo\/image\/\"}}]}<\/script>\n<!-- \/ Yoast SEO plugin. -->","yoast_head_json":{"title":"Frequently Asked Questions - Vistula School of Hospitality","robots":{"index":"index","follow":"follow","max-snippet":"max-snippet:-1","max-image-preview":"max-image-preview:large","max-video-preview":"max-video-preview:-1"},"canonical":"https:\/\/vistulahospitality.edu.pl\/en\/faq","og_locale":"en_US","og_type":"article","og_title":"Frequently Asked Questions - Vistula School of Hospitality","og_url":"https:\/\/vistulahospitality.edu.pl\/en\/faq","og_site_name":"Vistula School of Hospitality","article_modified_time":"2022-02-20T17:26:06+00:00","twitter_card":"summary_large_image","schema":{"@context":"https:\/\/schema.org","@graph":[{"@type":"WebPage","@id":"https:\/\/vistulahospitality.edu.pl\/en\/faq","url":"https:\/\/vistulahospitality.edu.pl\/en\/faq","name":"Frequently Asked Questions - Vistula School of Hospitality","isPartOf":{"@id":"https:\/\/vistulahospitality.edu.pl\/en#website"},"datePublished":"2022-02-03T14:02:31+00:00","dateModified":"2022-02-20T17:26:06+00:00","breadcrumb":{"@id":"https:\/\/vistulahospitality.edu.pl\/en\/faq#breadcrumb"},"inLanguage":"en-US","potentialAction":[{"@type":"ReadAction","target":["https:\/\/vistulahospitality.edu.pl\/en\/faq"]}]},{"@type":"BreadcrumbList","@id":"https:\/\/vistulahospitality.edu.pl\/en\/faq#breadcrumb","itemListElement":[{"@type":"ListItem","position":1,"name":"Home","item":"https:\/\/vistulahospitality.edu.pl\/en"},{"@type":"ListItem","position":2,"name":"Frequently Asked Questions"}]},{"@type":"WebSite","@id":"https:\/\/vistulahospitality.edu.pl\/en#website","url":"https:\/\/vistulahospitality.edu.pl\/en","name":"Vistula School of Hospitality","description":"Szko\u0142a G\u0142\u00f3wna Turystyki i Hotelarstwa Vistula","publisher":{"@id":"https:\/\/vistulahospitality.edu.pl\/en#organization"},"potentialAction":[{"@type":"SearchAction","target":{"@type":"EntryPoint","urlTemplate":"https:\/\/vistulahospitality.edu.pl\/en?s={search_term_string}"},"query-input":{"@type":"PropertyValueSpecification","valueRequired":true,"valueName":"search_term_string"}}],"inLanguage":"en-US"},{"@type":"Organization","@id":"https:\/\/vistulahospitality.edu.pl\/en#organization","name":"Vistula School of Hospitality","url":"https:\/\/vistulahospitality.edu.pl\/en","logo":{"@type":"ImageObject","inLanguage":"en-US","@id":"https:\/\/vistulahospitality.edu.pl\/en#\/schema\/logo\/image\/","url":"https:\/\/vistulahospitality.edu.pl\/wp-content\/uploads\/sites\/3\/2022\/02\/logo_sgtih_en.svg","contentUrl":"https:\/\/vistulahospitality.edu.pl\/wp-content\/uploads\/sites\/3\/2022\/02\/logo_sgtih_en.svg","width":53,"height":60,"caption":"Vistula School of Hospitality"},"image":{"@id":"https:\/\/vistulahospitality.edu.pl\/en#\/schema\/logo\/image\/"}}]}},"_links":{"self":[{"href":"https:\/\/vistulahospitality.edu.pl\/en\/wp-json\/wp\/v2\/pages\/9322","targetHints":{"allow":["GET"]}}],"collection":[{"href":"https:\/\/vistulahospitality.edu.pl\/en\/wp-json\/wp\/v2\/pages"}],"about":[{"href":"https:\/\/vistulahospitality.edu.pl\/en\/wp-json\/wp\/v2\/types\/page"}],"author":[{"embeddable":true,"href":"https:\/\/vistulahospitality.edu.pl\/en\/wp-json\/wp\/v2\/users\/1"}],"replies":[{"embeddable":true,"href":"https:\/\/vistulahospitality.edu.pl\/en\/wp-json\/wp\/v2\/comments?post=9322"}],"version-history":[{"count":0,"href":"https:\/\/vistulahospitality.edu.pl\/en\/wp-json\/wp\/v2\/pages\/9322\/revisions"}],"wp:attachment":[{"href":"https:\/\/vistulahospitality.edu.pl\/en\/wp-json\/wp\/v2\/media?parent=9322"}],"curies":[{"name":"wp","href":"https:\/\/api.w.org\/{rel}","templated":true}]}}