{"id":7580,"date":"2021-12-30T09:11:23","date_gmt":"2021-12-30T09:11:23","guid":{"rendered":"https:\/\/vistulahospitality.edu.pl\/wazne-dokumenty\/"},"modified":"2025-10-16T10:38:39","modified_gmt":"2025-10-16T10:38:39","slug":"important-documents","status":"publish","type":"page","link":"https:\/\/vistulahospitality.edu.pl\/en\/university\/important-documents","title":{"rendered":"Important documents"},"content":{"rendered":"\n\n<section class=\" o-section c-candidate-inf\" id=\"\">\n  <div class=\"o-wrapper c-candidate-inf__container\">\n        <div class=\"c-candidate-inf__blocks-wrapper  c-candidate-inf__blocks-wrapper--paddin-none\">\n                <div\n        class=\"c-candidate-inf__inner-block o-flex c-candidate-inf__inner-block--flex \">\n\n        <div\n          class=\"c-candidate-inf__inner-items u-flex-9\/12@medium u-flex-12\/12 \">\n                    <div class=\"c-candidate-inf__header c-candidate-inf__header--inner\">\n                        <h2 class=\"c-heading c-heading--h2 c-candidate-inf__title \">Important documents<\/h2>                                              <\/div>\n                              \n<section\n  class=\"o-section c-basic-section   c-basic-section--inner  \"\n  id=\"\">\n  <div class=\"o-wrapper c-basic-section__container\">\n    \n    <div class=\"c-basic-section__content\">\n                                                  <\/div>\n\n    <div\n      class=\"c-basic-section__content-inner-block  \">\n\n            \n<section\n  class=\"o-section c-simple   c-simple--rm-shadow  c-simple--rm-wave  c-simple--pt-small  c-simple--pb-small   \" id=\"\">\n  <div class=\"o-wrapper c-simple__container o-flex o-flex--grids \">\n                      \n    <div\n      class=\"c-simple__content o-flex__item u-flex-6\/12@medium \">\n                                        <div class=\"c-simple__desc\">\n                      <p>We invite you to <strong>read the documents in the Public Information Bulletin<\/strong><\/p>\n\n                  <\/div>\n                    <a \n    href=\"https:\/\/sgtir-warszawa.ssdip.bip.gov.pl\/akty-prawne\/\"\n    target=\"_blank\"\n    data-marker = \"block_40a4fac707996a37b61a78cc86da4831\"\n        class=\"c-button c-button--primary\n                        c-button--fixed\n                                                        c-simple__cta\n    \"\n        >\n        BIP\n    <\/a>               <\/div>\n                          <div\n      class=\"c-simple__image o-flex__item u-flex-6\/12@medium \">\n              <img decoding=\"async\" src=\"https:\/\/b2929804.smushcdn.com\/2929804\/wp-content\/uploads\/sites\/3\/2022\/02\/o_uczelni_wazne_dokumenty_main-565x278-1.jpeg?lossy=1&strip=1&webp=1\" alt=\"\" loading=\"lazy\" \/>\n          <\/div>\n    <\/section>\n\n\n\n<div\n  class=\" c-simple-buttons   c-simple-buttons--padding  \"\n  id=\"\">\n\n            <h2 class=\"c-heading c-heading--h2 c-simple-buttons__title u-text-center  u-color--sub3-7 c-heading--radius \">Attachments to download<\/h2>  \n        \n  \n  \n    <div class=\"c-simple-buttons__row o-flex o-flex--space-between o-flex--centered-v\">\n    <div class=\"c-simple-buttons__btn-desc u-font-color--1  u-text--strong\">\n      Order 1\/04\/2025 regarding the fees for EU citizens, folders of the Polish Card or foreginers\n    <\/div>\n    <div class=\"c-simple-buttons__btn-wrap\">\n      <a \n    href=\"https:\/\/vistulahospitality.edu.pl\/wp-content\/uploads\/sites\/3\/2025\/08\/08-ZARZA\u0328DZANIE-Nr-2-04-2025-ws.-cennika-oplat-od-rok.-ak.-2025-2026-dla-obywateli-UE-i-uprawnionych-1-1.pdf\"\n    target=\"_blank\"\n    data-marker = \"block_9b4460198be53afc4b8cfa633590d340\"\n        class=\"c-button c-button--tertiary\n                                                                 c-simple-buttons__btn\n    \"\n            download\n    >\n        Download\n    <\/a>     <\/div>\n  <\/div>\n  \n      \n  \n  \n    <div class=\"c-simple-buttons__row o-flex o-flex--space-between o-flex--centered-v\">\n    <div class=\"c-simple-buttons__btn-desc u-font-color--1  u-text--strong\">\n      Order 2\/04\/2025 regarding the fees for citizens of non-EU countries\n    <\/div>\n    <div class=\"c-simple-buttons__btn-wrap\">\n      <a \n    href=\"https:\/\/vistulahospitality.edu.pl\/wp-content\/uploads\/sites\/3\/2025\/08\/07-ZARZA\u0328DZANIE-Nr-1-04-2025-ws.-cennika-oplat-od-rok.-ak.-2025-2026-dla-obywateli-spoza-UE.pdf\"\n    target=\"_blank\"\n    data-marker = \"block_9b4460198be53afc4b8cfa633590d340\"\n        class=\"c-button c-button--tertiary\n                                                                 c-simple-buttons__btn\n    \"\n            download\n    >\n        Download\n    <\/a>     <\/div>\n  <\/div>\n  \n      \n  \n  \n    <div class=\"c-simple-buttons__row o-flex o-flex--space-between o-flex--centered-v\">\n    <div class=\"c-simple-buttons__btn-desc u-font-color--1  u-text--strong\">\n      Order regarding tuition fees\n    <\/div>\n    <div class=\"c-simple-buttons__btn-wrap\">\n      <a \n    href=\"https:\/\/vistulahospitality.edu.pl\/wp-content\/uploads\/sites\/3\/2023\/05\/SGTiH_Order-regarding-tuition-fees_23.pdf\"\n    target=\"_blank\"\n    data-marker = \"block_9b4460198be53afc4b8cfa633590d340\"\n        class=\"c-button c-button--tertiary\n                                                                 c-simple-buttons__btn\n    \"\n            download\n    >\n        Download\n    <\/a>     <\/div>\n  <\/div>\n  \n      \n  \n  \n    <div class=\"c-simple-buttons__row o-flex o-flex--space-between o-flex--centered-v\">\n    <div class=\"c-simple-buttons__btn-desc u-font-color--1  u-text--strong\">\n      Study regulations\n    <\/div>\n    <div class=\"c-simple-buttons__btn-wrap\">\n      <a \n    href=\"https:\/\/vistulahospitality.edu.pl\/wp-content\/uploads\/sites\/3\/2025\/07\/REGULAMIN_STUDIOW_2025_SGTiHV_ENG.pdf\"\n    target=\"_blank\"\n    data-marker = \"block_9b4460198be53afc4b8cfa633590d340\"\n        class=\"c-button c-button--tertiary\n                                                                 c-simple-buttons__btn\n    \"\n            download\n    >\n        Download\n    <\/a>     <\/div>\n  <\/div>\n  \n    <\/div>\n\n\n          <\/div>\n  <\/div>\n<\/section>\n\n\n                  <\/div>\n \n                <div class=\"c-candidate-inf__menu u-flex-3\/12@medium u-flex-12\/12 js-candidate-inf-menu\">\n                              <div class=\"c-children-menu c-children-menu--desktop\" style=\"max-height: calc(100vh - 112px); margin-bottom:112px; overflow-y: auto;\">\n  <p class=\"c-children-menu__title u-text--strong u-text--smaller u-font-color--2\">What information are you looking for?<\/p>\n\n  \n                                                                                          <ul class=\"o-list-bare c-children-menu__list\">\n        <li class=\"c-children-menu__item\" style=\"order: 4;\">\n      <a class=\"c-children-menu__link\" href=\"https:\/\/vistulahospitality.edu.pl\/en\/news\">Vistula News<\/a>\n    <\/li>\n            <li class=\"c-children-menu__item\" style=\"order: 1;\">\n      <a class=\"c-children-menu__link \"\n        href=\"https:\/\/vistulahospitality.edu.pl\/en\/university\/vistula-universities-jubilees\">Vistula Universities\u2019 Jubilees<\/a>\n    <\/li>\n        <li class=\"c-children-menu__item\" style=\"order: 2;\">\n      <a class=\"c-children-menu__link \"\n        href=\"https:\/\/vistulahospitality.edu.pl\/en\/university\/about-the-university\">About the University<\/a>\n    <\/li>\n        <li class=\"c-children-menu__item\" style=\"order: 3;\">\n      <a class=\"c-children-menu__link \"\n        href=\"https:\/\/vistulahospitality.edu.pl\/en\/university\/university-structure\">University structure<\/a>\n    <\/li>\n        <li class=\"c-children-menu__item\" style=\"order: 4;\">\n      <a class=\"c-children-menu__link \"\n        href=\"https:\/\/vistulahospitality.edu.pl\/en\/university\/vistula-group-of-universities\">Vistula Group of Universities<\/a>\n    <\/li>\n        <li class=\"c-children-menu__item\" style=\"order: 5;\">\n      <a class=\"c-children-menu__link \"\n        href=\"https:\/\/vistulahospitality.edu.pl\/en\/university\/cooperation\">Cooperation<\/a>\n    <\/li>\n        <li class=\"c-children-menu__item\" style=\"order: 6;\">\n      <a class=\"c-children-menu__link \"\n        href=\"https:\/\/vistulahospitality.edu.pl\/en\/university\/academic-staff\">Academic staff<\/a>\n    <\/li>\n        <li class=\"c-children-menu__item\" style=\"order: 7;\">\n      <a class=\"c-children-menu__link \"\n        href=\"https:\/\/vistulahospitality.edu.pl\/en\/university\/business-council\">Business Council<\/a>\n    <\/li>\n        <li class=\"c-children-menu__item\" style=\"order: 8;\">\n      <a class=\"c-children-menu__link \"\n        href=\"https:\/\/vistulahospitality.edu.pl\/en\/university\/graduates\">Graduates<\/a>\n    <\/li>\n        <li class=\"c-children-menu__item\" style=\"order: 9;\">\n      <a class=\"c-children-menu__link \"\n        href=\"https:\/\/vistulahospitality.edu.pl\/en\/university\/our-projects\">Our projects<\/a>\n    <\/li>\n        <li class=\"c-children-menu__item\" style=\"order: 10;\">\n      <a class=\"c-children-menu__link \"\n        href=\"https:\/\/vistulahospitality.edu.pl\/en\/university\/the-vistula-compasses-competition\">The \u201cVistula Compasses\u201d Competition<\/a>\n    <\/li>\n        <li class=\"c-children-menu__item\" style=\"order: 11;\">\n      <a class=\"c-children-menu__link \"\n        href=\"https:\/\/vistulahospitality.edu.pl\/en\/university\/career-at-the-university\">Career at the University<\/a>\n    <\/li>\n        <li class=\"c-children-menu__item\" style=\"order: 12;\">\n      <a class=\"c-children-menu__link  is-active\"\n        href=\"https:\/\/vistulahospitality.edu.pl\/en\/university\/important-documents\">Important documents<\/a>\n    <\/li>\n        <li class=\"c-children-menu__item\" style=\"order: 13;\">\n      <a class=\"c-children-menu__link \"\n        href=\"https:\/\/vistulahospitality.edu.pl\/en\/university\/for-media\">For the media<\/a>\n    <\/li>\n        <li class=\"c-children-menu__item\" style=\"order: 14;\">\n      <a class=\"c-children-menu__link \"\n        href=\"https:\/\/vistulahospitality.edu.pl\/en\/university\/meetings-create-the-future-art-competition\">\u201eMeetings create the future\u201d \u2013 art competition<\/a>\n    <\/li>\n      <\/ul>\n  \n  <\/div>\n  <div class=\"c-button c-button--primary c-button--fixed-pos c-button--with-icon js-prev-section\" style=\"\n    padding-left: 5px; \n    position: sticky;\n    top: calc(100vh - 82px);\n    margin:0 15px 30px;\n    display:none;\n    width:calc(100% - 30px)\">\n    <span class=\"c-icon c-icon--rotate-180\">  \n        <svg width=\"8\" height=\"8\" viewBox=\"0 0 8 8\" fill=\"none\" xmlns=\"http:\/\/www.w3.org\/2000\/svg\">\n<path fill-rule=\"evenodd\" clip-rule=\"evenodd\" d=\"M4 8L0 0L8 0L4 8Z\" fill=\"#ffffff\"\/>\n<\/svg>\n\n    <\/span>Previous section\n  <\/div>\n \n\n<div class=\"c-children-menu c-children-menu--mobile js-select-links\" style=\"align-items:center; justify-content:space-between;\">\n\n  <div class=\"c-button c-button--primary c-button--fixed-pos c-button--with-icon js-prev-section\" style=\"\n    display:none;\n    flex: 0 0 35%; \n    margin: 0!important;\n    margin-top: -8px!important;\">\n    <span class=\"c-icon c-icon--rotate-180\">  \n        <svg width=\"8\" height=\"8\" viewBox=\"0 0 8 8\" fill=\"none\" xmlns=\"http:\/\/www.w3.org\/2000\/svg\">\n<path fill-rule=\"evenodd\" clip-rule=\"evenodd\" d=\"M4 8L0 0L8 0L4 8Z\" fill=\"#ffffff\"\/>\n<\/svg>\n\n    <\/span>Back\n  <\/div>\n                                                                      <div style=\"flex-grow: 1;flex-basis:65%; margin-left:10px \">\n\n    <label class=\"c-label c-label--select\">\n    <span class=\"c-label__title\" id=\"form-input-label--929147\"><\/span>\n        <div class=\"c-select__container\">\n        <select id=\"form-input--929147\" name=\"menu-children\" class=\"c-select js-select\" aria-labelledby=\"form-input-label--929147\">\n                                        <option value=\"\" selected >What information are you looking for?<\/option>\n                                                             \n               \n                        \n                                       \n                <option class=\"\" value=\"https:\/\/vistulahospitality.edu.pl\/en\/university\/vistula-universities-jubilees\">Vistula Universities\u2019 Jubilees<\/option>\n                                                 \n               \n                        \n                                       \n                <option class=\"\" value=\"https:\/\/vistulahospitality.edu.pl\/en\/university\/about-the-university\">About the University<\/option>\n                                                 \n               \n                        \n                                       \n                <option class=\"\" value=\"https:\/\/vistulahospitality.edu.pl\/en\/university\/university-structure\">University structure<\/option>\n                                                 \n               \n                        \n                                       \n                <option class=\"\" value=\"https:\/\/vistulahospitality.edu.pl\/en\/university\/vistula-group-of-universities\">Vistula Group of Universities<\/option>\n                                                 \n               \n                        \n                                       \n                <option class=\"\" value=\"https:\/\/vistulahospitality.edu.pl\/en\/university\/cooperation\">Cooperation<\/option>\n                                                 \n               \n                        \n                                       \n                <option class=\"\" value=\"https:\/\/vistulahospitality.edu.pl\/en\/university\/academic-staff\">Academic staff<\/option>\n                                                 \n               \n                        \n                                       \n                <option class=\"\" value=\"https:\/\/vistulahospitality.edu.pl\/en\/university\/business-council\">Business Council<\/option>\n                                                 \n               \n                        \n                                       \n                <option class=\"\" value=\"https:\/\/vistulahospitality.edu.pl\/en\/university\/graduates\">Graduates<\/option>\n                                                 \n               \n                        \n                                       \n                <option class=\"\" value=\"https:\/\/vistulahospitality.edu.pl\/en\/university\/our-projects\">Our projects<\/option>\n                                                 \n               \n                        \n                                       \n                <option class=\"\" value=\"https:\/\/vistulahospitality.edu.pl\/en\/university\/the-vistula-compasses-competition\">The \u201cVistula Compasses\u201d Competition<\/option>\n                                                 \n               \n                        \n                                       \n                <option class=\"\" value=\"https:\/\/vistulahospitality.edu.pl\/en\/university\/career-at-the-university\">Career at the University<\/option>\n                                                                                     \n            \n                <option class=\"active\" value=\"https:\/\/vistulahospitality.edu.pl\/en\/university\/important-documents\">Important documents<\/option>\n                                                 \n               \n                        \n                                       \n                <option class=\"\" value=\"https:\/\/vistulahospitality.edu.pl\/en\/university\/for-media\">For the media<\/option>\n                                                 \n               \n                        \n                                       \n                <option class=\"\" value=\"https:\/\/vistulahospitality.edu.pl\/en\/university\/meetings-create-the-future-art-competition\">\u201eMeetings create the future\u201d \u2013 art competition<\/option>\n                                                 \n               \n                        \n                                       \n                <option class=\"\" value=\"https:\/\/vistulahospitality.edu.pl\/en\/news\">Vistula News<\/option>\n                    <\/select>\n                    <\/div>\n    <\/label>\n<\/div>\n<\/div>\n\n        <\/div>\n              <\/div>\n      \n    <\/div>\n  <\/div>\n  <\/section>\n","protected":false},"excerpt":{"rendered":"<p>Legal acts, University orders, regulations and other relevant documents.<\/p>\n","protected":false},"author":1,"featured_media":1000005305,"parent":7471,"menu_order":227,"comment_status":"closed","ping_status":"closed","template":"","meta":{"_acf_changed":true,"inline_featured_image":false,"footnotes":""},"class_list":["post-7580","page","type-page","status-publish","has-post-thumbnail","hentry"],"acf":[],"yoast_head":"<!-- This site is optimized with the Yoast SEO plugin v26.7 - https:\/\/yoast.com\/wordpress\/plugins\/seo\/ -->\n<title>Important documents - Vistula School of Hospitality<\/title>\n<meta name=\"robots\" content=\"index, follow, max-snippet:-1, max-image-preview:large, max-video-preview:-1\" \/>\n<link rel=\"canonical\" href=\"https:\/\/vistulahospitality.edu.pl\/en\/university\/important-documents\" \/>\n<meta property=\"og:locale\" content=\"en_US\" \/>\n<meta property=\"og:type\" content=\"article\" \/>\n<meta property=\"og:title\" content=\"Important documents - Vistula School of Hospitality\" \/>\n<meta property=\"og:description\" content=\"Legal acts, University orders, regulations and other relevant documents.\" \/>\n<meta property=\"og:url\" content=\"https:\/\/vistulahospitality.edu.pl\/en\/university\/important-documents\" \/>\n<meta property=\"og:site_name\" content=\"Vistula School of Hospitality\" \/>\n<meta property=\"article:modified_time\" content=\"2025-10-16T10:38:39+00:00\" \/>\n<meta name=\"twitter:card\" content=\"summary_large_image\" \/>\n<meta name=\"twitter:label1\" content=\"Est. reading time\" \/>\n\t<meta name=\"twitter:data1\" content=\"1 minute\" \/>\n<script type=\"application\/ld+json\" class=\"yoast-schema-graph\">{\"@context\":\"https:\/\/schema.org\",\"@graph\":[{\"@type\":\"WebPage\",\"@id\":\"https:\/\/vistulahospitality.edu.pl\/en\/university\/important-documents\",\"url\":\"https:\/\/vistulahospitality.edu.pl\/en\/university\/important-documents\",\"name\":\"Important documents - Vistula School of Hospitality\",\"isPartOf\":{\"@id\":\"https:\/\/vistulahospitality.edu.pl\/en#website\"},\"primaryImageOfPage\":{\"@id\":\"https:\/\/vistulahospitality.edu.pl\/en\/university\/important-documents#primaryimage\"},\"image\":{\"@id\":\"https:\/\/vistulahospitality.edu.pl\/en\/university\/important-documents#primaryimage\"},\"thumbnailUrl\":\"https:\/\/vistulahospitality.edu.pl\/wp-content\/uploads\/2021\/12\/unsplash_doplSDELX7E.jpg\",\"datePublished\":\"2021-12-30T09:11:23+00:00\",\"dateModified\":\"2025-10-16T10:38:39+00:00\",\"breadcrumb\":{\"@id\":\"https:\/\/vistulahospitality.edu.pl\/en\/university\/important-documents#breadcrumb\"},\"inLanguage\":\"en-US\",\"potentialAction\":[{\"@type\":\"ReadAction\",\"target\":[\"https:\/\/vistulahospitality.edu.pl\/en\/university\/important-documents\"]}]},{\"@type\":\"ImageObject\",\"inLanguage\":\"en-US\",\"@id\":\"https:\/\/vistulahospitality.edu.pl\/en\/university\/important-documents#primaryimage\",\"url\":\"https:\/\/vistulahospitality.edu.pl\/wp-content\/uploads\/2021\/12\/unsplash_doplSDELX7E.jpg\",\"contentUrl\":\"https:\/\/vistulahospitality.edu.pl\/wp-content\/uploads\/2021\/12\/unsplash_doplSDELX7E.jpg\"},{\"@type\":\"BreadcrumbList\",\"@id\":\"https:\/\/vistulahospitality.edu.pl\/en\/university\/important-documents#breadcrumb\",\"itemListElement\":[{\"@type\":\"ListItem\",\"position\":1,\"name\":\"Home\",\"item\":\"https:\/\/vistulahospitality.edu.pl\/en\"},{\"@type\":\"ListItem\",\"position\":2,\"name\":\"University\",\"item\":\"https:\/\/vistulahospitality.edu.pl\/en\/university\"},{\"@type\":\"ListItem\",\"position\":3,\"name\":\"Important documents\"}]},{\"@type\":\"WebSite\",\"@id\":\"https:\/\/vistulahospitality.edu.pl\/en#website\",\"url\":\"https:\/\/vistulahospitality.edu.pl\/en\",\"name\":\"Vistula School of Hospitality\",\"description\":\"Szko\u0142a G\u0142\u00f3wna Turystyki i Hotelarstwa Vistula\",\"publisher\":{\"@id\":\"https:\/\/vistulahospitality.edu.pl\/en#organization\"},\"potentialAction\":[{\"@type\":\"SearchAction\",\"target\":{\"@type\":\"EntryPoint\",\"urlTemplate\":\"https:\/\/vistulahospitality.edu.pl\/en?s={search_term_string}\"},\"query-input\":{\"@type\":\"PropertyValueSpecification\",\"valueRequired\":true,\"valueName\":\"search_term_string\"}}],\"inLanguage\":\"en-US\"},{\"@type\":\"Organization\",\"@id\":\"https:\/\/vistulahospitality.edu.pl\/en#organization\",\"name\":\"Vistula School of Hospitality\",\"url\":\"https:\/\/vistulahospitality.edu.pl\/en\",\"logo\":{\"@type\":\"ImageObject\",\"inLanguage\":\"en-US\",\"@id\":\"https:\/\/vistulahospitality.edu.pl\/en#\/schema\/logo\/image\/\",\"url\":\"https:\/\/vistulahospitality.edu.pl\/wp-content\/uploads\/sites\/3\/2022\/02\/logo_sgtih_en.svg\",\"contentUrl\":\"https:\/\/vistulahospitality.edu.pl\/wp-content\/uploads\/sites\/3\/2022\/02\/logo_sgtih_en.svg\",\"width\":53,\"height\":60,\"caption\":\"Vistula School of Hospitality\"},\"image\":{\"@id\":\"https:\/\/vistulahospitality.edu.pl\/en#\/schema\/logo\/image\/\"}}]}<\/script>\n<!-- \/ Yoast SEO plugin. -->","yoast_head_json":{"title":"Important documents - Vistula School of Hospitality","robots":{"index":"index","follow":"follow","max-snippet":"max-snippet:-1","max-image-preview":"max-image-preview:large","max-video-preview":"max-video-preview:-1"},"canonical":"https:\/\/vistulahospitality.edu.pl\/en\/university\/important-documents","og_locale":"en_US","og_type":"article","og_title":"Important documents - Vistula School of Hospitality","og_description":"Legal acts, University orders, regulations and other relevant documents.","og_url":"https:\/\/vistulahospitality.edu.pl\/en\/university\/important-documents","og_site_name":"Vistula School of Hospitality","article_modified_time":"2025-10-16T10:38:39+00:00","twitter_card":"summary_large_image","twitter_misc":{"Est. reading time":"1 minute"},"schema":{"@context":"https:\/\/schema.org","@graph":[{"@type":"WebPage","@id":"https:\/\/vistulahospitality.edu.pl\/en\/university\/important-documents","url":"https:\/\/vistulahospitality.edu.pl\/en\/university\/important-documents","name":"Important documents - Vistula School of Hospitality","isPartOf":{"@id":"https:\/\/vistulahospitality.edu.pl\/en#website"},"primaryImageOfPage":{"@id":"https:\/\/vistulahospitality.edu.pl\/en\/university\/important-documents#primaryimage"},"image":{"@id":"https:\/\/vistulahospitality.edu.pl\/en\/university\/important-documents#primaryimage"},"thumbnailUrl":"https:\/\/vistulahospitality.edu.pl\/wp-content\/uploads\/2021\/12\/unsplash_doplSDELX7E.jpg","datePublished":"2021-12-30T09:11:23+00:00","dateModified":"2025-10-16T10:38:39+00:00","breadcrumb":{"@id":"https:\/\/vistulahospitality.edu.pl\/en\/university\/important-documents#breadcrumb"},"inLanguage":"en-US","potentialAction":[{"@type":"ReadAction","target":["https:\/\/vistulahospitality.edu.pl\/en\/university\/important-documents"]}]},{"@type":"ImageObject","inLanguage":"en-US","@id":"https:\/\/vistulahospitality.edu.pl\/en\/university\/important-documents#primaryimage","url":"https:\/\/vistulahospitality.edu.pl\/wp-content\/uploads\/2021\/12\/unsplash_doplSDELX7E.jpg","contentUrl":"https:\/\/vistulahospitality.edu.pl\/wp-content\/uploads\/2021\/12\/unsplash_doplSDELX7E.jpg"},{"@type":"BreadcrumbList","@id":"https:\/\/vistulahospitality.edu.pl\/en\/university\/important-documents#breadcrumb","itemListElement":[{"@type":"ListItem","position":1,"name":"Home","item":"https:\/\/vistulahospitality.edu.pl\/en"},{"@type":"ListItem","position":2,"name":"University","item":"https:\/\/vistulahospitality.edu.pl\/en\/university"},{"@type":"ListItem","position":3,"name":"Important documents"}]},{"@type":"WebSite","@id":"https:\/\/vistulahospitality.edu.pl\/en#website","url":"https:\/\/vistulahospitality.edu.pl\/en","name":"Vistula School of Hospitality","description":"Szko\u0142a G\u0142\u00f3wna Turystyki i Hotelarstwa Vistula","publisher":{"@id":"https:\/\/vistulahospitality.edu.pl\/en#organization"},"potentialAction":[{"@type":"SearchAction","target":{"@type":"EntryPoint","urlTemplate":"https:\/\/vistulahospitality.edu.pl\/en?s={search_term_string}"},"query-input":{"@type":"PropertyValueSpecification","valueRequired":true,"valueName":"search_term_string"}}],"inLanguage":"en-US"},{"@type":"Organization","@id":"https:\/\/vistulahospitality.edu.pl\/en#organization","name":"Vistula School of Hospitality","url":"https:\/\/vistulahospitality.edu.pl\/en","logo":{"@type":"ImageObject","inLanguage":"en-US","@id":"https:\/\/vistulahospitality.edu.pl\/en#\/schema\/logo\/image\/","url":"https:\/\/vistulahospitality.edu.pl\/wp-content\/uploads\/sites\/3\/2022\/02\/logo_sgtih_en.svg","contentUrl":"https:\/\/vistulahospitality.edu.pl\/wp-content\/uploads\/sites\/3\/2022\/02\/logo_sgtih_en.svg","width":53,"height":60,"caption":"Vistula School of Hospitality"},"image":{"@id":"https:\/\/vistulahospitality.edu.pl\/en#\/schema\/logo\/image\/"}}]}},"_links":{"self":[{"href":"https:\/\/vistulahospitality.edu.pl\/en\/wp-json\/wp\/v2\/pages\/7580","targetHints":{"allow":["GET"]}}],"collection":[{"href":"https:\/\/vistulahospitality.edu.pl\/en\/wp-json\/wp\/v2\/pages"}],"about":[{"href":"https:\/\/vistulahospitality.edu.pl\/en\/wp-json\/wp\/v2\/types\/page"}],"author":[{"embeddable":true,"href":"https:\/\/vistulahospitality.edu.pl\/en\/wp-json\/wp\/v2\/users\/1"}],"replies":[{"embeddable":true,"href":"https:\/\/vistulahospitality.edu.pl\/en\/wp-json\/wp\/v2\/comments?post=7580"}],"version-history":[{"count":0,"href":"https:\/\/vistulahospitality.edu.pl\/en\/wp-json\/wp\/v2\/pages\/7580\/revisions"}],"up":[{"embeddable":true,"href":"https:\/\/vistulahospitality.edu.pl\/en\/wp-json\/wp\/v2\/pages\/7471"}],"wp:featuredmedia":[{"embeddable":true,"href":"https:\/\/vistulahospitality.edu.pl\/en\/wp-json\/"}],"wp:attachment":[{"href":"https:\/\/vistulahospitality.edu.pl\/en\/wp-json\/wp\/v2\/media?parent=7580"}],"curies":[{"name":"wp","href":"https:\/\/api.w.org\/{rel}","templated":true}]}}