{"id":7569,"date":"2022-01-30T16:13:51","date_gmt":"2022-01-30T16:13:51","guid":{"rendered":"https:\/\/vistulahospitality.edu.pl\/rada-biznesu\/"},"modified":"2025-07-08T14:18:00","modified_gmt":"2025-07-08T14:18:00","slug":"business-council","status":"publish","type":"page","link":"https:\/\/vistulahospitality.edu.pl\/en\/university\/business-council","title":{"rendered":"Business Council"},"content":{"rendered":"\n\n<section class=\" o-section c-candidate-inf\" id=\"\">\n  <div class=\"o-wrapper c-candidate-inf__container\">\n        <div class=\"c-candidate-inf__blocks-wrapper  c-candidate-inf__blocks-wrapper--paddin-none\">\n                <div\n        class=\"c-candidate-inf__inner-block o-flex c-candidate-inf__inner-block--flex \">\n\n        <div\n          class=\"c-candidate-inf__inner-items u-flex-9\/12@medium u-flex-12\/12 \">\n                    <div class=\"c-candidate-inf__header c-candidate-inf__header--inner\">\n                        <h2 class=\"c-heading c-heading--h2 c-candidate-inf__title \">Business Council<\/h2>                                              <\/div>\n                              \n<section\n  class=\"o-section c-basic-section    c-basic-section--disable-padding-top-btm \"\n  id=\"\">\n  <div class=\"o-wrapper c-basic-section__container\">\n    \n    <div class=\"c-basic-section__content\">\n                                                  <\/div>\n\n    <div\n      class=\"c-basic-section__content-inner-block  \">\n\n            \n\n<p><strong>The Business Council of the Vistula School of Hospitality<\/strong> is an advisory body whose aim is to support the university in all the tasks related to its scientific and educational development, in particular, by suggesting directions of its business activity, initiating joint projects, as well as creating the image and popularizing the initiatives undertaken by the Council the socio-economic environment.<\/p>\n\n\n\n<p><strong>Composition of the Business Council:<\/strong><\/p>\n\n\n\n<ol class=\"wp-block-list\" start=\"1\">\n<li>Aida Bella \u2013 Expert in communication, PR, and sports marketing<\/li>\n\n\n\n<li>Dominik Borek \u2013 Director of the Department of Tourism, Ministry of Sport and Tourism<\/li>\n\n\n\n<li>Viktoria Chmielewska \u2013 CEO, Inward Experience Agency<\/li>\n\n\n\n<li>Mateusz Czerwi\u0144ski \u2013 President of the Board, The Warsaw Tourism Organization<\/li>\n\n\n\n<li>Edyta Dr\u00f3\u017cd\u017c \u2013 Owner of Level+<\/li>\n\n\n\n<li>Marzena German \u2013 Expert in media relations and external communication, Wakacje.pl<\/li>\n\n\n\n<li>Joanna Gorczyca \u2013 Director for Prevention and CSR, PZU<\/li>\n\n\n\n<li>Gra\u017cyna Grot-Duziak \u2013 Owner of MICE Expert<\/li>\n\n\n\n<li>Andrzej Hulewicz \u2013 Vice President of Mazurkas Travel<\/li>\n\n\n\n<li>Agnieszka Kalinowska \u2013 Senior Manager Media Relations &amp; PR Poland &amp; Eastern Europe, Accor Services Poland<\/li>\n\n\n\n<li>Grzegorz Karolewski \u2013 Commercial Director, ETI Podr\u00f3\u017ce<\/li>\n\n\n\n<li>Magdalena Kondas \u2013 Editor-in-Chief of Meeting Planner<\/li>\n\n\n\n<li>Anna Ksi\u0119\u017cnik \u2013 President of the Board, Primespeakers<\/li>\n\n\n\n<li>Emilia Kubik \u2013 Director of Polish Office, Travel Advance; Board Member, SITE Poland<\/li>\n\n\n\n<li>Agnieszka Ku\u0142aga \u2013 CEO, Alloweat<\/li>\n\n\n\n<li>Aneta Lewandowska \u2013 General Manager, Sofitel Warsaw Victoria<\/li>\n\n\n\n<li>Mateusz Lewandowski \u2013 Director of Sales, Louvre Hotels Group<\/li>\n\n\n\n<li>Marzena Markowska \u2013 Editor-in-Chief of WaszaTurystyka.pl<\/li>\n\n\n\n<li>Sebastian Nasi\u0142owski \u2013 CEO, Tourist Polska; Board Member, Polska Izba Turystyki<\/li>\n\n\n\n<li>Davide Odella \u2013 Board Member, Expo XXI Warsaw<\/li>\n\n\n\n<li>\u017baneta Rybak \u2013 Owner, Gabinety Pu\u0142awska<\/li>\n\n\n\n<li>Magdalena Sidorowicz \u2013 Director of Sales and Marketing, Arche S.A.<\/li>\n\n\n\n<li>Izabela Stelma\u0144ska \u2013 Deputy Director of the Department of Culture, Promotion and Tourism, Marshal\u2019s Office of the Mazowieckie Voivodship in Warsaw<\/li>\n\n\n\n<li>Karolina St\u0119pniak \u2013 Editor-in-Chief of \u015awiat Hoteli and horecanet.pl; Publishing Director; Co-owner of Brog B2B<\/li>\n\n\n\n<li>Agnieszka Stryjecka \u2013 Director of Marketing, Sixt Polska<\/li>\n\n\n\n<li>Bart\u0142omiej Szmajdzi\u0144ski \u2013 Director of HR Region EE, Essendi Poland<\/li>\n\n\n\n<li>Barbara \u015awiderska \u2013 Dream Events; MPI Poland Chapter<\/li>\n\n\n\n<li>Ireneusz W\u0119g\u0142owski \u2013 President of the Polish Hotel Industry Chamber of Commerce<\/li>\n\n\n\n<li>Dorota Wojtczak \u2013 Marketing Director, Live Age<\/li>\n\n\n\n<li>\u0141ukasz Za\u0142uski \u2013 Editor-in-Chief, National Geographic Polska<\/li>\n\n\n\n<li>Tomasz Zganiacz \u2013 CFO \/ Vice President, Levann<\/li>\n<\/ol>\n\n\n\n<p>The Business Council is chaired by <strong>Bart\u0142omiej Szmajdzi\u0144ski, Director HR Region EE, Essendi Poland.<\/strong><\/p>\n\n\n\n<p><strong>The tasks of the Business Council include in particular:<\/strong><\/p>\n\n\n\n<ul class=\"wp-block-list\">\n<li>Consultancy in the evaluation of educational programs of higher education, post-graduate studies and training courses,<\/li>\n\n\n\n<li>Organisation and co-organization of short forms of teaching which provide a possibility of gaining qualifications in-demand on the labour market, including postgraduate studies and training courses,<\/li>\n\n\n\n<li>Acquisition of strategic, business and the media partners for each speciality carried out at the Vistula School of Hospitality,<\/li>\n\n\n\n<li>The organisation of internships for students of the Vistula School of Hospitality,<\/li>\n\n\n\n<li>Awarding prizes for the best thesis or research report,<\/li>\n\n\n\n<li>Commissioning research topics and providing support in the implementation of research projects of the Vistula School of Hospitality,<\/li>\n\n\n\n<li>Providing organisational and scientific support in the organisation of conferences and seminars as well as scientific publications of the Vistula School of Hospitality,<\/li>\n\n\n\n<li>Promoting the transfer of knowledge between the Vistula School of Hospitality and the socio-economic environment, including enterprises, state organisations and local governments and research institutions,<\/li>\n\n\n\n<li>Developing platforms for the exchange of academic and business opinions,<\/li>\n\n\n\n<li>Initiating new forms of cooperation between members of the Council and the Vistula School of Hospitality.<\/li>\n<\/ul>\n\n\n          <\/div>\n  <\/div>\n<\/section>\n\n\n                  <\/div>\n \n                <div class=\"c-candidate-inf__menu u-flex-3\/12@medium u-flex-12\/12 js-candidate-inf-menu\">\n                              <div class=\"c-children-menu c-children-menu--desktop\" style=\"max-height: calc(100vh - 112px); margin-bottom:112px; overflow-y: auto;\">\n  <p class=\"c-children-menu__title u-text--strong u-text--smaller u-font-color--2\">What information are you looking for?<\/p>\n\n  \n                                                                                          <ul class=\"o-list-bare c-children-menu__list\">\n        <li class=\"c-children-menu__item\" style=\"order: 4;\">\n      <a class=\"c-children-menu__link\" href=\"https:\/\/vistulahospitality.edu.pl\/en\/news\">Vistula News<\/a>\n    <\/li>\n            <li class=\"c-children-menu__item\" style=\"order: 1;\">\n      <a class=\"c-children-menu__link \"\n        href=\"https:\/\/vistulahospitality.edu.pl\/en\/university\/vistula-universities-jubilees\">Vistula Universities\u2019 Jubilees<\/a>\n    <\/li>\n        <li class=\"c-children-menu__item\" style=\"order: 2;\">\n      <a class=\"c-children-menu__link \"\n        href=\"https:\/\/vistulahospitality.edu.pl\/en\/university\/about-the-university\">About the University<\/a>\n    <\/li>\n        <li class=\"c-children-menu__item\" style=\"order: 3;\">\n      <a class=\"c-children-menu__link \"\n        href=\"https:\/\/vistulahospitality.edu.pl\/en\/university\/university-structure\">University structure<\/a>\n    <\/li>\n        <li class=\"c-children-menu__item\" style=\"order: 4;\">\n      <a class=\"c-children-menu__link \"\n        href=\"https:\/\/vistulahospitality.edu.pl\/en\/university\/vistula-group-of-universities\">Vistula Group of Universities<\/a>\n    <\/li>\n        <li class=\"c-children-menu__item\" style=\"order: 5;\">\n      <a class=\"c-children-menu__link \"\n        href=\"https:\/\/vistulahospitality.edu.pl\/en\/university\/cooperation\">Cooperation<\/a>\n    <\/li>\n        <li class=\"c-children-menu__item\" style=\"order: 6;\">\n      <a class=\"c-children-menu__link \"\n        href=\"https:\/\/vistulahospitality.edu.pl\/en\/university\/academic-staff\">Academic staff<\/a>\n    <\/li>\n        <li class=\"c-children-menu__item\" style=\"order: 7;\">\n      <a class=\"c-children-menu__link  is-active\"\n        href=\"https:\/\/vistulahospitality.edu.pl\/en\/university\/business-council\">Business Council<\/a>\n    <\/li>\n        <li class=\"c-children-menu__item\" style=\"order: 8;\">\n      <a class=\"c-children-menu__link \"\n        href=\"https:\/\/vistulahospitality.edu.pl\/en\/university\/graduates\">Graduates<\/a>\n    <\/li>\n        <li class=\"c-children-menu__item\" style=\"order: 9;\">\n      <a class=\"c-children-menu__link \"\n        href=\"https:\/\/vistulahospitality.edu.pl\/en\/university\/our-projects\">Our projects<\/a>\n    <\/li>\n        <li class=\"c-children-menu__item\" style=\"order: 10;\">\n      <a class=\"c-children-menu__link \"\n        href=\"https:\/\/vistulahospitality.edu.pl\/en\/university\/the-vistula-compasses-competition\">The \u201cVistula Compasses\u201d Competition<\/a>\n    <\/li>\n        <li class=\"c-children-menu__item\" style=\"order: 11;\">\n      <a class=\"c-children-menu__link \"\n        href=\"https:\/\/vistulahospitality.edu.pl\/en\/university\/career-at-the-university\">Career at the University<\/a>\n    <\/li>\n        <li class=\"c-children-menu__item\" style=\"order: 12;\">\n      <a class=\"c-children-menu__link \"\n        href=\"https:\/\/vistulahospitality.edu.pl\/en\/university\/important-documents\">Important documents<\/a>\n    <\/li>\n        <li class=\"c-children-menu__item\" style=\"order: 13;\">\n      <a class=\"c-children-menu__link \"\n        href=\"https:\/\/vistulahospitality.edu.pl\/en\/university\/for-media\">For the media<\/a>\n    <\/li>\n        <li class=\"c-children-menu__item\" style=\"order: 14;\">\n      <a class=\"c-children-menu__link \"\n        href=\"https:\/\/vistulahospitality.edu.pl\/en\/university\/meetings-create-the-future-art-competition\">\u201eMeetings create the future\u201d \u2013 art competition<\/a>\n    <\/li>\n      <\/ul>\n  \n  <\/div>\n  <div class=\"c-button c-button--primary c-button--fixed-pos c-button--with-icon js-prev-section\" style=\"\n    padding-left: 5px; \n    position: sticky;\n    top: calc(100vh - 82px);\n    margin:0 15px 30px;\n    display:none;\n    width:calc(100% - 30px)\">\n    <span class=\"c-icon c-icon--rotate-180\">  \n        <svg width=\"8\" height=\"8\" viewBox=\"0 0 8 8\" fill=\"none\" xmlns=\"http:\/\/www.w3.org\/2000\/svg\">\n<path fill-rule=\"evenodd\" clip-rule=\"evenodd\" d=\"M4 8L0 0L8 0L4 8Z\" fill=\"#ffffff\"\/>\n<\/svg>\n\n    <\/span>Previous section\n  <\/div>\n \n\n<div class=\"c-children-menu c-children-menu--mobile js-select-links\" style=\"align-items:center; justify-content:space-between;\">\n\n  <div class=\"c-button c-button--primary c-button--fixed-pos c-button--with-icon js-prev-section\" style=\"\n    display:none;\n    flex: 0 0 35%; \n    margin: 0!important;\n    margin-top: -8px!important;\">\n    <span class=\"c-icon c-icon--rotate-180\">  \n        <svg width=\"8\" height=\"8\" viewBox=\"0 0 8 8\" fill=\"none\" xmlns=\"http:\/\/www.w3.org\/2000\/svg\">\n<path fill-rule=\"evenodd\" clip-rule=\"evenodd\" d=\"M4 8L0 0L8 0L4 8Z\" fill=\"#ffffff\"\/>\n<\/svg>\n\n    <\/span>Back\n  <\/div>\n                                                                      <div style=\"flex-grow: 1;flex-basis:65%; margin-left:10px \">\n\n    <label class=\"c-label c-label--select\">\n    <span class=\"c-label__title\" id=\"form-input-label--779230\"><\/span>\n        <div class=\"c-select__container\">\n        <select id=\"form-input--779230\" name=\"menu-children\" class=\"c-select js-select\" aria-labelledby=\"form-input-label--779230\">\n                                        <option value=\"\" selected >What information are you looking for?<\/option>\n                                                             \n               \n                        \n                                       \n                <option class=\"\" value=\"https:\/\/vistulahospitality.edu.pl\/en\/university\/vistula-universities-jubilees\">Vistula Universities\u2019 Jubilees<\/option>\n                                                 \n               \n                        \n                                       \n                <option class=\"\" value=\"https:\/\/vistulahospitality.edu.pl\/en\/university\/about-the-university\">About the University<\/option>\n                                                 \n               \n                        \n                                       \n                <option class=\"\" value=\"https:\/\/vistulahospitality.edu.pl\/en\/university\/university-structure\">University structure<\/option>\n                                                 \n               \n                        \n                                       \n                <option class=\"\" value=\"https:\/\/vistulahospitality.edu.pl\/en\/university\/vistula-group-of-universities\">Vistula Group of Universities<\/option>\n                                                 \n               \n                        \n                                       \n                <option class=\"\" value=\"https:\/\/vistulahospitality.edu.pl\/en\/university\/cooperation\">Cooperation<\/option>\n                                                 \n               \n                        \n                                       \n                <option class=\"\" value=\"https:\/\/vistulahospitality.edu.pl\/en\/university\/academic-staff\">Academic staff<\/option>\n                                                                                     \n            \n                <option class=\"active\" value=\"https:\/\/vistulahospitality.edu.pl\/en\/university\/business-council\">Business Council<\/option>\n                                                 \n               \n                        \n                                       \n                <option class=\"\" value=\"https:\/\/vistulahospitality.edu.pl\/en\/university\/graduates\">Graduates<\/option>\n                                                 \n               \n                        \n                                       \n                <option class=\"\" value=\"https:\/\/vistulahospitality.edu.pl\/en\/university\/our-projects\">Our projects<\/option>\n                                                 \n               \n                        \n                                       \n                <option class=\"\" value=\"https:\/\/vistulahospitality.edu.pl\/en\/university\/the-vistula-compasses-competition\">The \u201cVistula Compasses\u201d Competition<\/option>\n                                                 \n               \n                        \n                                       \n                <option class=\"\" value=\"https:\/\/vistulahospitality.edu.pl\/en\/university\/career-at-the-university\">Career at the University<\/option>\n                                                 \n               \n                        \n                                       \n                <option class=\"\" value=\"https:\/\/vistulahospitality.edu.pl\/en\/university\/important-documents\">Important documents<\/option>\n                                                 \n               \n                        \n                                       \n                <option class=\"\" value=\"https:\/\/vistulahospitality.edu.pl\/en\/university\/for-media\">For the media<\/option>\n                                                 \n               \n                        \n                                       \n                <option class=\"\" value=\"https:\/\/vistulahospitality.edu.pl\/en\/university\/meetings-create-the-future-art-competition\">\u201eMeetings create the future\u201d \u2013 art competition<\/option>\n                                                 \n               \n                        \n                                       \n                <option class=\"\" value=\"https:\/\/vistulahospitality.edu.pl\/en\/news\">Vistula News<\/option>\n                    <\/select>\n                    <\/div>\n    <\/label>\n<\/div>\n<\/div>\n\n        <\/div>\n              <\/div>\n      \n    <\/div>\n  <\/div>\n  <\/section>\n","protected":false},"excerpt":{"rendered":"<p>Members, goals, tasks, mode of operation, projects.<\/p>\n","protected":false},"author":1,"featured_media":10000018932,"parent":7471,"menu_order":215,"comment_status":"closed","ping_status":"closed","template":"","meta":{"_acf_changed":false,"inline_featured_image":false,"footnotes":""},"class_list":["post-7569","page","type-page","status-publish","has-post-thumbnail","hentry"],"acf":[],"yoast_head":"<!-- This site is optimized with the Yoast SEO plugin v26.7 - https:\/\/yoast.com\/wordpress\/plugins\/seo\/ -->\n<title>Business Council - Vistula School of Hospitality<\/title>\n<meta name=\"robots\" content=\"index, follow, max-snippet:-1, max-image-preview:large, max-video-preview:-1\" \/>\n<link rel=\"canonical\" href=\"https:\/\/vistulahospitality.edu.pl\/en\/university\/business-council\" \/>\n<meta property=\"og:locale\" content=\"en_US\" \/>\n<meta property=\"og:type\" content=\"article\" \/>\n<meta property=\"og:title\" content=\"Business Council - Vistula School of Hospitality\" \/>\n<meta property=\"og:description\" content=\"Members, goals, tasks, mode of operation, projects.\" \/>\n<meta property=\"og:url\" content=\"https:\/\/vistulahospitality.edu.pl\/en\/university\/business-council\" \/>\n<meta property=\"og:site_name\" content=\"Vistula School of Hospitality\" \/>\n<meta property=\"article:modified_time\" content=\"2025-07-08T14:18:00+00:00\" \/>\n<meta name=\"twitter:card\" content=\"summary_large_image\" \/>\n<meta name=\"twitter:label1\" content=\"Est. reading time\" \/>\n\t<meta name=\"twitter:data1\" content=\"4 minutes\" \/>\n<script type=\"application\/ld+json\" class=\"yoast-schema-graph\">{\"@context\":\"https:\/\/schema.org\",\"@graph\":[{\"@type\":\"WebPage\",\"@id\":\"https:\/\/vistulahospitality.edu.pl\/en\/university\/business-council\",\"url\":\"https:\/\/vistulahospitality.edu.pl\/en\/university\/business-council\",\"name\":\"Business Council - Vistula School of Hospitality\",\"isPartOf\":{\"@id\":\"https:\/\/vistulahospitality.edu.pl\/en#website\"},\"primaryImageOfPage\":{\"@id\":\"https:\/\/vistulahospitality.edu.pl\/en\/university\/business-council#primaryimage\"},\"image\":{\"@id\":\"https:\/\/vistulahospitality.edu.pl\/en\/university\/business-council#primaryimage\"},\"thumbnailUrl\":\"https:\/\/vistulahospitality.edu.pl\/wp-content\/uploads\/2022\/01\/finanse-i-rachunkowosc-540x600-1-1.jpeg\",\"datePublished\":\"2022-01-30T16:13:51+00:00\",\"dateModified\":\"2025-07-08T14:18:00+00:00\",\"breadcrumb\":{\"@id\":\"https:\/\/vistulahospitality.edu.pl\/en\/university\/business-council#breadcrumb\"},\"inLanguage\":\"en-US\",\"potentialAction\":[{\"@type\":\"ReadAction\",\"target\":[\"https:\/\/vistulahospitality.edu.pl\/en\/university\/business-council\"]}]},{\"@type\":\"ImageObject\",\"inLanguage\":\"en-US\",\"@id\":\"https:\/\/vistulahospitality.edu.pl\/en\/university\/business-council#primaryimage\",\"url\":\"https:\/\/vistulahospitality.edu.pl\/wp-content\/uploads\/2022\/01\/finanse-i-rachunkowosc-540x600-1-1.jpeg\",\"contentUrl\":\"https:\/\/vistulahospitality.edu.pl\/wp-content\/uploads\/2022\/01\/finanse-i-rachunkowosc-540x600-1-1.jpeg\"},{\"@type\":\"BreadcrumbList\",\"@id\":\"https:\/\/vistulahospitality.edu.pl\/en\/university\/business-council#breadcrumb\",\"itemListElement\":[{\"@type\":\"ListItem\",\"position\":1,\"name\":\"Home\",\"item\":\"https:\/\/vistulahospitality.edu.pl\/en\"},{\"@type\":\"ListItem\",\"position\":2,\"name\":\"University\",\"item\":\"https:\/\/vistulahospitality.edu.pl\/en\/university\"},{\"@type\":\"ListItem\",\"position\":3,\"name\":\"Business Council\"}]},{\"@type\":\"WebSite\",\"@id\":\"https:\/\/vistulahospitality.edu.pl\/en#website\",\"url\":\"https:\/\/vistulahospitality.edu.pl\/en\",\"name\":\"Vistula School of Hospitality\",\"description\":\"Szko\u0142a G\u0142\u00f3wna Turystyki i Hotelarstwa Vistula\",\"publisher\":{\"@id\":\"https:\/\/vistulahospitality.edu.pl\/en#organization\"},\"potentialAction\":[{\"@type\":\"SearchAction\",\"target\":{\"@type\":\"EntryPoint\",\"urlTemplate\":\"https:\/\/vistulahospitality.edu.pl\/en?s={search_term_string}\"},\"query-input\":{\"@type\":\"PropertyValueSpecification\",\"valueRequired\":true,\"valueName\":\"search_term_string\"}}],\"inLanguage\":\"en-US\"},{\"@type\":\"Organization\",\"@id\":\"https:\/\/vistulahospitality.edu.pl\/en#organization\",\"name\":\"Vistula School of Hospitality\",\"url\":\"https:\/\/vistulahospitality.edu.pl\/en\",\"logo\":{\"@type\":\"ImageObject\",\"inLanguage\":\"en-US\",\"@id\":\"https:\/\/vistulahospitality.edu.pl\/en#\/schema\/logo\/image\/\",\"url\":\"https:\/\/vistulahospitality.edu.pl\/wp-content\/uploads\/sites\/3\/2022\/02\/logo_sgtih_en.svg\",\"contentUrl\":\"https:\/\/vistulahospitality.edu.pl\/wp-content\/uploads\/sites\/3\/2022\/02\/logo_sgtih_en.svg\",\"width\":53,\"height\":60,\"caption\":\"Vistula School of Hospitality\"},\"image\":{\"@id\":\"https:\/\/vistulahospitality.edu.pl\/en#\/schema\/logo\/image\/\"}}]}<\/script>\n<!-- \/ Yoast SEO plugin. -->","yoast_head_json":{"title":"Business Council - Vistula School of Hospitality","robots":{"index":"index","follow":"follow","max-snippet":"max-snippet:-1","max-image-preview":"max-image-preview:large","max-video-preview":"max-video-preview:-1"},"canonical":"https:\/\/vistulahospitality.edu.pl\/en\/university\/business-council","og_locale":"en_US","og_type":"article","og_title":"Business Council - Vistula School of Hospitality","og_description":"Members, goals, tasks, mode of operation, projects.","og_url":"https:\/\/vistulahospitality.edu.pl\/en\/university\/business-council","og_site_name":"Vistula School of Hospitality","article_modified_time":"2025-07-08T14:18:00+00:00","twitter_card":"summary_large_image","twitter_misc":{"Est. reading time":"4 minutes"},"schema":{"@context":"https:\/\/schema.org","@graph":[{"@type":"WebPage","@id":"https:\/\/vistulahospitality.edu.pl\/en\/university\/business-council","url":"https:\/\/vistulahospitality.edu.pl\/en\/university\/business-council","name":"Business Council - Vistula School of Hospitality","isPartOf":{"@id":"https:\/\/vistulahospitality.edu.pl\/en#website"},"primaryImageOfPage":{"@id":"https:\/\/vistulahospitality.edu.pl\/en\/university\/business-council#primaryimage"},"image":{"@id":"https:\/\/vistulahospitality.edu.pl\/en\/university\/business-council#primaryimage"},"thumbnailUrl":"https:\/\/vistulahospitality.edu.pl\/wp-content\/uploads\/2022\/01\/finanse-i-rachunkowosc-540x600-1-1.jpeg","datePublished":"2022-01-30T16:13:51+00:00","dateModified":"2025-07-08T14:18:00+00:00","breadcrumb":{"@id":"https:\/\/vistulahospitality.edu.pl\/en\/university\/business-council#breadcrumb"},"inLanguage":"en-US","potentialAction":[{"@type":"ReadAction","target":["https:\/\/vistulahospitality.edu.pl\/en\/university\/business-council"]}]},{"@type":"ImageObject","inLanguage":"en-US","@id":"https:\/\/vistulahospitality.edu.pl\/en\/university\/business-council#primaryimage","url":"https:\/\/vistulahospitality.edu.pl\/wp-content\/uploads\/2022\/01\/finanse-i-rachunkowosc-540x600-1-1.jpeg","contentUrl":"https:\/\/vistulahospitality.edu.pl\/wp-content\/uploads\/2022\/01\/finanse-i-rachunkowosc-540x600-1-1.jpeg"},{"@type":"BreadcrumbList","@id":"https:\/\/vistulahospitality.edu.pl\/en\/university\/business-council#breadcrumb","itemListElement":[{"@type":"ListItem","position":1,"name":"Home","item":"https:\/\/vistulahospitality.edu.pl\/en"},{"@type":"ListItem","position":2,"name":"University","item":"https:\/\/vistulahospitality.edu.pl\/en\/university"},{"@type":"ListItem","position":3,"name":"Business Council"}]},{"@type":"WebSite","@id":"https:\/\/vistulahospitality.edu.pl\/en#website","url":"https:\/\/vistulahospitality.edu.pl\/en","name":"Vistula School of Hospitality","description":"Szko\u0142a G\u0142\u00f3wna Turystyki i Hotelarstwa Vistula","publisher":{"@id":"https:\/\/vistulahospitality.edu.pl\/en#organization"},"potentialAction":[{"@type":"SearchAction","target":{"@type":"EntryPoint","urlTemplate":"https:\/\/vistulahospitality.edu.pl\/en?s={search_term_string}"},"query-input":{"@type":"PropertyValueSpecification","valueRequired":true,"valueName":"search_term_string"}}],"inLanguage":"en-US"},{"@type":"Organization","@id":"https:\/\/vistulahospitality.edu.pl\/en#organization","name":"Vistula School of Hospitality","url":"https:\/\/vistulahospitality.edu.pl\/en","logo":{"@type":"ImageObject","inLanguage":"en-US","@id":"https:\/\/vistulahospitality.edu.pl\/en#\/schema\/logo\/image\/","url":"https:\/\/vistulahospitality.edu.pl\/wp-content\/uploads\/sites\/3\/2022\/02\/logo_sgtih_en.svg","contentUrl":"https:\/\/vistulahospitality.edu.pl\/wp-content\/uploads\/sites\/3\/2022\/02\/logo_sgtih_en.svg","width":53,"height":60,"caption":"Vistula School of Hospitality"},"image":{"@id":"https:\/\/vistulahospitality.edu.pl\/en#\/schema\/logo\/image\/"}}]}},"_links":{"self":[{"href":"https:\/\/vistulahospitality.edu.pl\/en\/wp-json\/wp\/v2\/pages\/7569","targetHints":{"allow":["GET"]}}],"collection":[{"href":"https:\/\/vistulahospitality.edu.pl\/en\/wp-json\/wp\/v2\/pages"}],"about":[{"href":"https:\/\/vistulahospitality.edu.pl\/en\/wp-json\/wp\/v2\/types\/page"}],"author":[{"embeddable":true,"href":"https:\/\/vistulahospitality.edu.pl\/en\/wp-json\/wp\/v2\/users\/1"}],"replies":[{"embeddable":true,"href":"https:\/\/vistulahospitality.edu.pl\/en\/wp-json\/wp\/v2\/comments?post=7569"}],"version-history":[{"count":0,"href":"https:\/\/vistulahospitality.edu.pl\/en\/wp-json\/wp\/v2\/pages\/7569\/revisions"}],"up":[{"embeddable":true,"href":"https:\/\/vistulahospitality.edu.pl\/en\/wp-json\/wp\/v2\/pages\/7471"}],"wp:featuredmedia":[{"embeddable":true,"href":"https:\/\/vistulahospitality.edu.pl\/en\/wp-json\/"}],"wp:attachment":[{"href":"https:\/\/vistulahospitality.edu.pl\/en\/wp-json\/wp\/v2\/media?parent=7569"}],"curies":[{"name":"wp","href":"https:\/\/api.w.org\/{rel}","templated":true}]}}