{"id":42408,"date":"2023-05-09T03:10:32","date_gmt":"2023-05-09T03:10:32","guid":{"rendered":"https:\/\/vistulahospitality.edu.pl\/?page_id=42408"},"modified":"2025-04-28T11:56:43","modified_gmt":"2025-04-28T11:56:43","slug":"meet-us-online","status":"publish","type":"page","link":"https:\/\/vistulahospitality.edu.pl\/en\/meet-us-online","title":{"rendered":"Meet us online"},"content":{"rendered":"\n\n<section class=\" o-section c-candidate-inf\" id=\"\">\n  <div class=\"o-wrapper c-candidate-inf__container\">\n        <div class=\"c-candidate-inf__header\">\n                      <\/div>\n        <div class=\"c-candidate-inf__blocks-wrapper \">\n                <div class=\"c-candidate-inf__shortcuts\">\n        <section class=\" o-section c-shortcuts \" id=\"\">\n  <div class=\"o-wrapper c-shortcuts__container\">\n    <div class=\"c-shortcuts__wrapper o-flex o-flex--centered-v\">\n      <div class=\"c-shortcuts__title-wrap\"> \n                <h1 class=\"c-heading c-heading--h3 c-shortcuts__title u-font-color--4 \">Shortcuts<\/h1>              <\/div> \n      <div class=\"c-shortcuts__btns-wrap\">\n                                <a class=\"c-shortcuts__btn c-button c-button--small c-button--icon-default  \" href=\"https:\/\/usosweb.vistula.edu.pl\/kontroler.php?_action=news%2Fdefault&amp;lang=en\" data-basic-url=\"https:\/\/vistulahospitality.edu.pl\/en\/meet-us-online\/\"  target=\"_blank\" >\n                    <span class=\"c-button__text\">Schedule (USOS)<\/span>\n        <\/a>\n         \n                        <a class=\"c-shortcuts__btn c-button c-button--small c-button--icon-default  \" href=\"https:\/\/vistula.edu.pl\/en\/contact\/student\/all\/deans\/\" data-basic-url=\"https:\/\/vistulahospitality.edu.pl\/en\/meet-us-online\/\"  target=\"_blank\" >\n                    <span class=\"c-button__text\">Dean&#8217;s Office<\/span>\n        <\/a>\n         \n                        <a class=\"c-shortcuts__btn c-button c-button--small c-button--icon-default  \" href=\"https:\/\/vistula.edu.pl\/pytania-i-odpowiedzi\" data-basic-url=\"https:\/\/vistulahospitality.edu.pl\/en\/meet-us-online\/\"  target=\"_blank\" >\n                    <span class=\"c-button__text\">FAQ<\/span>\n        <\/a>\n         \n                      <\/div>\n    <\/div>\n  <\/div>\n<\/section>      <\/div>\n            <div\n        class=\"c-candidate-inf__inner-block \">\n\n        <div\n          class=\"c-candidate-inf__inner-items  \">\n                              \n\n<section class=\" o-section c-single-inner-content inner-content-js   is-active   \" id=\"\">\n  <div class=\"o-wrapper c-single-inner-content__container\">\n    \n<section class=\" o-section c-simple-header  c-simple-header--disable-style   \" id=\"\">\n  <div class=\"o-wrapper c-simple-header__container\">\n    <div class=\"c-simple-header__inner-content \">\n                  <h2 class=\"c-heading c-heading--h2 c-simple-header__title u-text-center \">Microsoft Teams<\/h2>          <\/div>\n      <\/div>\n<\/section>\n\n\n\n<section class=\"c-box-organization \">\n  <div class=\"o-wrapper c-box-organization__container\">\n    <div class=\"c-box-organization__inner o-flex\">\n      <div class=\"u-flex-3\/12@medium u-flex-12\/12\">\n        <div class=\"c-box-organization__img-wrapper\">\n                              <span class=\"c-box-organization__title\">Microsoft Teams<\/span>\n                  <\/div>\n      <\/div>\n      <div class=\"u-flex-9\/12@medium u-flex-12\/12\">\n        <div class=\"c-box-organization__inner-block\">\n          \n\n<p><strong>Let\u2019s Talk! | Virtual Meetings for Candidates on Microsoft Teams<\/strong><br>This is a friendly reminder that we\u2019re available for meetings on Microsoft Teams!<br><br>Starting in May, join Shanaid every&nbsp;<strong>Wednesday from 3:00 PM to 4:00 PM&nbsp;CET<\/strong>&nbsp;to learn everything you need to know about admissions, entry requirements, and the visa application process.<\/p>\n\n\n\n<p><strong>Date:<\/strong> Wednesdays<br><strong>Time:<\/strong> 3pm &#8211; 4pm<\/p>\n\n\n\n<div\n  class=\" c-simple-buttons  u-text-center    c-simple-buttons--mobile-center\"\n  id=\"\">\n\n  \n        \n      \n  \n    <div class=\"c-simple-buttons__row o-flex o-flex--space-between o-flex--centered-v\">\n    <div class=\"c-simple-buttons__btn-desc u-font-color--1  u-text--strong\">\n      Link to join\n    <\/div>\n    <div class=\"c-simple-buttons__btn-wrap\">\n      <a \n    href=\"https:\/\/teams.microsoft.com\/l\/meetup-join\/19%3ameeting_NjAyMmRhY2EtYWRjNS00MmFhLWI4Y2ItZTE2MTc0MDI3NmQz%40thread.v2\/0?context=%7b%22Tid%22%3a%22e8a52afe-6ea8-47f7-b275-783f7087b5fa%22%2c%22Oid%22%3a%22ad1464e6-f406-49ef-8ff1-b5ab1743acc9%22%7d\"\n    target=\"_blank\"\n    data-marker = \"block_ac802f14bf9df373ef94b329fa40e03c\"\n        class=\"c-button c-button--primary\n                        c-button--fixed\n                                                         c-simple-buttons__btn c-simple-buttons__btn-mobile-full\n    \"\n        >\n        Teams\n    <\/a>     <\/div>\n  <\/div>\n  \n    <\/div>\n\n\n\n<p><\/p>\n\n\n\n<p><\/p>\n\n\n        <\/div>\n      <\/div>\n    <\/div>\n  <\/div>\n<\/section>\n\n\n      <\/div>\n<\/section>\n\n\n\n<div style=\"height:20px\" aria-hidden=\"true\" class=\"wp-block-spacer\"><\/div>\n\n\n                  <\/div>\n \n              <\/div>\n      \n    <\/div>\n  <\/div>\n  <\/section>\n","protected":false},"excerpt":{"rendered":"","protected":false},"author":3,"featured_media":0,"parent":0,"menu_order":7,"comment_status":"closed","ping_status":"closed","template":"","meta":{"_acf_changed":true,"inline_featured_image":false,"footnotes":""},"class_list":["post-42408","page","type-page","status-publish","hentry"],"acf":[],"yoast_head":"<!-- This site is optimized with the Yoast SEO plugin v26.7 - https:\/\/yoast.com\/wordpress\/plugins\/seo\/ -->\n<title>Meet us online - Vistula School of Hospitality<\/title>\n<meta name=\"robots\" content=\"index, follow, max-snippet:-1, max-image-preview:large, max-video-preview:-1\" \/>\n<link rel=\"canonical\" href=\"https:\/\/vistulahospitality.edu.pl\/en\/meet-us-online\" \/>\n<meta property=\"og:locale\" content=\"en_US\" \/>\n<meta property=\"og:type\" content=\"article\" \/>\n<meta property=\"og:title\" content=\"Meet us online - Vistula School of Hospitality\" \/>\n<meta property=\"og:url\" content=\"https:\/\/vistulahospitality.edu.pl\/en\/meet-us-online\" \/>\n<meta property=\"og:site_name\" content=\"Vistula School of Hospitality\" \/>\n<meta property=\"article:modified_time\" content=\"2025-04-28T11:56:43+00:00\" \/>\n<meta name=\"twitter:card\" content=\"summary_large_image\" \/>\n<meta name=\"twitter:label1\" content=\"Est. reading time\" \/>\n\t<meta name=\"twitter:data1\" content=\"1 minute\" \/>\n<script type=\"application\/ld+json\" class=\"yoast-schema-graph\">{\"@context\":\"https:\/\/schema.org\",\"@graph\":[{\"@type\":\"WebPage\",\"@id\":\"https:\/\/vistulahospitality.edu.pl\/en\/meet-us-online\",\"url\":\"https:\/\/vistulahospitality.edu.pl\/en\/meet-us-online\",\"name\":\"Meet us online - Vistula School of Hospitality\",\"isPartOf\":{\"@id\":\"https:\/\/vistulahospitality.edu.pl\/en#website\"},\"datePublished\":\"2023-05-09T03:10:32+00:00\",\"dateModified\":\"2025-04-28T11:56:43+00:00\",\"breadcrumb\":{\"@id\":\"https:\/\/vistulahospitality.edu.pl\/en\/meet-us-online#breadcrumb\"},\"inLanguage\":\"en-US\",\"potentialAction\":[{\"@type\":\"ReadAction\",\"target\":[\"https:\/\/vistulahospitality.edu.pl\/en\/meet-us-online\"]}]},{\"@type\":\"BreadcrumbList\",\"@id\":\"https:\/\/vistulahospitality.edu.pl\/en\/meet-us-online#breadcrumb\",\"itemListElement\":[{\"@type\":\"ListItem\",\"position\":1,\"name\":\"Home\",\"item\":\"https:\/\/vistulahospitality.edu.pl\/en\"},{\"@type\":\"ListItem\",\"position\":2,\"name\":\"Meet us online\"}]},{\"@type\":\"WebSite\",\"@id\":\"https:\/\/vistulahospitality.edu.pl\/en#website\",\"url\":\"https:\/\/vistulahospitality.edu.pl\/en\",\"name\":\"Vistula School of Hospitality\",\"description\":\"Szko\u0142a G\u0142\u00f3wna Turystyki i Hotelarstwa Vistula\",\"publisher\":{\"@id\":\"https:\/\/vistulahospitality.edu.pl\/en#organization\"},\"potentialAction\":[{\"@type\":\"SearchAction\",\"target\":{\"@type\":\"EntryPoint\",\"urlTemplate\":\"https:\/\/vistulahospitality.edu.pl\/en?s={search_term_string}\"},\"query-input\":{\"@type\":\"PropertyValueSpecification\",\"valueRequired\":true,\"valueName\":\"search_term_string\"}}],\"inLanguage\":\"en-US\"},{\"@type\":\"Organization\",\"@id\":\"https:\/\/vistulahospitality.edu.pl\/en#organization\",\"name\":\"Vistula School of Hospitality\",\"url\":\"https:\/\/vistulahospitality.edu.pl\/en\",\"logo\":{\"@type\":\"ImageObject\",\"inLanguage\":\"en-US\",\"@id\":\"https:\/\/vistulahospitality.edu.pl\/en#\/schema\/logo\/image\/\",\"url\":\"https:\/\/vistulahospitality.edu.pl\/wp-content\/uploads\/sites\/3\/2022\/02\/logo_sgtih_en.svg\",\"contentUrl\":\"https:\/\/vistulahospitality.edu.pl\/wp-content\/uploads\/sites\/3\/2022\/02\/logo_sgtih_en.svg\",\"width\":53,\"height\":60,\"caption\":\"Vistula School of Hospitality\"},\"image\":{\"@id\":\"https:\/\/vistulahospitality.edu.pl\/en#\/schema\/logo\/image\/\"}}]}<\/script>\n<!-- \/ Yoast SEO plugin. -->","yoast_head_json":{"title":"Meet us online - Vistula School of Hospitality","robots":{"index":"index","follow":"follow","max-snippet":"max-snippet:-1","max-image-preview":"max-image-preview:large","max-video-preview":"max-video-preview:-1"},"canonical":"https:\/\/vistulahospitality.edu.pl\/en\/meet-us-online","og_locale":"en_US","og_type":"article","og_title":"Meet us online - Vistula School of Hospitality","og_url":"https:\/\/vistulahospitality.edu.pl\/en\/meet-us-online","og_site_name":"Vistula School of Hospitality","article_modified_time":"2025-04-28T11:56:43+00:00","twitter_card":"summary_large_image","twitter_misc":{"Est. reading time":"1 minute"},"schema":{"@context":"https:\/\/schema.org","@graph":[{"@type":"WebPage","@id":"https:\/\/vistulahospitality.edu.pl\/en\/meet-us-online","url":"https:\/\/vistulahospitality.edu.pl\/en\/meet-us-online","name":"Meet us online - Vistula School of Hospitality","isPartOf":{"@id":"https:\/\/vistulahospitality.edu.pl\/en#website"},"datePublished":"2023-05-09T03:10:32+00:00","dateModified":"2025-04-28T11:56:43+00:00","breadcrumb":{"@id":"https:\/\/vistulahospitality.edu.pl\/en\/meet-us-online#breadcrumb"},"inLanguage":"en-US","potentialAction":[{"@type":"ReadAction","target":["https:\/\/vistulahospitality.edu.pl\/en\/meet-us-online"]}]},{"@type":"BreadcrumbList","@id":"https:\/\/vistulahospitality.edu.pl\/en\/meet-us-online#breadcrumb","itemListElement":[{"@type":"ListItem","position":1,"name":"Home","item":"https:\/\/vistulahospitality.edu.pl\/en"},{"@type":"ListItem","position":2,"name":"Meet us online"}]},{"@type":"WebSite","@id":"https:\/\/vistulahospitality.edu.pl\/en#website","url":"https:\/\/vistulahospitality.edu.pl\/en","name":"Vistula School of Hospitality","description":"Szko\u0142a G\u0142\u00f3wna Turystyki i Hotelarstwa Vistula","publisher":{"@id":"https:\/\/vistulahospitality.edu.pl\/en#organization"},"potentialAction":[{"@type":"SearchAction","target":{"@type":"EntryPoint","urlTemplate":"https:\/\/vistulahospitality.edu.pl\/en?s={search_term_string}"},"query-input":{"@type":"PropertyValueSpecification","valueRequired":true,"valueName":"search_term_string"}}],"inLanguage":"en-US"},{"@type":"Organization","@id":"https:\/\/vistulahospitality.edu.pl\/en#organization","name":"Vistula School of Hospitality","url":"https:\/\/vistulahospitality.edu.pl\/en","logo":{"@type":"ImageObject","inLanguage":"en-US","@id":"https:\/\/vistulahospitality.edu.pl\/en#\/schema\/logo\/image\/","url":"https:\/\/vistulahospitality.edu.pl\/wp-content\/uploads\/sites\/3\/2022\/02\/logo_sgtih_en.svg","contentUrl":"https:\/\/vistulahospitality.edu.pl\/wp-content\/uploads\/sites\/3\/2022\/02\/logo_sgtih_en.svg","width":53,"height":60,"caption":"Vistula School of Hospitality"},"image":{"@id":"https:\/\/vistulahospitality.edu.pl\/en#\/schema\/logo\/image\/"}}]}},"_links":{"self":[{"href":"https:\/\/vistulahospitality.edu.pl\/en\/wp-json\/wp\/v2\/pages\/42408","targetHints":{"allow":["GET"]}}],"collection":[{"href":"https:\/\/vistulahospitality.edu.pl\/en\/wp-json\/wp\/v2\/pages"}],"about":[{"href":"https:\/\/vistulahospitality.edu.pl\/en\/wp-json\/wp\/v2\/types\/page"}],"author":[{"embeddable":true,"href":"https:\/\/vistulahospitality.edu.pl\/en\/wp-json\/wp\/v2\/users\/3"}],"replies":[{"embeddable":true,"href":"https:\/\/vistulahospitality.edu.pl\/en\/wp-json\/wp\/v2\/comments?post=42408"}],"version-history":[{"count":0,"href":"https:\/\/vistulahospitality.edu.pl\/en\/wp-json\/wp\/v2\/pages\/42408\/revisions"}],"wp:attachment":[{"href":"https:\/\/vistulahospitality.edu.pl\/en\/wp-json\/wp\/v2\/media?parent=42408"}],"curies":[{"name":"wp","href":"https:\/\/api.w.org\/{rel}","templated":true}]}}