{"id":34654,"date":"2021-11-29T09:46:03","date_gmt":"2021-11-29T09:46:03","guid":{"rendered":"https:\/\/vistulahospitality.edu.pl\/candidate\/kierunki-studiow\/"},"modified":"2022-05-13T12:35:30","modified_gmt":"2022-05-13T12:35:30","slug":"study-programme","status":"publish","type":"page","link":"https:\/\/vistulahospitality.edu.pl\/en\/candidate\/study-programme","title":{"rendered":"Study programme"},"content":{"rendered":"\n\n<section class=\" o-section c-candidate-inf\" id=\"\">\n  <div class=\"o-wrapper c-candidate-inf__container\">\n        <div class=\"c-candidate-inf__blocks-wrapper \">\n                <div class=\"c-candidate-inf__shortcuts\">\n        <section class=\" o-section c-shortcuts \" id=\"\">\n  <div class=\"o-wrapper c-shortcuts__container\">\n    <div class=\"c-shortcuts__wrapper o-flex o-flex--centered-v\">\n      <div class=\"c-shortcuts__title-wrap\"> \n                <h1 class=\"c-heading c-heading--h3 c-shortcuts__title u-font-color--4 \">Shortcuts<\/h1>              <\/div> \n      <div class=\"c-shortcuts__btns-wrap\">\n                                <a class=\"c-shortcuts__btn c-button c-button--small c-button--icon-default  \" href=\"https:\/\/vistulahospitality.edu.pl\/en\/contact\/candidate\/\" data-basic-url=\"https:\/\/vistulahospitality.edu.pl\/en\/candidate\/study-programme\/\"  target=\"_blank\" >\n                    <span class=\"c-button__text\">Recruitment Department<\/span>\n        <\/a>\n         \n                        <a class=\"c-shortcuts__btn c-button c-button--small c-button--icon-default  \" href=\"https:\/\/vistulahospitality.edu.pl\/en\/faq\/\" data-basic-url=\"https:\/\/vistulahospitality.edu.pl\/en\/candidate\/study-programme\/\"  target=\"_blank\" >\n                    <span class=\"c-button__text\">FAQ<\/span>\n        <\/a>\n         \n                        <a class=\"c-shortcuts__btn c-button c-button--small c-button--icon-default  \" href=\"https:\/\/apply.vistula.edu.pl\/\" data-basic-url=\"https:\/\/vistulahospitality.edu.pl\/en\/candidate\/study-programme\/\"  target=\"_blank\" >\n                    <span class=\"c-button__text\">Apply online<\/span>\n        <\/a>\n         \n                      <\/div>\n    <\/div>\n  <\/div>\n<\/section>      <\/div>\n            <div\n        class=\"c-candidate-inf__inner-block o-flex c-candidate-inf__inner-block--flex \">\n\n        <div\n          class=\"c-candidate-inf__inner-items u-flex-9\/12@medium u-flex-12\/12 \">\n                    <div class=\"c-candidate-inf__header c-candidate-inf__header--inner\">\n                        <h2 class=\"c-heading c-heading--h2 c-candidate-inf__title \">Study programme<\/h2>                                              <\/div>\n                              \n<section\n  class=\"o-section c-simple   c-simple--rm-shadow  c-simple--rm-wave  c-simple--pt-small   c-simple--img-mobile-full  \" id=\"\">\n  <div class=\"o-wrapper c-simple__container o-flex o-flex--grids \">\n                      \n    <div\n      class=\"c-simple__content o-flex__item u-flex-6\/12@medium c-simple__content--rm-p-left\">\n                                        <div class=\"c-simple__desc js-more-text\">\n                      <div class=\"c-simple__desc--trimmed u-hidden@less-then-medium js-more-text-untrimmed\">\n              <p><b>Vistula School of Hospitality<\/b><span style=\"font-weight: 400;\"> is a truly international university offering business education in the field of tourism, hospitality, recreation, event organization, and dietetics. Our Bachelor\u2019s and Master\u2019s degree study programs have been developed in line with European standards. They are conducted by our dedicated team of outstanding, future-oriented professionals. With their support, you will understand the needs of your chosen industry and achieve professional success.<\/span><\/p>\n\n              <span class=\"c-paragraph__collapse u-hidden@medium js-more-text-collapse\">Read less<\/span>\n            <\/div>\n            <div class=\"c-simple__desc--trimmed u-hidden@medium js-more-text-trimmed\">\n              <p><b>Vistula School of Hospitality<\/b><span style=\"font-weight: 400;\"> is a truly international university offering business education in the field of tourism, hospitality, recreation, event organization, and dietetics. Our Bachelor\u2019s and&#8230;<\/span><\/p>\n              <span class=\"c-paragraph__expand u-hidden@medium js-more-text-expand\">Read more<\/span>\n            <\/div>\n                  <\/div>\n                    <\/div>\n    <div class=\"u-flex-12\/12 c-simple__btn-wrapper\">\n          <a \n    href=\"https:\/\/vistulahospitality.edu.pl\/en\/educational-offers\/\"\n    target=\"_blank\"\n    data-marker = \"block_61a4a1d75b48d\"\n        class=\"c-button c-button--primary\n                                                                c-simple__cta\n    \"\n        >\n        Find programme \n    <\/a>           <\/div>\n                        <div\n      class=\"c-simple__image o-flex__item u-flex-6\/12@medium c-simple__image--rm-p-left\">\n              <img decoding=\"async\" src=\"https:\/\/b2929804.smushcdn.com\/2929804\/wp-content\/uploads\/2022\/01\/vistula-5-jezyki-obce-370x480-1-370x400.jpeg?lossy=1&strip=1&webp=1\" alt=\"\" loading=\"lazy\" \/>\n          <\/div>\n    <\/section>\n\n\n\n<p><\/p>\n\n\n                  <\/div>\n \n                <div class=\"c-candidate-inf__menu u-flex-3\/12@medium u-flex-12\/12 js-candidate-inf-menu\">\n                              <div class=\"c-children-menu c-children-menu--desktop\" style=\"max-height: calc(100vh - 112px); margin-bottom:112px; overflow-y: auto;\">\n  <p class=\"c-children-menu__title u-text--strong u-text--smaller u-font-color--2\">What information are you looking for?<\/p>\n\n  \n                            <ul class=\"o-list-bare c-children-menu__list\">\n            <li class=\"c-children-menu__item\" style=\"order: 1;\">\n      <a class=\"c-children-menu__link  is-active\"\n        href=\"https:\/\/vistulahospitality.edu.pl\/en\/candidate\/study-programme\">Study programme<\/a>\n    <\/li>\n        <li class=\"c-children-menu__item\" style=\"order: 2;\">\n      <a class=\"c-children-menu__link \"\n        href=\"https:\/\/vistulahospitality.edu.pl\/en\/candidate\/recruitment\">Recruitment<\/a>\n    <\/li>\n        <li class=\"c-children-menu__item\" style=\"order: 3;\">\n      <a class=\"c-children-menu__link \"\n        href=\"https:\/\/vistulahospitality.edu.pl\/en\/candidate\/how-to-reduce-tuition-fees\">How to reduce tuition fees?<\/a>\n    <\/li>\n        <li class=\"c-children-menu__item\" style=\"order: 4;\">\n      <a class=\"c-children-menu__link \"\n        href=\"https:\/\/vistulahospitality.edu.pl\/en\/candidate\/organisation-of-the-academic-year\">Organisation of the academic year<\/a>\n    <\/li>\n      <\/ul>\n  \n  <\/div>\n  <div class=\"c-button c-button--primary c-button--fixed-pos c-button--with-icon js-prev-section\" style=\"\n    padding-left: 5px; \n    position: sticky;\n    top: calc(100vh - 82px);\n    margin:0 15px 30px;\n    display:none;\n    width:calc(100% - 30px)\">\n    <span class=\"c-icon c-icon--rotate-180\">  \n        <svg width=\"8\" height=\"8\" viewBox=\"0 0 8 8\" fill=\"none\" xmlns=\"http:\/\/www.w3.org\/2000\/svg\">\n<path fill-rule=\"evenodd\" clip-rule=\"evenodd\" d=\"M4 8L0 0L8 0L4 8Z\" fill=\"#ffffff\"\/>\n<\/svg>\n\n    <\/span>Previous section\n  <\/div>\n \n\n<div class=\"c-children-menu c-children-menu--mobile js-select-links\" style=\"align-items:center; justify-content:space-between;\">\n\n  <div class=\"c-button c-button--primary c-button--fixed-pos c-button--with-icon js-prev-section\" style=\"\n    display:none;\n    flex: 0 0 35%; \n    margin: 0!important;\n    margin-top: -8px!important;\">\n    <span class=\"c-icon c-icon--rotate-180\">  \n        <svg width=\"8\" height=\"8\" viewBox=\"0 0 8 8\" fill=\"none\" xmlns=\"http:\/\/www.w3.org\/2000\/svg\">\n<path fill-rule=\"evenodd\" clip-rule=\"evenodd\" d=\"M4 8L0 0L8 0L4 8Z\" fill=\"#ffffff\"\/>\n<\/svg>\n\n    <\/span>Back\n  <\/div>\n                        <div style=\"flex-grow: 1;flex-basis:65%; margin-left:10px \">\n\n    <label class=\"c-label c-label--select\">\n    <span class=\"c-label__title\" id=\"form-input-label--989717\"><\/span>\n        <div class=\"c-select__container\">\n        <select id=\"form-input--989717\" name=\"menu-children\" class=\"c-select js-select\" aria-labelledby=\"form-input-label--989717\">\n                                        <option value=\"\" selected >What information are you looking for?<\/option>\n                                                                                                 \n            \n                <option class=\"active\" value=\"https:\/\/vistulahospitality.edu.pl\/en\/candidate\/study-programme\">Study programme<\/option>\n                                                 \n               \n                        \n                                       \n                <option class=\"\" value=\"https:\/\/vistulahospitality.edu.pl\/en\/candidate\/recruitment\">Recruitment<\/option>\n                                                 \n               \n                        \n                                       \n                <option class=\"\" value=\"https:\/\/vistulahospitality.edu.pl\/en\/candidate\/how-to-reduce-tuition-fees\">How to reduce tuition fees?<\/option>\n                                                 \n               \n                        \n                                       \n                <option class=\"\" value=\"https:\/\/vistulahospitality.edu.pl\/en\/candidate\/organisation-of-the-academic-year\">Organisation of the academic year<\/option>\n                    <\/select>\n                    <\/div>\n    <\/label>\n<\/div>\n<\/div>\n\n        <\/div>\n              <\/div>\n      \n    <\/div>\n  <\/div>\n  <\/section>\n","protected":false},"excerpt":{"rendered":"<p>Information about our study offer.<\/p>\n","protected":false},"author":1,"featured_media":1000001636,"parent":9317,"menu_order":83,"comment_status":"closed","ping_status":"closed","template":"","meta":{"_acf_changed":false,"inline_featured_image":false,"footnotes":""},"class_list":["post-34654","page","type-page","status-publish","has-post-thumbnail","hentry"],"acf":[],"yoast_head":"<!-- This site is optimized with the Yoast SEO plugin v26.7 - https:\/\/yoast.com\/wordpress\/plugins\/seo\/ -->\n<title>Study programme - Vistula School of Hospitality<\/title>\n<meta name=\"robots\" content=\"index, follow, max-snippet:-1, max-image-preview:large, max-video-preview:-1\" \/>\n<link rel=\"canonical\" href=\"https:\/\/vistulahospitality.edu.pl\/en\/candidate\/study-programme\" \/>\n<meta property=\"og:locale\" content=\"en_US\" \/>\n<meta property=\"og:type\" content=\"article\" \/>\n<meta property=\"og:title\" content=\"Study programme - Vistula School of Hospitality\" \/>\n<meta property=\"og:description\" content=\"Information about our study offer.\" \/>\n<meta property=\"og:url\" content=\"https:\/\/vistulahospitality.edu.pl\/en\/candidate\/study-programme\" \/>\n<meta property=\"og:site_name\" content=\"Vistula School of Hospitality\" \/>\n<meta property=\"article:modified_time\" content=\"2022-05-13T12:35:30+00:00\" \/>\n<meta name=\"twitter:card\" content=\"summary_large_image\" \/>\n<script type=\"application\/ld+json\" class=\"yoast-schema-graph\">{\"@context\":\"https:\/\/schema.org\",\"@graph\":[{\"@type\":\"WebPage\",\"@id\":\"https:\/\/vistulahospitality.edu.pl\/en\/candidate\/study-programme\",\"url\":\"https:\/\/vistulahospitality.edu.pl\/en\/candidate\/study-programme\",\"name\":\"Study programme - Vistula School of Hospitality\",\"isPartOf\":{\"@id\":\"https:\/\/vistulahospitality.edu.pl\/en#website\"},\"primaryImageOfPage\":{\"@id\":\"https:\/\/vistulahospitality.edu.pl\/en\/candidate\/study-programme#primaryimage\"},\"image\":{\"@id\":\"https:\/\/vistulahospitality.edu.pl\/en\/candidate\/study-programme#primaryimage\"},\"thumbnailUrl\":\"https:\/\/vistulahospitality.edu.pl\/wp-content\/uploads\/2021\/11\/shunya-koide-1emWndlDHs0-unsplash-1.jpg\",\"datePublished\":\"2021-11-29T09:46:03+00:00\",\"dateModified\":\"2022-05-13T12:35:30+00:00\",\"breadcrumb\":{\"@id\":\"https:\/\/vistulahospitality.edu.pl\/en\/candidate\/study-programme#breadcrumb\"},\"inLanguage\":\"en-US\",\"potentialAction\":[{\"@type\":\"ReadAction\",\"target\":[\"https:\/\/vistulahospitality.edu.pl\/en\/candidate\/study-programme\"]}]},{\"@type\":\"ImageObject\",\"inLanguage\":\"en-US\",\"@id\":\"https:\/\/vistulahospitality.edu.pl\/en\/candidate\/study-programme#primaryimage\",\"url\":\"https:\/\/vistulahospitality.edu.pl\/wp-content\/uploads\/2021\/11\/shunya-koide-1emWndlDHs0-unsplash-1.jpg\",\"contentUrl\":\"https:\/\/vistulahospitality.edu.pl\/wp-content\/uploads\/2021\/11\/shunya-koide-1emWndlDHs0-unsplash-1.jpg\"},{\"@type\":\"BreadcrumbList\",\"@id\":\"https:\/\/vistulahospitality.edu.pl\/en\/candidate\/study-programme#breadcrumb\",\"itemListElement\":[{\"@type\":\"ListItem\",\"position\":1,\"name\":\"Home\",\"item\":\"https:\/\/vistulahospitality.edu.pl\/en\"},{\"@type\":\"ListItem\",\"position\":2,\"name\":\"Candidate\",\"item\":\"https:\/\/vistulahospitality.edu.pl\/en\/candidate\"},{\"@type\":\"ListItem\",\"position\":3,\"name\":\"Study programme\"}]},{\"@type\":\"WebSite\",\"@id\":\"https:\/\/vistulahospitality.edu.pl\/en#website\",\"url\":\"https:\/\/vistulahospitality.edu.pl\/en\",\"name\":\"Vistula School of Hospitality\",\"description\":\"Szko\u0142a G\u0142\u00f3wna Turystyki i Hotelarstwa Vistula\",\"publisher\":{\"@id\":\"https:\/\/vistulahospitality.edu.pl\/en#organization\"},\"potentialAction\":[{\"@type\":\"SearchAction\",\"target\":{\"@type\":\"EntryPoint\",\"urlTemplate\":\"https:\/\/vistulahospitality.edu.pl\/en?s={search_term_string}\"},\"query-input\":{\"@type\":\"PropertyValueSpecification\",\"valueRequired\":true,\"valueName\":\"search_term_string\"}}],\"inLanguage\":\"en-US\"},{\"@type\":\"Organization\",\"@id\":\"https:\/\/vistulahospitality.edu.pl\/en#organization\",\"name\":\"Vistula School of Hospitality\",\"url\":\"https:\/\/vistulahospitality.edu.pl\/en\",\"logo\":{\"@type\":\"ImageObject\",\"inLanguage\":\"en-US\",\"@id\":\"https:\/\/vistulahospitality.edu.pl\/en#\/schema\/logo\/image\/\",\"url\":\"https:\/\/vistulahospitality.edu.pl\/wp-content\/uploads\/sites\/3\/2022\/02\/logo_sgtih_en.svg\",\"contentUrl\":\"https:\/\/vistulahospitality.edu.pl\/wp-content\/uploads\/sites\/3\/2022\/02\/logo_sgtih_en.svg\",\"width\":53,\"height\":60,\"caption\":\"Vistula School of Hospitality\"},\"image\":{\"@id\":\"https:\/\/vistulahospitality.edu.pl\/en#\/schema\/logo\/image\/\"}}]}<\/script>\n<!-- \/ Yoast SEO plugin. -->","yoast_head_json":{"title":"Study programme - Vistula School of Hospitality","robots":{"index":"index","follow":"follow","max-snippet":"max-snippet:-1","max-image-preview":"max-image-preview:large","max-video-preview":"max-video-preview:-1"},"canonical":"https:\/\/vistulahospitality.edu.pl\/en\/candidate\/study-programme","og_locale":"en_US","og_type":"article","og_title":"Study programme - Vistula School of Hospitality","og_description":"Information about our study offer.","og_url":"https:\/\/vistulahospitality.edu.pl\/en\/candidate\/study-programme","og_site_name":"Vistula School of Hospitality","article_modified_time":"2022-05-13T12:35:30+00:00","twitter_card":"summary_large_image","schema":{"@context":"https:\/\/schema.org","@graph":[{"@type":"WebPage","@id":"https:\/\/vistulahospitality.edu.pl\/en\/candidate\/study-programme","url":"https:\/\/vistulahospitality.edu.pl\/en\/candidate\/study-programme","name":"Study programme - Vistula School of Hospitality","isPartOf":{"@id":"https:\/\/vistulahospitality.edu.pl\/en#website"},"primaryImageOfPage":{"@id":"https:\/\/vistulahospitality.edu.pl\/en\/candidate\/study-programme#primaryimage"},"image":{"@id":"https:\/\/vistulahospitality.edu.pl\/en\/candidate\/study-programme#primaryimage"},"thumbnailUrl":"https:\/\/vistulahospitality.edu.pl\/wp-content\/uploads\/2021\/11\/shunya-koide-1emWndlDHs0-unsplash-1.jpg","datePublished":"2021-11-29T09:46:03+00:00","dateModified":"2022-05-13T12:35:30+00:00","breadcrumb":{"@id":"https:\/\/vistulahospitality.edu.pl\/en\/candidate\/study-programme#breadcrumb"},"inLanguage":"en-US","potentialAction":[{"@type":"ReadAction","target":["https:\/\/vistulahospitality.edu.pl\/en\/candidate\/study-programme"]}]},{"@type":"ImageObject","inLanguage":"en-US","@id":"https:\/\/vistulahospitality.edu.pl\/en\/candidate\/study-programme#primaryimage","url":"https:\/\/vistulahospitality.edu.pl\/wp-content\/uploads\/2021\/11\/shunya-koide-1emWndlDHs0-unsplash-1.jpg","contentUrl":"https:\/\/vistulahospitality.edu.pl\/wp-content\/uploads\/2021\/11\/shunya-koide-1emWndlDHs0-unsplash-1.jpg"},{"@type":"BreadcrumbList","@id":"https:\/\/vistulahospitality.edu.pl\/en\/candidate\/study-programme#breadcrumb","itemListElement":[{"@type":"ListItem","position":1,"name":"Home","item":"https:\/\/vistulahospitality.edu.pl\/en"},{"@type":"ListItem","position":2,"name":"Candidate","item":"https:\/\/vistulahospitality.edu.pl\/en\/candidate"},{"@type":"ListItem","position":3,"name":"Study programme"}]},{"@type":"WebSite","@id":"https:\/\/vistulahospitality.edu.pl\/en#website","url":"https:\/\/vistulahospitality.edu.pl\/en","name":"Vistula School of Hospitality","description":"Szko\u0142a G\u0142\u00f3wna Turystyki i Hotelarstwa Vistula","publisher":{"@id":"https:\/\/vistulahospitality.edu.pl\/en#organization"},"potentialAction":[{"@type":"SearchAction","target":{"@type":"EntryPoint","urlTemplate":"https:\/\/vistulahospitality.edu.pl\/en?s={search_term_string}"},"query-input":{"@type":"PropertyValueSpecification","valueRequired":true,"valueName":"search_term_string"}}],"inLanguage":"en-US"},{"@type":"Organization","@id":"https:\/\/vistulahospitality.edu.pl\/en#organization","name":"Vistula School of Hospitality","url":"https:\/\/vistulahospitality.edu.pl\/en","logo":{"@type":"ImageObject","inLanguage":"en-US","@id":"https:\/\/vistulahospitality.edu.pl\/en#\/schema\/logo\/image\/","url":"https:\/\/vistulahospitality.edu.pl\/wp-content\/uploads\/sites\/3\/2022\/02\/logo_sgtih_en.svg","contentUrl":"https:\/\/vistulahospitality.edu.pl\/wp-content\/uploads\/sites\/3\/2022\/02\/logo_sgtih_en.svg","width":53,"height":60,"caption":"Vistula School of Hospitality"},"image":{"@id":"https:\/\/vistulahospitality.edu.pl\/en#\/schema\/logo\/image\/"}}]}},"_links":{"self":[{"href":"https:\/\/vistulahospitality.edu.pl\/en\/wp-json\/wp\/v2\/pages\/34654","targetHints":{"allow":["GET"]}}],"collection":[{"href":"https:\/\/vistulahospitality.edu.pl\/en\/wp-json\/wp\/v2\/pages"}],"about":[{"href":"https:\/\/vistulahospitality.edu.pl\/en\/wp-json\/wp\/v2\/types\/page"}],"author":[{"embeddable":true,"href":"https:\/\/vistulahospitality.edu.pl\/en\/wp-json\/wp\/v2\/users\/1"}],"replies":[{"embeddable":true,"href":"https:\/\/vistulahospitality.edu.pl\/en\/wp-json\/wp\/v2\/comments?post=34654"}],"version-history":[{"count":0,"href":"https:\/\/vistulahospitality.edu.pl\/en\/wp-json\/wp\/v2\/pages\/34654\/revisions"}],"up":[{"embeddable":true,"href":"https:\/\/vistulahospitality.edu.pl\/en\/wp-json\/wp\/v2\/pages\/9317"}],"wp:featuredmedia":[{"embeddable":true,"href":"https:\/\/vistulahospitality.edu.pl\/en\/wp-json\/"}],"wp:attachment":[{"href":"https:\/\/vistulahospitality.edu.pl\/en\/wp-json\/wp\/v2\/media?parent=34654"}],"curies":[{"name":"wp","href":"https:\/\/api.w.org\/{rel}","templated":true}]}}