{"id":10138,"date":"2022-01-30T12:16:25","date_gmt":"2022-01-30T12:16:25","guid":{"rendered":"https:\/\/vistula.edu.pl\/jobday-2017\/"},"modified":"2022-11-30T15:14:43","modified_gmt":"2022-11-30T15:14:43","slug":"jobday-2017","status":"publish","type":"page","link":"https:\/\/vistulahospitality.edu.pl\/en\/student\/student-affairs\/jobday-2017","title":{"rendered":"JobDay 2017"},"content":{"rendered":"\n\n<section class=\" o-section c-candidate-inf\" id=\"\">\n  <div class=\"o-wrapper c-candidate-inf__container\">\n        <div class=\"c-candidate-inf__blocks-wrapper \">\n                <div class=\"c-candidate-inf__shortcuts\">\n        <section class=\" o-section c-shortcuts \" id=\"\">\n  <div class=\"o-wrapper c-shortcuts__container\">\n    <div class=\"c-shortcuts__wrapper o-flex o-flex--centered-v\">\n      <div class=\"c-shortcuts__title-wrap\"> \n                <h1 class=\"c-heading c-heading--h3 c-shortcuts__title u-font-color--4 \">Shortcuts<\/h1>              <\/div> \n      <div class=\"c-shortcuts__btns-wrap\">\n                                <a class=\"c-shortcuts__btn c-button c-button--small c-button--icon-default  \" href=\"https:\/\/usosweb.vistula.edu.pl\/kontroler.php?_action=news%2Fdefault&#038;lang=en\" data-basic-url=\"https:\/\/vistulahospitality.edu.pl\/en\/student\/student-affairs\/jobday-2017\/\"  target=\"_blank\" >\n                    <span class=\"c-button__text\">Schedule (USOS)<\/span>\n        <\/a>\n         \n                        <a class=\"c-shortcuts__btn c-button c-button--small c-button--icon-default  \" href=\"https:\/\/vistulahospitality.edu.pl\/en\/contact\/student\/all\/deans\/\" data-basic-url=\"https:\/\/vistulahospitality.edu.pl\/en\/student\/student-affairs\/jobday-2017\/\"  target=\"_blank\" >\n                    <span class=\"c-button__text\">Dean&#8217;s Office<\/span>\n        <\/a>\n         \n                        <a class=\"c-shortcuts__btn c-button c-button--small c-button--icon-default  \" href=\"https:\/\/vistulahospitality.edu.pl\/en\/faq\/\" data-basic-url=\"https:\/\/vistulahospitality.edu.pl\/en\/student\/student-affairs\/jobday-2017\/\"  target=\"_blank\" >\n                    <span class=\"c-button__text\">FAQ<\/span>\n        <\/a>\n         \n                      <\/div>\n    <\/div>\n  <\/div>\n<\/section>      <\/div>\n            <div\n        class=\"c-candidate-inf__inner-block o-flex c-candidate-inf__inner-block--flex \">\n\n        <div\n          class=\"c-candidate-inf__inner-items u-flex-9\/12@medium u-flex-12\/12 \">\n                    <div class=\"c-candidate-inf__header c-candidate-inf__header--inner\">\n                        <h2 class=\"c-heading c-heading--h2 c-candidate-inf__title \">Student affairs<\/h2>                                              <\/div>\n                              \n\n<div\n  class=\"c-buttons--smaller c-simple-buttons  u-text-center   \"\n  id=\"\">\n\n  \n        \n  \n  \n    <a \n    href=\"https:\/\/vistulahospitality.edu.pl\/en\/student\/student-affairs\/repeat-exams\/\"\n    target=\"\"\n    data-marker = \"block_6205b102811c1\"\n        class=\"c-button c-button--tertiary\n                                                                 c-simple-buttons__btn\n    \"\n        >\n        Repeating a subject\n    <\/a>   \n      \n  \n  \n    <a \n    href=\"https:\/\/vistulahospitality.edu.pl\/en\/student\/student-affairs\/thesis-defence\/\"\n    target=\"\"\n    data-marker = \"block_6205b102811c1\"\n        class=\"c-button c-button--tertiary\n                                                                 c-simple-buttons__btn\n    \"\n        >\n        Thesis defence\n    <\/a>   \n      \n  \n  \n    <a \n    href=\"https:\/\/vistulahospitality.edu.pl\/en\/student\/student-affairs\/student-finance\/\"\n    target=\"\"\n    data-marker = \"block_6205b102811c1\"\n        class=\"c-button c-button--tertiary\n                                                                 c-simple-buttons__btn\n    \"\n        >\n        Student finance\n    <\/a>   \n      \n  \n  \n    <a \n    href=\"https:\/\/vistulahospitality.edu.pl\/en\/student\/student-affairs\/scholarships\/\"\n    target=\"\"\n    data-marker = \"block_6205b102811c1\"\n        class=\"c-button c-button--tertiary\n                                                                 c-simple-buttons__btn\n    \"\n        >\n        Scholarship\n    <\/a>   \n      \n  \n  \n    <a \n    href=\"https:\/\/vistulahospitality.edu.pl\/en\/student\/student-affairs\/medical-care\/\"\n    target=\"\"\n    data-marker = \"block_6205b102811c1\"\n        class=\"c-button c-button--tertiary\n                                                                 c-simple-buttons__btn\n    \"\n        >\n        Medical care\n    <\/a>   \n      \n  \n  \n    <a \n    href=\"https:\/\/vistulahospitality.edu.pl\/en\/student\/student-affairs\/career\/\"\n    target=\"\"\n    data-marker = \"block_6205b102811c1\"\n        class=\"c-button c-button--quaternary\n                                                                 c-simple-buttons__btn\n    \"\n        >\n        Career and Practices Department\n    <\/a>   \n      \n  \n  \n    <a \n    href=\"https:\/\/vistulahospitality.edu.pl\/en\/student\/student-affairs\/ombudsman\/\"\n    target=\"\"\n    data-marker = \"block_6205b102811c1\"\n        class=\"c-button c-button--primary\n                                        c-button--alternative\n                                         c-simple-buttons__btn\n    \"\n        >\n        Ombudsman\n    <\/a>   \n      \n  \n  \n    <a \n    href=\"https:\/\/vistulahospitality.edu.pl\/en\/student\/foreign-student\/healthcare\/\"\n    target=\"\"\n    data-marker = \"block_6205b102811c1\"\n        class=\"c-button c-button--primary\n                                        c-button--alternative\n                                         c-simple-buttons__btn\n    \"\n        >\n        Healthcare\n    <\/a>   \n    <\/div>\n\n\n<section\n  class=\"o-section c-simple   c-simple--rm-shadow  c-simple--rm-wave  c-simple--pt-small  c-simple--pb-small   \" id=\"\">\n  <div class=\"o-wrapper c-simple__container o-flex o-flex--grids \">\n                      \n    <div\n      class=\"c-simple__content o-flex__item u-flex-7\/12@medium c-simple__content--rm-p-left\">\n                          <p class=\"c-simple__desc\">\n    On October 25, 2017, the third edition of the JobDay job fair took place at thecVistula Group of Universities. It was held under the slogan \u201cMake some extracmoney for your studies or find a dream job\u201d. A dozen or so companies werecseeking new employees. They included, among others, companies from thecfinancial industry, customer service and HR, i.e. Accenture, Bank Pekao, VivuscFinance, Sitel, McDonald\u2019s and KFC as well as recruitment companies forcvarious industries, such as Staffer and Best Jobs.\r\n\r\nThe JobDay provided our students with a great opportunity to talk directly tocemployers and recruiters. An additional attraction was Personal Branding withcAccenture Operations, i.e. individual meetings with an Accenture expert, one of the world\u2019s largest outsourcing and consulting companies in the field ofcmanagement and technology, which showed students how to focus on theircstrengths and gain a unique advantage in the job market. \n<\/p>                          <\/div>\n                          <div\n      class=\"c-simple__image o-flex__item u-flex-5\/12@medium c-simple__image--rm-p-left\">\n              <img decoding=\"async\" src=\"https:\/\/b2929804.smushcdn.com\/2929804\/wp-content\/uploads\/2022\/01\/rawpixel-626044-unsplash-565x278-1.jpg?lossy=1&strip=1&webp=1\" alt=\"\" loading=\"lazy\" \/>\n          <\/div>\n            <div class=\"c-simple__images-container o-flex__item u-flex-5\/12@medium u-hidden@less-then-medium\">\n                        <\/div>\n  <\/section>\n\n\n                  <\/div>\n \n                <div class=\"c-candidate-inf__menu u-flex-3\/12@medium u-flex-12\/12 js-candidate-inf-menu\">\n                                                  <div class=\"c-children-menu c-children-menu--desktop\" style=\"max-height: calc(100vh - 112px); margin-bottom:112px; overflow-y: auto;\">\n  <p class=\"c-children-menu__title u-text--strong u-text--smaller u-font-color--2\">What information are you looking for?<\/p>\n\n  \n                            <ul class=\"o-list-bare c-children-menu__list\">\n            <li class=\"c-children-menu__item\" style=\"order: 1;\">\n      <a class=\"c-children-menu__link \"\n        href=\"https:\/\/vistulahospitality.edu.pl\/en\/student\/organisation-of-the-academic-year\">Organisation of the academic year<\/a>\n    <\/li>\n        <li class=\"c-children-menu__item\" style=\"order: 2;\">\n      <a class=\"c-children-menu__link  is-active\"\n        href=\"https:\/\/vistulahospitality.edu.pl\/en\/student\/student-affairs\">Student affairs<\/a>\n    <\/li>\n        <li class=\"c-children-menu__item\" style=\"order: 3;\">\n      <a class=\"c-children-menu__link \"\n        href=\"https:\/\/vistulahospitality.edu.pl\/en\/student\/international-student\">International student<\/a>\n    <\/li>\n        <li class=\"c-children-menu__item\" style=\"order: 4;\">\n      <a class=\"c-children-menu__link \"\n        href=\"https:\/\/vistulahospitality.edu.pl\/en\/student\/student-interships\">Student internships<\/a>\n    <\/li>\n        <li class=\"c-children-menu__item\" style=\"order: 5;\">\n      <a class=\"c-children-menu__link \"\n        href=\"https:\/\/vistulahospitality.edu.pl\/en\/student\/erasmus\">Erasmus+<\/a>\n    <\/li>\n        <li class=\"c-children-menu__item\" style=\"order: 6;\">\n      <a class=\"c-children-menu__link \"\n        href=\"https:\/\/vistulahospitality.edu.pl\/en\/student\/foreign-languages-centre\">Foreign Languages Centre<\/a>\n    <\/li>\n        <li class=\"c-children-menu__item\" style=\"order: 7;\">\n      <a class=\"c-children-menu__link \"\n        href=\"https:\/\/vistulahospitality.edu.pl\/en\/student\/physical-education-and-sport\">Physical Education and Sport<\/a>\n    <\/li>\n        <li class=\"c-children-menu__item\" style=\"order: 8;\">\n      <a class=\"c-children-menu__link \"\n        href=\"https:\/\/vistulahospitality.edu.pl\/en\/student\/get-involved\">Get involved<\/a>\n    <\/li>\n        <li class=\"c-children-menu__item\" style=\"order: 9;\">\n      <a class=\"c-children-menu__link \"\n        href=\"https:\/\/vistulahospitality.edu.pl\/en\/student\/library\">Library<\/a>\n    <\/li>\n        <li class=\"c-children-menu__item\" style=\"order: 10;\">\n      <a class=\"c-children-menu__link \"\n        href=\"https:\/\/vistulahospitality.edu.pl\/en\/student\/students-with-disabilities\">Students with disabilities<\/a>\n    <\/li>\n        <li class=\"c-children-menu__item\" style=\"order: 11;\">\n      <a class=\"c-children-menu__link \"\n        href=\"https:\/\/vistulahospitality.edu.pl\/en\/student\/stay-safe-at-vistula\">Stay Safe at Vistula<\/a>\n    <\/li>\n        <li class=\"c-children-menu__item\" style=\"order: 12;\">\n      <a class=\"c-children-menu__link \"\n        href=\"https:\/\/vistulahospitality.edu.pl\/student\/student-benefits\">Student Benefits<\/a>\n    <\/li>\n      <\/ul>\n  \n  <\/div>\n  <div class=\"c-button c-button--primary c-button--fixed-pos c-button--with-icon js-prev-section\" style=\"\n    padding-left: 5px; \n    position: sticky;\n    top: calc(100vh - 82px);\n    margin:0 15px 30px;\n    display:none;\n    width:calc(100% - 30px)\">\n    <span class=\"c-icon c-icon--rotate-180\">  \n        <svg width=\"8\" height=\"8\" viewBox=\"0 0 8 8\" fill=\"none\" xmlns=\"http:\/\/www.w3.org\/2000\/svg\">\n<path fill-rule=\"evenodd\" clip-rule=\"evenodd\" d=\"M4 8L0 0L8 0L4 8Z\" fill=\"#ffffff\"\/>\n<\/svg>\n\n    <\/span>Previous section\n  <\/div>\n \n\n<div class=\"c-children-menu c-children-menu--mobile js-select-links\" style=\"align-items:center; justify-content:space-between;\">\n\n  <div class=\"c-button c-button--primary c-button--fixed-pos c-button--with-icon js-prev-section\" style=\"\n    display:none;\n    flex: 0 0 35%; \n    margin: 0!important;\n    margin-top: -8px!important;\">\n    <span class=\"c-icon c-icon--rotate-180\">  \n        <svg width=\"8\" height=\"8\" viewBox=\"0 0 8 8\" fill=\"none\" xmlns=\"http:\/\/www.w3.org\/2000\/svg\">\n<path fill-rule=\"evenodd\" clip-rule=\"evenodd\" d=\"M4 8L0 0L8 0L4 8Z\" fill=\"#ffffff\"\/>\n<\/svg>\n\n    <\/span>Back\n  <\/div>\n                                                        <div style=\"flex-grow: 1;flex-basis:65%; margin-left:10px \">\n\n    <label class=\"c-label c-label--select\">\n    <span class=\"c-label__title\" id=\"form-input-label--454192\"><\/span>\n        <div class=\"c-select__container\">\n        <select id=\"form-input--454192\" name=\"menu-children\" class=\"c-select js-select\" aria-labelledby=\"form-input-label--454192\">\n                                        <option value=\"\" selected >What information are you looking for?<\/option>\n                                                             \n               \n                        \n                                       \n                <option class=\"\" value=\"https:\/\/vistulahospitality.edu.pl\/en\/student\/organisation-of-the-academic-year\">Organisation of the academic year<\/option>\n                                                                                     \n            \n                <option class=\"active\" value=\"https:\/\/vistulahospitality.edu.pl\/en\/student\/student-affairs\">Student affairs<\/option>\n                                                 \n               \n                        \n                                       \n                <option class=\"\" value=\"https:\/\/vistulahospitality.edu.pl\/en\/student\/international-student\">International student<\/option>\n                                                 \n               \n                        \n                                       \n                <option class=\"\" value=\"https:\/\/vistulahospitality.edu.pl\/en\/student\/student-interships\">Student internships<\/option>\n                                                 \n               \n                        \n                                       \n                <option class=\"\" value=\"https:\/\/vistulahospitality.edu.pl\/en\/student\/erasmus\">Erasmus+<\/option>\n                                                 \n               \n                        \n                                       \n                <option class=\"\" value=\"https:\/\/vistulahospitality.edu.pl\/en\/student\/foreign-languages-centre\">Foreign Languages Centre<\/option>\n                                                 \n               \n                        \n                                       \n                <option class=\"\" value=\"https:\/\/vistulahospitality.edu.pl\/en\/student\/physical-education-and-sport\">Physical Education and Sport<\/option>\n                                                 \n               \n                        \n                                       \n                <option class=\"\" value=\"https:\/\/vistulahospitality.edu.pl\/en\/student\/get-involved\">Get involved<\/option>\n                                                 \n               \n                        \n                                       \n                <option class=\"\" value=\"https:\/\/vistulahospitality.edu.pl\/en\/student\/library\">Library<\/option>\n                                                 \n               \n                        \n                                       \n                <option class=\"\" value=\"https:\/\/vistulahospitality.edu.pl\/en\/student\/students-with-disabilities\">Students with disabilities<\/option>\n                                                 \n               \n                        \n                                       \n                <option class=\"\" value=\"https:\/\/vistulahospitality.edu.pl\/en\/student\/stay-safe-at-vistula\">Stay Safe at Vistula<\/option>\n                                                 \n               \n                        \n                                       \n                <option class=\"\" value=\"https:\/\/vistulahospitality.edu.pl\/student\/student-benefits\">Student Benefits<\/option>\n                    <\/select>\n                    <\/div>\n    <\/label>\n<\/div>\n<\/div>\n\n        <\/div>\n              <\/div>\n      \n    <\/div>\n  <\/div>\n      <div class=\"o-flex o-flex--centered u-margin-top-huge u-hidden@less-then-medium\">\n      <a href=\"https:\/\/vistulahospitality.edu.pl\/en\/student\/student-affairs\" class=\"c-button c-button--primary\">Return to browsing<\/a>\n          <\/div>\n  <\/section>\n","protected":false},"excerpt":{"rendered":"","protected":false},"author":1,"featured_media":33901,"parent":8422,"menu_order":150,"comment_status":"closed","ping_status":"closed","template":"","meta":{"_acf_changed":false,"inline_featured_image":false,"footnotes":""},"class_list":["post-10138","page","type-page","status-publish","has-post-thumbnail","hentry"],"acf":[],"yoast_head":"<!-- This site is optimized with the Yoast SEO plugin v26.7 - https:\/\/yoast.com\/wordpress\/plugins\/seo\/ -->\n<title>JobDay 2017 - Vistula School of Hospitality<\/title>\n<meta name=\"robots\" content=\"index, follow, max-snippet:-1, max-image-preview:large, max-video-preview:-1\" \/>\n<link rel=\"canonical\" href=\"https:\/\/vistulahospitality.edu.pl\/en\/student\/student-affairs\/jobday-2017\" \/>\n<meta property=\"og:locale\" content=\"en_US\" \/>\n<meta property=\"og:type\" content=\"article\" \/>\n<meta property=\"og:title\" content=\"JobDay 2017 - Vistula School of Hospitality\" \/>\n<meta property=\"og:url\" content=\"https:\/\/vistulahospitality.edu.pl\/en\/student\/student-affairs\/jobday-2017\" \/>\n<meta property=\"og:site_name\" content=\"Vistula School of Hospitality\" \/>\n<meta property=\"article:modified_time\" content=\"2022-11-30T15:14:43+00:00\" \/>\n<meta property=\"og:image\" content=\"https:\/\/vistulahospitality.edu.pl\/wp-content\/uploads\/sites\/3\/2022\/03\/rawpixel-626044-unsplash-565x278-1.jpeg\" \/>\n\t<meta property=\"og:image:width\" content=\"565\" \/>\n\t<meta property=\"og:image:height\" content=\"278\" \/>\n\t<meta property=\"og:image:type\" content=\"image\/jpeg\" \/>\n<meta name=\"twitter:card\" content=\"summary_large_image\" \/>\n<script type=\"application\/ld+json\" class=\"yoast-schema-graph\">{\"@context\":\"https:\/\/schema.org\",\"@graph\":[{\"@type\":\"WebPage\",\"@id\":\"https:\/\/vistulahospitality.edu.pl\/en\/student\/student-affairs\/jobday-2017\",\"url\":\"https:\/\/vistulahospitality.edu.pl\/en\/student\/student-affairs\/jobday-2017\",\"name\":\"JobDay 2017 - Vistula School of Hospitality\",\"isPartOf\":{\"@id\":\"https:\/\/vistulahospitality.edu.pl\/en#website\"},\"primaryImageOfPage\":{\"@id\":\"https:\/\/vistulahospitality.edu.pl\/en\/student\/student-affairs\/jobday-2017#primaryimage\"},\"image\":{\"@id\":\"https:\/\/vistulahospitality.edu.pl\/en\/student\/student-affairs\/jobday-2017#primaryimage\"},\"thumbnailUrl\":\"https:\/\/vistulahospitality.edu.pl\/wp-content\/uploads\/sites\/3\/2022\/03\/rawpixel-626044-unsplash-565x278-1.jpeg\",\"datePublished\":\"2022-01-30T12:16:25+00:00\",\"dateModified\":\"2022-11-30T15:14:43+00:00\",\"breadcrumb\":{\"@id\":\"https:\/\/vistulahospitality.edu.pl\/en\/student\/student-affairs\/jobday-2017#breadcrumb\"},\"inLanguage\":\"en-US\",\"potentialAction\":[{\"@type\":\"ReadAction\",\"target\":[\"https:\/\/vistulahospitality.edu.pl\/en\/student\/student-affairs\/jobday-2017\"]}]},{\"@type\":\"ImageObject\",\"inLanguage\":\"en-US\",\"@id\":\"https:\/\/vistulahospitality.edu.pl\/en\/student\/student-affairs\/jobday-2017#primaryimage\",\"url\":\"https:\/\/vistulahospitality.edu.pl\/wp-content\/uploads\/sites\/3\/2022\/03\/rawpixel-626044-unsplash-565x278-1.jpeg\",\"contentUrl\":\"https:\/\/vistulahospitality.edu.pl\/wp-content\/uploads\/sites\/3\/2022\/03\/rawpixel-626044-unsplash-565x278-1.jpeg\",\"width\":565,\"height\":278},{\"@type\":\"BreadcrumbList\",\"@id\":\"https:\/\/vistulahospitality.edu.pl\/en\/student\/student-affairs\/jobday-2017#breadcrumb\",\"itemListElement\":[{\"@type\":\"ListItem\",\"position\":1,\"name\":\"Home\",\"item\":\"https:\/\/vistulahospitality.edu.pl\/en\"},{\"@type\":\"ListItem\",\"position\":2,\"name\":\"Student\",\"item\":\"https:\/\/vistulahospitality.edu.pl\/en\/student\"},{\"@type\":\"ListItem\",\"position\":3,\"name\":\"Student affairs\",\"item\":\"https:\/\/vistulahospitality.edu.pl\/en\/student\/student-affairs\"},{\"@type\":\"ListItem\",\"position\":4,\"name\":\"JobDay 2017\"}]},{\"@type\":\"WebSite\",\"@id\":\"https:\/\/vistulahospitality.edu.pl\/en#website\",\"url\":\"https:\/\/vistulahospitality.edu.pl\/en\",\"name\":\"Vistula School of Hospitality\",\"description\":\"Szko\u0142a G\u0142\u00f3wna Turystyki i Hotelarstwa Vistula\",\"publisher\":{\"@id\":\"https:\/\/vistulahospitality.edu.pl\/en#organization\"},\"potentialAction\":[{\"@type\":\"SearchAction\",\"target\":{\"@type\":\"EntryPoint\",\"urlTemplate\":\"https:\/\/vistulahospitality.edu.pl\/en?s={search_term_string}\"},\"query-input\":{\"@type\":\"PropertyValueSpecification\",\"valueRequired\":true,\"valueName\":\"search_term_string\"}}],\"inLanguage\":\"en-US\"},{\"@type\":\"Organization\",\"@id\":\"https:\/\/vistulahospitality.edu.pl\/en#organization\",\"name\":\"Vistula School of Hospitality\",\"url\":\"https:\/\/vistulahospitality.edu.pl\/en\",\"logo\":{\"@type\":\"ImageObject\",\"inLanguage\":\"en-US\",\"@id\":\"https:\/\/vistulahospitality.edu.pl\/en#\/schema\/logo\/image\/\",\"url\":\"https:\/\/vistulahospitality.edu.pl\/wp-content\/uploads\/sites\/3\/2022\/02\/logo_sgtih_en.svg\",\"contentUrl\":\"https:\/\/vistulahospitality.edu.pl\/wp-content\/uploads\/sites\/3\/2022\/02\/logo_sgtih_en.svg\",\"width\":53,\"height\":60,\"caption\":\"Vistula School of Hospitality\"},\"image\":{\"@id\":\"https:\/\/vistulahospitality.edu.pl\/en#\/schema\/logo\/image\/\"}}]}<\/script>\n<!-- \/ Yoast SEO plugin. -->","yoast_head_json":{"title":"JobDay 2017 - Vistula School of Hospitality","robots":{"index":"index","follow":"follow","max-snippet":"max-snippet:-1","max-image-preview":"max-image-preview:large","max-video-preview":"max-video-preview:-1"},"canonical":"https:\/\/vistulahospitality.edu.pl\/en\/student\/student-affairs\/jobday-2017","og_locale":"en_US","og_type":"article","og_title":"JobDay 2017 - Vistula School of Hospitality","og_url":"https:\/\/vistulahospitality.edu.pl\/en\/student\/student-affairs\/jobday-2017","og_site_name":"Vistula School of Hospitality","article_modified_time":"2022-11-30T15:14:43+00:00","og_image":[{"width":565,"height":278,"url":"https:\/\/vistulahospitality.edu.pl\/wp-content\/uploads\/sites\/3\/2022\/03\/rawpixel-626044-unsplash-565x278-1.jpeg","type":"image\/jpeg"}],"twitter_card":"summary_large_image","schema":{"@context":"https:\/\/schema.org","@graph":[{"@type":"WebPage","@id":"https:\/\/vistulahospitality.edu.pl\/en\/student\/student-affairs\/jobday-2017","url":"https:\/\/vistulahospitality.edu.pl\/en\/student\/student-affairs\/jobday-2017","name":"JobDay 2017 - Vistula School of Hospitality","isPartOf":{"@id":"https:\/\/vistulahospitality.edu.pl\/en#website"},"primaryImageOfPage":{"@id":"https:\/\/vistulahospitality.edu.pl\/en\/student\/student-affairs\/jobday-2017#primaryimage"},"image":{"@id":"https:\/\/vistulahospitality.edu.pl\/en\/student\/student-affairs\/jobday-2017#primaryimage"},"thumbnailUrl":"https:\/\/vistulahospitality.edu.pl\/wp-content\/uploads\/sites\/3\/2022\/03\/rawpixel-626044-unsplash-565x278-1.jpeg","datePublished":"2022-01-30T12:16:25+00:00","dateModified":"2022-11-30T15:14:43+00:00","breadcrumb":{"@id":"https:\/\/vistulahospitality.edu.pl\/en\/student\/student-affairs\/jobday-2017#breadcrumb"},"inLanguage":"en-US","potentialAction":[{"@type":"ReadAction","target":["https:\/\/vistulahospitality.edu.pl\/en\/student\/student-affairs\/jobday-2017"]}]},{"@type":"ImageObject","inLanguage":"en-US","@id":"https:\/\/vistulahospitality.edu.pl\/en\/student\/student-affairs\/jobday-2017#primaryimage","url":"https:\/\/vistulahospitality.edu.pl\/wp-content\/uploads\/sites\/3\/2022\/03\/rawpixel-626044-unsplash-565x278-1.jpeg","contentUrl":"https:\/\/vistulahospitality.edu.pl\/wp-content\/uploads\/sites\/3\/2022\/03\/rawpixel-626044-unsplash-565x278-1.jpeg","width":565,"height":278},{"@type":"BreadcrumbList","@id":"https:\/\/vistulahospitality.edu.pl\/en\/student\/student-affairs\/jobday-2017#breadcrumb","itemListElement":[{"@type":"ListItem","position":1,"name":"Home","item":"https:\/\/vistulahospitality.edu.pl\/en"},{"@type":"ListItem","position":2,"name":"Student","item":"https:\/\/vistulahospitality.edu.pl\/en\/student"},{"@type":"ListItem","position":3,"name":"Student affairs","item":"https:\/\/vistulahospitality.edu.pl\/en\/student\/student-affairs"},{"@type":"ListItem","position":4,"name":"JobDay 2017"}]},{"@type":"WebSite","@id":"https:\/\/vistulahospitality.edu.pl\/en#website","url":"https:\/\/vistulahospitality.edu.pl\/en","name":"Vistula School of Hospitality","description":"Szko\u0142a G\u0142\u00f3wna Turystyki i Hotelarstwa Vistula","publisher":{"@id":"https:\/\/vistulahospitality.edu.pl\/en#organization"},"potentialAction":[{"@type":"SearchAction","target":{"@type":"EntryPoint","urlTemplate":"https:\/\/vistulahospitality.edu.pl\/en?s={search_term_string}"},"query-input":{"@type":"PropertyValueSpecification","valueRequired":true,"valueName":"search_term_string"}}],"inLanguage":"en-US"},{"@type":"Organization","@id":"https:\/\/vistulahospitality.edu.pl\/en#organization","name":"Vistula School of Hospitality","url":"https:\/\/vistulahospitality.edu.pl\/en","logo":{"@type":"ImageObject","inLanguage":"en-US","@id":"https:\/\/vistulahospitality.edu.pl\/en#\/schema\/logo\/image\/","url":"https:\/\/vistulahospitality.edu.pl\/wp-content\/uploads\/sites\/3\/2022\/02\/logo_sgtih_en.svg","contentUrl":"https:\/\/vistulahospitality.edu.pl\/wp-content\/uploads\/sites\/3\/2022\/02\/logo_sgtih_en.svg","width":53,"height":60,"caption":"Vistula School of Hospitality"},"image":{"@id":"https:\/\/vistulahospitality.edu.pl\/en#\/schema\/logo\/image\/"}}]}},"_links":{"self":[{"href":"https:\/\/vistulahospitality.edu.pl\/en\/wp-json\/wp\/v2\/pages\/10138","targetHints":{"allow":["GET"]}}],"collection":[{"href":"https:\/\/vistulahospitality.edu.pl\/en\/wp-json\/wp\/v2\/pages"}],"about":[{"href":"https:\/\/vistulahospitality.edu.pl\/en\/wp-json\/wp\/v2\/types\/page"}],"author":[{"embeddable":true,"href":"https:\/\/vistulahospitality.edu.pl\/en\/wp-json\/wp\/v2\/users\/1"}],"replies":[{"embeddable":true,"href":"https:\/\/vistulahospitality.edu.pl\/en\/wp-json\/wp\/v2\/comments?post=10138"}],"version-history":[{"count":0,"href":"https:\/\/vistulahospitality.edu.pl\/en\/wp-json\/wp\/v2\/pages\/10138\/revisions"}],"up":[{"embeddable":true,"href":"https:\/\/vistulahospitality.edu.pl\/en\/wp-json\/wp\/v2\/pages\/8422"}],"wp:featuredmedia":[{"embeddable":true,"href":"https:\/\/vistulahospitality.edu.pl\/en\/wp-json\/wp\/v2\/media\/33901"}],"wp:attachment":[{"href":"https:\/\/vistulahospitality.edu.pl\/en\/wp-json\/wp\/v2\/media?parent=10138"}],"curies":[{"name":"wp","href":"https:\/\/api.w.org\/{rel}","templated":true}]}}